{"id":41972,"date":"2026-01-26T11:22:23","date_gmt":"2026-01-26T11:22:23","guid":{"rendered":"https:\/\/shop.szblind.ch\/produkt\/kunststoffspitze-8\/"},"modified":"2026-04-15T09:05:23","modified_gmt":"2026-04-15T09:05:23","slug":"pointe-en-plastique-8","status":"publish","type":"product","link":"https:\/\/shop.szblind.ch\/fr\/produkt\/kunststoffspitze-8\/","title":{"rendered":"Pointe de stylo Ambutech 8 mm filetage, MT5050"},"content":{"rendered":"<div class='html translation-block'>\n<p class=\"attachment\"><a href='https:\/\/shop.szblind.ch\/wp-content\/uploads\/2025\/12\/619_3_1_09_350_g.jpg'><img loading=\"lazy\" width=\"300\" height=\"192\" src=\"https:\/\/shop.szblind.ch\/wp-content\/uploads\/2025\/12\/619_3_1_09_350_g-300x192.jpg\" class=\"attachment-medium size-medium\" alt=\"09_350_g.jpg\" \/><\/a><\/p>\n<p><span style=\"font-family:Frutiger LT 55 Roman;font-size:15px\">Recommand\u00e9 aux personnes atteintes de c\u00e9cit\u00e9, de malvoyance ou de surdic\u00e9cit\u00e9<\/span><\/p>\n<p><span style=\"font-family:Frutiger LT 55 Roman;font-size:15px\">T\u00eate de stylo pour la technique de frappe<\/span><\/p>\n<p><span style=\"font-family:Frutiger LT 55 Roman;font-size:15px\">Particularit\u00e9s:<\/span><\/p>\n<p><span style=\"font-family:Frutiger LT 55 Roman;font-size:15px\">- Blanc<\/span><\/p>\n<p><span style=\"font-family:Frutiger LT 55 Roman;font-size:15px\">- Financement IV possible<\/span><\/p>\n<p><span style=\"font-weight:bold;font-family:Frutiger LT 55 Roman;font-size:18px\">Description:<\/span><\/p>\n<p><span style=\"font-family:Frutiger LT 55 Roman;font-size:15px\">Couleur : blanc<\/span><\/p>\n<p><span style=\"font-family:Frutiger LT 55 Roman;font-size:15px\">Poids : 8 grammes<\/span><\/p>\n<p><span style=\"font-family:Frutiger LT 55 Roman;font-size:15px\">Taille : 18 mm de diam\u00e8tre<\/span><\/p>\n<p><span style=\"font-family:Frutiger LT 55 Roman;font-size:15px\">Pour les b\u00e2tons suivants : B\u00e2tons longs avec filetage<\/span><\/p>\n<p><span style=\"font-family:Frutiger LT 55 Roman;font-size:15px\">Syst\u00e8me de pointes : filet\u00e9es<\/span><\/p>\n<p><span style=\"font-family:Frutiger LT 55 Roman;font-size:15px\">Mat\u00e9riau : plastique<\/span><\/p>\n<p><span style=\"font-family:Frutiger LT 55 Roman;font-size:15px\">Syst\u00e8me de mobilit\u00e9 : \u00e0 t\u00e2tons<\/span><\/p>\n<\/p>\n<\/div>","protected":false},"excerpt":{"rendered":"<p>Rolling Ball Tip, blanc, Eyelet Style<\/p>","protected":false},"featured_media":4343,"comment_status":"open","ping_status":"closed","template":"","meta":{"_acf_changed":false},"product_brand":[],"product_cat":[747,861],"product_tag":[],"class_list":{"0":"post-41972","1":"product","2":"type-product","3":"status-publish","4":"has-post-thumbnail","6":"product_cat-0mobilitt","7":"product_cat-747zubehr-langstcke","9":"first","10":"instock","11":"taxable","12":"shipping-taxable","13":"purchasable","14":"product-type-simple"},"acf":[],"_links":{"self":[{"href":"https:\/\/shop.szblind.ch\/fr\/wp-json\/wp\/v2\/product\/41972","targetHints":{"allow":["GET"]}}],"collection":[{"href":"https:\/\/shop.szblind.ch\/fr\/wp-json\/wp\/v2\/product"}],"about":[{"href":"https:\/\/shop.szblind.ch\/fr\/wp-json\/wp\/v2\/types\/product"}],"replies":[{"embeddable":true,"href":"https:\/\/shop.szblind.ch\/fr\/wp-json\/wp\/v2\/comments?post=41972"}],"wp:featuredmedia":[{"embeddable":true,"href":"https:\/\/shop.szblind.ch\/fr\/wp-json\/wp\/v2\/media\/4343"}],"wp:attachment":[{"href":"https:\/\/shop.szblind.ch\/fr\/wp-json\/wp\/v2\/media?parent=41972"}],"wp:term":[{"taxonomy":"product_brand","embeddable":true,"href":"https:\/\/shop.szblind.ch\/fr\/wp-json\/wp\/v2\/product_brand?post=41972"},{"taxonomy":"product_cat","embeddable":true,"href":"https:\/\/shop.szblind.ch\/fr\/wp-json\/wp\/v2\/product_cat?post=41972"},{"taxonomy":"product_tag","embeddable":true,"href":"https:\/\/shop.szblind.ch\/fr\/wp-json\/wp\/v2\/product_tag?post=41972"}],"curies":[{"name":"wp","href":"https:\/\/api.w.org\/{rel}","templated":true}]}}