{"id":41976,"date":"2026-01-26T11:22:34","date_gmt":"2026-01-26T11:22:34","guid":{"rendered":"https:\/\/shop.szblind.ch\/produkt\/sehtests-lh-2516-puzzle\/"},"modified":"2026-04-15T09:05:31","modified_gmt":"2026-04-15T09:05:31","slug":"sehtests-lh-2516-puzzle","status":"publish","type":"product","link":"https:\/\/shop.szblind.ch\/fr\/produkt\/sehtests-lh-2516-puzzle\/","title":{"rendered":"LH 2516 Puzzle 3D en couleur"},"content":{"rendered":"<div class='html translation-block'>\n<p class=\"attachment\"><a href='https:\/\/shop.szblind.ch\/wp-content\/uploads\/2025\/12\/624_0_1_01_841.jpg'><img loading=\"lazy\" width=\"300\" height=\"192\" src=\"https:\/\/shop.szblind.ch\/wp-content\/uploads\/2025\/12\/624_0_1_01_841-300x192.jpg\" class=\"attachment-medium size-medium\" alt=\"01_841.jpg\" \/><\/a><\/p>\n<p><span style=\"font-family:Arial;font-size:14px;color:#000000\">Le puzzle LEA convient \u00e0 la stimulation et \u00e0 l'\u00e9valuation des jeunes enfants et des personnes atteintes de d\u00e9ficience intellectuelle.<\/span><\/p>\n<p><span style=\"font-family:Arial;font-size:14px;color:#000000\">Recto : vert avec 4 formes en orange, bleu, jaune et rouge<\/span><\/p>\n<p><span style=\"font-family:Arial;font-size:14px;color:#000000\">Verso : blanc avec des formes bord\u00e9es de noir<\/span><\/p>\n<p><span style=\"font-family:Arial;font-size:14px;color:#000000\">Format : 17 x 17 cm<\/span><\/p>\n<\/p>\n<\/div>","protected":false},"excerpt":{"rendered":"<p>LH 2516 Puzzle 3D en couleur<\/p>","protected":false},"featured_media":41163,"comment_status":"open","ping_status":"closed","template":"","meta":{"_acf_changed":false},"product_brand":[],"product_cat":[806,756],"product_tag":[],"class_list":{"0":"post-41976","1":"product","2":"type-product","3":"status-publish","4":"has-post-thumbnail","6":"product_cat-756abklrungsmaterial","7":"product_cat-0low-vision-produkte","9":"first","10":"instock","11":"taxable","12":"shipping-taxable","13":"purchasable","14":"product-type-simple"},"acf":[],"_links":{"self":[{"href":"https:\/\/shop.szblind.ch\/fr\/wp-json\/wp\/v2\/product\/41976","targetHints":{"allow":["GET"]}}],"collection":[{"href":"https:\/\/shop.szblind.ch\/fr\/wp-json\/wp\/v2\/product"}],"about":[{"href":"https:\/\/shop.szblind.ch\/fr\/wp-json\/wp\/v2\/types\/product"}],"replies":[{"embeddable":true,"href":"https:\/\/shop.szblind.ch\/fr\/wp-json\/wp\/v2\/comments?post=41976"}],"wp:featuredmedia":[{"embeddable":true,"href":"https:\/\/shop.szblind.ch\/fr\/wp-json\/wp\/v2\/media\/41163"}],"wp:attachment":[{"href":"https:\/\/shop.szblind.ch\/fr\/wp-json\/wp\/v2\/media?parent=41976"}],"wp:term":[{"taxonomy":"product_brand","embeddable":true,"href":"https:\/\/shop.szblind.ch\/fr\/wp-json\/wp\/v2\/product_brand?post=41976"},{"taxonomy":"product_cat","embeddable":true,"href":"https:\/\/shop.szblind.ch\/fr\/wp-json\/wp\/v2\/product_cat?post=41976"},{"taxonomy":"product_tag","embeddable":true,"href":"https:\/\/shop.szblind.ch\/fr\/wp-json\/wp\/v2\/product_tag?post=41976"}],"curies":[{"name":"wp","href":"https:\/\/api.w.org\/{rel}","templated":true}]}}