{"id":41986,"date":"2026-01-26T11:22:55","date_gmt":"2026-01-26T11:22:55","guid":{"rendered":"https:\/\/shop.szblind.ch\/produkt\/ersatz-praegescheibe\/"},"modified":"2026-04-15T09:06:15","modified_gmt":"2026-04-15T09:06:15","slug":"disque-de-praege-de-rechange","status":"publish","type":"product","link":"https:\/\/shop.szblind.ch\/fr\/produkt\/ersatz-praegescheibe\/","title":{"rendered":"Disque de s&eacute;lection braille"},"content":{"rendered":"<div class='html translation-block'>\n<p class=\"attachment\"><a href='https:\/\/shop.szblind.ch\/wp-content\/uploads\/2025\/12\/651_3_1_03_889_g.jpg'><img loading=\"lazy\" width=\"300\" height=\"192\" src=\"https:\/\/shop.szblind.ch\/wp-content\/uploads\/2025\/12\/651_3_1_03_889_g-300x192.jpg\" class=\"attachment-medium size-medium\" alt=\"03_889_g.jpg\" \/><\/a><\/p>\n<p><span style=\"font-family:Frutiger Neue 1450 Pro Regular;font-size:16px\">Recommand\u00e9 aux personnes atteintes de c\u00e9cit\u00e9, de d\u00e9ficience visuelle ou de surdic\u00e9cit\u00e9<\/span><\/p>\n<p><span style=\"font-weight:bold;font-size:19px\">Sp\u00e9cificit\u00e9s:<\/span><\/p>\n<p><span>- Pour la pince \u00e0 gaufrer n\u00b0 04.780<\/span><\/p>\n<p><span style=\"font-weight:bold;font-size:19px\">Description:<\/span><\/p>\n<p><span style=\"font-weight:bold;font-family:Frutiger Neue 1450 Pro Regular;font-size:16px\">Dimensions : <\/span><span style=\"font-family:Frutiger Neue 1450 Pro Regular;font-size:16px\">10 x 2.3 cm<\/span><\/p>\n<p><span style=\"font-weight:bold;font-family:Frutiger Neue 1450 Pro Regular;font-size:16px\">Diam\u00e8tre du disque : <\/span><span style=\"font-family:Frutiger Neue 1450 Pro Regular;font-size:16px\">10 cm<\/span><\/p>\n<p><span style=\"font-weight:bold;font-family:Frutiger Neue 1450 Pro Regular;font-size:16px\">Couleur : <\/span><span style=\"font-family:Frutiger Neue 1450 Pro Regular;font-size:16px\">noir et blanc<\/span><\/p>.\n<p><span style=\"font-weight:bold;font-family:Frutiger Neue 1450 Pro Regular;font-size:16px\">Poids :<\/span><span style=\"font-family:Frutiger Neue 1450 Pro Regular;font-size:16px\"> 65 grammes<\/span><\/p>\n<p><span style=\"font-weight:bold;font-family:Frutiger Neue 1450 Pro Regular;font-size:16px\">Mat\u00e9riel : <\/span><span style=\"font-family:Frutiger Neue 1450 Pro Regular;font-size:16px\">Plastique<\/span><\/p>\n<\/p>\n<\/div>","protected":false},"excerpt":{"rendered":"<p>Disque de s&eacute;lection braille<\/p>","protected":false},"featured_media":4380,"comment_status":"open","ping_status":"closed","template":"","meta":{"_acf_changed":false},"product_brand":[],"product_cat":[751,778],"product_tag":[],"class_list":{"0":"post-41986","1":"product","2":"type-product","3":"status-publish","4":"has-post-thumbnail","6":"product_cat-0blindenschrift","7":"product_cat-751zubehr-diverses","9":"first","10":"instock","11":"taxable","12":"shipping-taxable","13":"purchasable","14":"product-type-simple"},"acf":[],"_links":{"self":[{"href":"https:\/\/shop.szblind.ch\/fr\/wp-json\/wp\/v2\/product\/41986","targetHints":{"allow":["GET"]}}],"collection":[{"href":"https:\/\/shop.szblind.ch\/fr\/wp-json\/wp\/v2\/product"}],"about":[{"href":"https:\/\/shop.szblind.ch\/fr\/wp-json\/wp\/v2\/types\/product"}],"replies":[{"embeddable":true,"href":"https:\/\/shop.szblind.ch\/fr\/wp-json\/wp\/v2\/comments?post=41986"}],"wp:featuredmedia":[{"embeddable":true,"href":"https:\/\/shop.szblind.ch\/fr\/wp-json\/wp\/v2\/media\/4380"}],"wp:attachment":[{"href":"https:\/\/shop.szblind.ch\/fr\/wp-json\/wp\/v2\/media?parent=41986"}],"wp:term":[{"taxonomy":"product_brand","embeddable":true,"href":"https:\/\/shop.szblind.ch\/fr\/wp-json\/wp\/v2\/product_brand?post=41986"},{"taxonomy":"product_cat","embeddable":true,"href":"https:\/\/shop.szblind.ch\/fr\/wp-json\/wp\/v2\/product_cat?post=41986"},{"taxonomy":"product_tag","embeddable":true,"href":"https:\/\/shop.szblind.ch\/fr\/wp-json\/wp\/v2\/product_tag?post=41986"}],"curies":[{"name":"wp","href":"https:\/\/api.w.org\/{rel}","templated":true}]}}