{"id":41995,"date":"2026-01-26T11:23:12","date_gmt":"2026-01-26T11:23:12","guid":{"rendered":"https:\/\/shop.szblind.ch\/produkt\/fix-fuer-whitecane\/"},"modified":"2026-04-15T09:06:45","modified_gmt":"2026-04-15T09:06:45","slug":"fixe-pour-whitecane","status":"publish","type":"product","link":"https:\/\/shop.szblind.ch\/fr\/produkt\/fix-fuer-whitecane\/","title":{"rendered":"FIX  pour Whitecane"},"content":{"rendered":"<div class='html translation-block'>\n<p class=\"attachment\"><a href='https:\/\/shop.szblind.ch\/wp-content\/uploads\/2025\/12\/af7bf353-76e7-0af1-7525-51bbac443fa0_01_010_g.jpg'><img loading=\"lazy\" width=\"300\" height=\"192\" src=\"https:\/\/shop.szblind.ch\/wp-content\/uploads\/2025\/12\/af7bf353-76e7-0af1-7525-51bbac443fa0_01_010_g-300x192.jpg\" class=\"attachment-medium size-medium\" alt=\"01_010_g.jpg\" \/><\/a><\/p>\n<p><span style=\"font-family:Frutiger Neue 1450 Pro Regular;font-size:15px\">Recommand\u00e9 pour les personnes atteintes de c\u00e9cit\u00e9, de d\u00e9ficience visuelle et de surdic\u00e9cit\u00e9.<\/span><\/p>\n<p><span style=\"font-family:Frutiger Neue 1450 Pro Regular;font-size:15px\">FIX est un \u00e9l\u00e9ment de fixation optionnel pour les pointes rotatives GEO. Il relie les inserts rotatifs GEO de mani\u00e8re stable et s\u00fbre \u00e0 la canne IO blanche et emp\u00eache ainsi un d\u00e9tachement spontan\u00e9 et involontaire des pointes.<\/span><\/p>\n<p><span style=\"font-weight:bold;font-family:Frutiger Neue 1450 Pro Regular;font-size:15px\">Description:<\/span><\/p>\n<p><span style=\"font-weight:bold;font-family:Frutiger Neue 1450 Pro Regular;font-size:15px\">\u25cf Couleur:<\/span><span style=\"font-family:Frutiger Neue 1450 Pro Regular;font-size:15px\"> jaune<\/span><\/p>\n<p><span style=\"font-weight:bold;font-family:Frutiger Neue 1450 Pro Regular;font-size:15px\">\u25cf Dimensions:<\/span><span style=\"font-family:Frutiger Neue 1450 Pro Regular;font-size:15px\"> 7 mm x 4 mm<\/span><\/p>\n<p><span style=\"font-weight:bold;font-family:Frutiger Neue 1450 Pro Regular;font-size:15px\">\u25cf Poids:<\/span><span style=\"font-family:Frutiger Neue 1450 Pro Regular;font-size:15px\"> 0 gramme<\/span><\/p>\n<p><span style=\"font-weight:bold;font-family:Frutiger Neue 1450 Pro Regular;font-size:15px\">\u25cf Mat\u00e9riau:<\/span><span style=\"font-family:Frutiger Neue 1450 Pro Regular;font-size:15px\"> Plastique<\/span><\/p>\n<\/p>\n<\/div>","protected":false},"excerpt":{"rendered":"<p>FIX  pour Whitecane<\/p>","protected":false},"featured_media":4409,"comment_status":"open","ping_status":"closed","template":"","meta":{"_acf_changed":false},"product_brand":[],"product_cat":[747,861],"product_tag":[],"class_list":{"0":"post-41995","1":"product","2":"type-product","3":"status-publish","4":"has-post-thumbnail","6":"product_cat-0mobilitt","7":"product_cat-747zubehr-langstcke","9":"first","10":"instock","11":"taxable","12":"shipping-taxable","13":"purchasable","14":"product-type-simple"},"acf":[],"_links":{"self":[{"href":"https:\/\/shop.szblind.ch\/fr\/wp-json\/wp\/v2\/product\/41995","targetHints":{"allow":["GET"]}}],"collection":[{"href":"https:\/\/shop.szblind.ch\/fr\/wp-json\/wp\/v2\/product"}],"about":[{"href":"https:\/\/shop.szblind.ch\/fr\/wp-json\/wp\/v2\/types\/product"}],"replies":[{"embeddable":true,"href":"https:\/\/shop.szblind.ch\/fr\/wp-json\/wp\/v2\/comments?post=41995"}],"wp:featuredmedia":[{"embeddable":true,"href":"https:\/\/shop.szblind.ch\/fr\/wp-json\/wp\/v2\/media\/4409"}],"wp:attachment":[{"href":"https:\/\/shop.szblind.ch\/fr\/wp-json\/wp\/v2\/media?parent=41995"}],"wp:term":[{"taxonomy":"product_brand","embeddable":true,"href":"https:\/\/shop.szblind.ch\/fr\/wp-json\/wp\/v2\/product_brand?post=41995"},{"taxonomy":"product_cat","embeddable":true,"href":"https:\/\/shop.szblind.ch\/fr\/wp-json\/wp\/v2\/product_cat?post=41995"},{"taxonomy":"product_tag","embeddable":true,"href":"https:\/\/shop.szblind.ch\/fr\/wp-json\/wp\/v2\/product_tag?post=41995"}],"curies":[{"name":"wp","href":"https:\/\/api.w.org\/{rel}","templated":true}]}}