{"id":42002,"date":"2026-01-26T11:23:25","date_gmt":"2026-01-26T11:23:25","guid":{"rendered":"https:\/\/shop.szblind.ch\/produkt\/markierungspunkte-3\/"},"modified":"2026-04-15T09:07:00","modified_gmt":"2026-04-15T09:07:00","slug":"points-de-repere-3","status":"publish","type":"product","link":"https:\/\/shop.szblind.ch\/fr\/produkt\/markierungspunkte-3\/","title":{"rendered":"Points de rep\u00e8re, 3 mm orange, plastique"},"content":{"rendered":"<div class='html translation-block'>\n<p class=\"attachment\"><a href='https:\/\/shop.szblind.ch\/wp-content\/uploads\/2026\/01\/681_3_1_01_831_m-1.jpg'><img loading=\"lazy\" width=\"300\" height=\"192\" src=\"https:\/\/shop.szblind.ch\/wp-content\/uploads\/2026\/01\/681_3_1_01_831_m-1-300x192.jpg\" class=\"attachment-medium size-medium\" alt=\"01_831_M.jpg\" \/><\/a><\/p>\n<p><span style=\"font-family:Frutiger Neue 1450 Pro Regular;font-size:16px;color:#000000\">Recommand\u00e9 aux personnes souffrant de c\u00e9cit\u00e9, de d\u00e9ficience visuelle ou de surdic\u00e9cit\u00e9<\/span><\/p>.\n<\/p>\n<p><span style=\"font-family:Frutiger Neue 1450 Pro Regular;font-size:16px;color:#000000\">Popularit\u00e9 du produit : Best-seller<\/span><\/p>\n<p><span>Maniement : simple<\/span><\/p>\n<p><span style=\"font-weight:bold;font-size:19px\">Sp\u00e9cificit\u00e9s:<\/span><\/p>\n<p><span>- Points discrets mais bien marqu\u00e9s<\/span><\/p>\n<p><span>- Permet de marquer ou d'identifier diff\u00e9rents objets (r\u00e9cipients, interrupteurs, appareils ...)<\/span><\/p>\n<p><span>- Adh\u00e8re \u00e0 tous types de surfaces (verre, plastique, m\u00e9tal, etc.).<\/span><\/p>\n<p><span style=\"font-weight:bold;font-size:19px\">Description:<\/span><\/p>\n<p><span style=\"font-weight:bold;font-family:Frutiger Neue 1450 Pro Regular;font-size:16px;color:#000000\">Dimensions:<\/span><span style=\"font-family:Frutiger Neue 1450 Pro Regular;font-size:16px;color:#000000\"> 3 mm de diam\u00e8tre, 1 mm d'\u00e9paisseur<\/span><\/p>\n<p><span style=\"font-weight:bold;font-family:Frutiger Neue 1450 Pro Regular;font-size:16px;color:#000000\">Couleur : <\/span><span style=\"font-family:Frutiger Neue 1450 Pro Regular;font-size:16px;color:#000000\">orange<\/span><\/p>.\n<p><span style=\"font-weight:bold;font-family:Frutiger Neue 1450 Pro Regular;font-size:16px;color:#000000\">Mat\u00e9riel : <\/span><span style=\"font-family:Frutiger Neue 1450 Pro Regular;font-size:16px;color:#000000\">Plastique<\/span><\/p>.\n<p><span style=\"font-weight:bold;font-family:Frutiger Neue 1450 Pro Regular;font-size:16px;color:#000000\">Quantit\u00e9 : <\/span><span style=\"font-family:Frutiger Neue 1450 Pro Regular;font-size:16px;color:#000000\">5 feuilles de 6 pcs, 30 pcs.<\/span><\/p>\n<\/p>\n<\/div>","protected":false},"excerpt":{"rendered":"<p>Points de marquage 3 mm<\/p>","protected":false},"featured_media":4419,"comment_status":"open","ping_status":"closed","template":"","meta":{"_acf_changed":false},"product_brand":[],"product_cat":[752,779],"product_tag":[],"class_list":{"0":"post-42002","1":"product","2":"type-product","3":"status-publish","4":"has-post-thumbnail","6":"product_cat-0kennzeichnung","7":"product_cat-752markierungsmaterial","9":"first","10":"instock","11":"taxable","12":"shipping-taxable","13":"purchasable","14":"product-type-simple"},"acf":[],"_links":{"self":[{"href":"https:\/\/shop.szblind.ch\/fr\/wp-json\/wp\/v2\/product\/42002","targetHints":{"allow":["GET"]}}],"collection":[{"href":"https:\/\/shop.szblind.ch\/fr\/wp-json\/wp\/v2\/product"}],"about":[{"href":"https:\/\/shop.szblind.ch\/fr\/wp-json\/wp\/v2\/types\/product"}],"replies":[{"embeddable":true,"href":"https:\/\/shop.szblind.ch\/fr\/wp-json\/wp\/v2\/comments?post=42002"}],"wp:featuredmedia":[{"embeddable":true,"href":"https:\/\/shop.szblind.ch\/fr\/wp-json\/wp\/v2\/media\/4419"}],"wp:attachment":[{"href":"https:\/\/shop.szblind.ch\/fr\/wp-json\/wp\/v2\/media?parent=42002"}],"wp:term":[{"taxonomy":"product_brand","embeddable":true,"href":"https:\/\/shop.szblind.ch\/fr\/wp-json\/wp\/v2\/product_brand?post=42002"},{"taxonomy":"product_cat","embeddable":true,"href":"https:\/\/shop.szblind.ch\/fr\/wp-json\/wp\/v2\/product_cat?post=42002"},{"taxonomy":"product_tag","embeddable":true,"href":"https:\/\/shop.szblind.ch\/fr\/wp-json\/wp\/v2\/product_tag?post=42002"}],"curies":[{"name":"wp","href":"https:\/\/api.w.org\/{rel}","templated":true}]}}