{"id":42004,"date":"2026-01-26T11:23:28","date_gmt":"2026-01-26T11:23:28","guid":{"rendered":"https:\/\/shop.szblind.ch\/produkt\/armbanduhr-braille-2\/"},"modified":"2026-04-15T09:07:03","modified_gmt":"2026-04-15T09:07:03","slug":"montre-bracelet-braille-2","status":"publish","type":"product","link":"https:\/\/shop.szblind.ch\/fr\/produkt\/armbanduhr-braille-2\/","title":{"rendered":"Montre ARSA Hi-Touch 35 mm tactile, grise, bracelet cuir"},"content":{"rendered":"<div class='html translation-block'>\n<p class=\"attachment\"><a href='https:\/\/shop.szblind.ch\/wp-content\/uploads\/2025\/12\/683_0_1_06_440_g.jpg'><img loading=\"lazy\" width=\"300\" height=\"192\" src=\"https:\/\/shop.szblind.ch\/wp-content\/uploads\/2025\/12\/683_0_1_06_440_g-300x192.jpg\" class=\"attachment-medium size-medium\" alt=\"06_440_g.jpg\" \/><\/a><\/p>\n<p><span style=\"font-family:Frutiger Neue 1450 Pro Regular;font-size:15px\">Recommand\u00e9 aux personnes atteintes de c\u00e9cit\u00e9, de d\u00e9ficience visuelle ou de surdic\u00e9cit\u00e9<\/span><\/p>\n<p><span style=\"font-family:Frutiger Neue 1450 Pro Regular;font-size:15px\">Maniement : simple<\/span><\/p>.\n<\/p>\n<p><span style=\"font-weight:bold;font-family:Frutiger Neue 1450 Pro Regular;font-size:15px\">Sp\u00e9cificit\u00e9s:<\/span><\/p>\n<p><span style=\"font-family:Frutiger Neue 1450 Pro Regular;font-size:15px\">- Haptique<\/span><\/p>\n<p><span style=\"font-family:Frutiger Neue 1450 Pro Regular;font-size:15px\">- \u00c9l\u00e9gant<\/span><\/p>\n<p><span style=\"font-family:Frutiger Neue 1450 Pro Regular;font-size:15px\">- Qualit\u00e9 suisse<\/span><\/p>\n<\/p>\n<p><span style=\"font-weight:bold;font-family:Frutiger Neue 1450 Pro Regular;font-size:15px\">Description:<\/span><\/p>\n<p><span style=\"font-weight:bold;font-family:Frutiger Neue 1450 Pro Regular;font-size:15px\">Dimensions du cadran:<\/span><span style=\"font-family:Frutiger Neue 1450 Pro Regular;font-size:15px\"> 2.8 cm \/ avec couvercle 4<\/span><span style=\"font-family:Times New Roman;font-size:15px\">.<\/span><span style=\"font-family:Frutiger Neue 1450 Pro Regular;font-size:15px\">8 cm<\/span><\/p>\n<\/p>\n<p><span style=\"font-weight:bold;font-family:Frutiger Neue 1450 Pro Regular;font-size:15px\">Indicateur:<\/span><span style=\"font-family:Frutiger Neue 1450 Pro Regular;font-size:15px\"> Cadran<\/span><\/p>.\n<\/p>\n<p><span style=\"font-weight:bold;font-family:Frutiger Neue 1450 Pro Regular;font-size:15px\">Bracelet:<\/span><span style=\"font-family:Frutiger Neue 1450 Pro Regular;font-size:15px\"> cuir noir, agr\u00e9able \u00e0 porter<\/span><\/p>\n<p><span style=\"font-weight:bold;font-family:Frutiger Neue 1450 Pro Regular;font-size:15px\">Dur\u00e9e de vie de la pile:<\/span><span style=\"font-family:Frutiger Neue 1450 Pro Regular;font-size:15px\">environ 2 ans<\/span><\/p>\n<p><span style=\"font-weight:bold;font-family:Frutiger Neue 1450 Pro Regular;font-size:15px\">Couvercle<\/span><span style=\"font-family:Frutiger Neue 1450 Pro Regular;font-size:15px\"> : couleur argent\u00e9e<\/span><\/p>\n<p><span style=\"font-weight:bold;font-family:Frutiger Neue 1450 Pro Regular;font-size:15px\">Poids:<\/span><span style=\"font-family:Frutiger Neue 1450 Pro Regular;font-size:15px\"> 43 grammes<\/span><\/p>\n<p><span style=\"font-weight:bold;font-family:Frutiger Neue 1450 Pro Regular;font-size:15px\">R\u00e9glages : <\/span><span style=\"font-family:Frutiger Neue 1450 Pro Regular;font-size:15px\">Heures et minutes<\/span><\/p>\n<p><span style=\"font-weight:bold;font-family:Frutiger Neue 1450 Pro Regular;font-size:15px\">Haptique:<\/span><span style=\"font-family:Frutiger Neue 1450 Pro Regular;font-size:15px\"> oui<\/span><\/p>\n<\/p>\n<p><span style=\"font-weight:bold;font-family:Frutiger Neue 1450 Pro Regular;font-size:15px\">Contraste:<\/span><span style=\"font-family:Frutiger Neue 1450 Pro Regular;font-size:15px\">fond noir, aiguilles argent\u00e9es<\/span><\/p>\n<\/p>\n<p><span style=\"font-weight:bold;font-family:Frutiger Neue 1450 Pro Regular;font-size:15px\">Couronne:<\/span><span style=\"font-family:Frutiger Neue 1450 Pro Regular;font-size:15px\"> oui <\/span><\/p>\n<p><span style=\"font-weight:bold;font-family:Frutiger Neue 1450 Pro Regular;font-size:15px\">Protection contre les chocs:<\/span><span style=\"font-family:Frutiger Neue 1450 Pro Regular;font-size:15px\"> non<\/span><\/p>\n<p><span style=\"font-weight:bold;font-family:Frutiger Neue 1450 Pro Regular;font-size:15px\">Alimentation \u00e9lectrique:<\/span><span style=\"font-family:Frutiger Neue 1450 Pro Regular;font-size:15px\"> 1 pile 371<\/span><\/p>\n<p><span style=\"font-weight:bold;font-family:Frutiger Neue 1450 Pro Regular;font-size:15px\">Technologie:<\/span><span style=\"font-family:Frutiger Neue 1450 Pro Regular;font-size:15px\"> Quartz <\/span><\/p>\n<p><span style=\"font-weight:bold;font-family:Frutiger Neue 1450 Pro Regular;font-size:15px\">Ton:<\/span><span style=\"font-family:Frutiger Neue 1450 Pro Regular;font-size:15px\"> aucune<\/span><\/p>\n<p><span style=\"font-weight:bold;font-family:Frutiger Neue 1450 Pro Regular;font-size:15px\">Etanche \u00e0 l'eau:<\/span><span style=\"font-family:Frutiger Neue 1450 Pro Regular;font-size:15px\"> non<\/span><\/p>\n<p><span style=\"font-weight:bold;font-family:Frutiger Neue 1450 Pro Regular;font-size:15px\">Cadran\/affichage:<\/span><span style=\"font-family:Frutiger Neue 1450 Pro Regular;font-size:15px\"> noir avec cadre argent\u00e9<\/span><\/p>\n<\/p>\n<\/div>","protected":false},"excerpt":{"rendered":"<p>Montre ARSA - Hi-Touch Argent\u00e9e,<\/p>","protected":false},"featured_media":41178,"comment_status":"open","ping_status":"closed","template":"","meta":{"_acf_changed":false},"product_brand":[],"product_cat":[748,765],"product_tag":[],"class_list":{"0":"post-42004","1":"product","2":"type-product","3":"status-publish","4":"has-post-thumbnail","6":"product_cat-0uhren","7":"product_cat-748vibration-haptik","9":"first","10":"instock","11":"taxable","12":"shipping-taxable","13":"purchasable","14":"product-type-simple"},"acf":[],"_links":{"self":[{"href":"https:\/\/shop.szblind.ch\/fr\/wp-json\/wp\/v2\/product\/42004","targetHints":{"allow":["GET"]}}],"collection":[{"href":"https:\/\/shop.szblind.ch\/fr\/wp-json\/wp\/v2\/product"}],"about":[{"href":"https:\/\/shop.szblind.ch\/fr\/wp-json\/wp\/v2\/types\/product"}],"replies":[{"embeddable":true,"href":"https:\/\/shop.szblind.ch\/fr\/wp-json\/wp\/v2\/comments?post=42004"}],"wp:featuredmedia":[{"embeddable":true,"href":"https:\/\/shop.szblind.ch\/fr\/wp-json\/wp\/v2\/media\/41178"}],"wp:attachment":[{"href":"https:\/\/shop.szblind.ch\/fr\/wp-json\/wp\/v2\/media?parent=42004"}],"wp:term":[{"taxonomy":"product_brand","embeddable":true,"href":"https:\/\/shop.szblind.ch\/fr\/wp-json\/wp\/v2\/product_brand?post=42004"},{"taxonomy":"product_cat","embeddable":true,"href":"https:\/\/shop.szblind.ch\/fr\/wp-json\/wp\/v2\/product_cat?post=42004"},{"taxonomy":"product_tag","embeddable":true,"href":"https:\/\/shop.szblind.ch\/fr\/wp-json\/wp\/v2\/product_tag?post=42004"}],"curies":[{"name":"wp","href":"https:\/\/api.w.org\/{rel}","templated":true}]}}