{"id":42007,"date":"2026-01-26T11:23:34","date_gmt":"2026-01-26T11:23:34","guid":{"rendered":"https:\/\/shop.szblind.ch\/produkt\/sehtest-szb-nahseh-f-kind\/"},"modified":"2026-04-15T09:07:07","modified_gmt":"2026-04-15T09:07:07","slug":"test-de-vision-szb-pres-de-chez-moi-pour-enfants","status":"publish","type":"product","link":"https:\/\/shop.szblind.ch\/fr\/produkt\/sehtest-szb-nahseh-f-kind\/","title":{"rendered":"\u00c9chantillon d'aspiration F Enfant Dos : Anneaux de Landolt"},"content":{"rendered":"<div class='html translation-block'>\n<p class=\"attachment\"><a href='https:\/\/shop.szblind.ch\/wp-content\/uploads\/2025\/12\/687_0_1_07_704_g.jpg'><img loading=\"lazy\" width=\"300\" height=\"192\" src=\"https:\/\/shop.szblind.ch\/wp-content\/uploads\/2025\/12\/687_0_1_07_704_g-300x192.jpg\" class=\"attachment-medium size-medium\" alt=\"07_704_g.JPG\" \/><\/a><\/p>\n<p><span style=\"font-weight:bold;font-family:Frutiger LT 55 Roman;font-size:15px;color:#000000\">Cartes de test visuel \u00e0 ins\u00e9rer dans le cadre support 51.951<\/span><\/p>\n<p><span style=\"font-weight:bold;font-family:Frutiger LT 55 Roman;font-size:15px;color:#000000\">Prix sp\u00e9cial en SET, voir Art. N\u00b0 51.950<\/span><\/p>\n<p><span style=\"font-weight:bold;font-family:Frutiger LT 55 Roman;font-size:15px;color:#000000\">(Le prix du SET sera pris en compte lors de la livraison\/facturation)<\/span><\/p>\n<\/p>\n<p><span style=\"font-family:Frutiger LT 55 Roman;font-size:15px;color:#000000\">L'\u00e9preuve de vision de pr\u00e8s s'inspire du test Birkh\u00e4user dans sa conception. La distance de test est de 32 cm. Le texte r\u00e9vis\u00e9 est structur\u00e9 de mani\u00e8re logarithmique en niveaux d'acuit\u00e9 visuelle de 0,1 \u00e0 1,6. Au verso se trouvent des optotypes pour l'acuit\u00e9 visuelle en gradation de 0,05 \u00e0 1,6. De plus, les optotypes (anneaux de Landol) en contraste faible sont inclus pour d\u00e9terminer la Low Contrast Sensitivity (LCS).<\/span><\/p>\n<\/p>\n<\/div>","protected":false},"excerpt":{"rendered":"<p>Test de vision de pr\u00e8s enfants fran\u00e7ais<\/p>","protected":false},"featured_media":41180,"comment_status":"open","ping_status":"closed","template":"","meta":{"_acf_changed":false},"product_brand":[],"product_cat":[756,804],"product_tag":[],"class_list":{"0":"post-42007","1":"product","2":"type-product","3":"status-publish","4":"has-post-thumbnail","6":"product_cat-0low-vision-produkte","7":"product_cat-756sehtests-nhe","9":"first","10":"instock","11":"taxable","12":"shipping-taxable","13":"purchasable","14":"product-type-simple"},"acf":[],"_links":{"self":[{"href":"https:\/\/shop.szblind.ch\/fr\/wp-json\/wp\/v2\/product\/42007","targetHints":{"allow":["GET"]}}],"collection":[{"href":"https:\/\/shop.szblind.ch\/fr\/wp-json\/wp\/v2\/product"}],"about":[{"href":"https:\/\/shop.szblind.ch\/fr\/wp-json\/wp\/v2\/types\/product"}],"replies":[{"embeddable":true,"href":"https:\/\/shop.szblind.ch\/fr\/wp-json\/wp\/v2\/comments?post=42007"}],"wp:featuredmedia":[{"embeddable":true,"href":"https:\/\/shop.szblind.ch\/fr\/wp-json\/wp\/v2\/media\/41180"}],"wp:attachment":[{"href":"https:\/\/shop.szblind.ch\/fr\/wp-json\/wp\/v2\/media?parent=42007"}],"wp:term":[{"taxonomy":"product_brand","embeddable":true,"href":"https:\/\/shop.szblind.ch\/fr\/wp-json\/wp\/v2\/product_brand?post=42007"},{"taxonomy":"product_cat","embeddable":true,"href":"https:\/\/shop.szblind.ch\/fr\/wp-json\/wp\/v2\/product_cat?post=42007"},{"taxonomy":"product_tag","embeddable":true,"href":"https:\/\/shop.szblind.ch\/fr\/wp-json\/wp\/v2\/product_tag?post=42007"}],"curies":[{"name":"wp","href":"https:\/\/api.w.org\/{rel}","templated":true}]}}