{"id":42008,"date":"2026-01-26T11:23:36","date_gmt":"2026-01-26T11:23:36","guid":{"rendered":"https:\/\/shop.szblind.ch\/produkt\/p-waage-beurer\/"},"modified":"2026-04-16T09:00:34","modified_gmt":"2026-04-16T09:00:34","slug":"p-balance-beurer","status":"publish","type":"product","link":"https:\/\/shop.szblind.ch\/fr\/produkt\/p-waage-beurer\/","title":{"rendered":"P\u00e8se-personne Beurer GS 39 parlant multilingue, avec \u00e9cran, 150 kg"},"content":{"rendered":"<div class='html translation-block'>\n<p class=\"attachment\"><a href='https:\/\/shop.szblind.ch\/wp-content\/uploads\/2025\/12\/688_0_1_51_955_g.jpg'><img loading=\"lazy\" width=\"254\" height=\"300\" src=\"https:\/\/shop.szblind.ch\/wp-content\/uploads\/2025\/12\/688_0_1_51_955_g-254x300.jpg\" class=\"attachment-medium size-medium\" alt=\"51_955_g.jpg\" \/><\/a><\/p>\n<p><span style=\"font-family:Frutiger Neue 1450 Pro Regular;font-size:16px\">Recommand\u00e9 pour les personnes atteintes de c\u00e9cit\u00e9 et de d\u00e9ficience visuelle<\/span><\/p>.\n<p><span style=\"font-family:Frutiger Neue 1450 Pro Regular;font-size:16px\">Manipulation : l\u00e9g\u00e8re et moyenne<\/span><\/p>.\n<p><span style=\"font-weight:bold;font-family:Frutiger Neue 1450 Pro Regular;font-size:19px\">Sp\u00e9cificit\u00e9s:<\/span><\/p>\n<p><span style=\"font-family:Frutiger Neue 1450 Pro Regular;font-size:16px\">- Design sobre<\/span><\/p>\n<p><span style=\"font-family:Frutiger Neue 1450 Pro Regular;font-size:16px\">- L'\u00e9cran LCD est r\u00e9tro\u00e9clair\u00e9 en bleu.<\/span><\/p>\n<p><span style=\"font-family:Frutiger Neue 1450 Pro Regular;font-size:16px\">- La fonction vocale peut \u00eatre d\u00e9sactiv\u00e9e<\/span><\/p>.\n<p><span style=\"font-family:Frutiger Neue 1450 Pro Regular;font-size:16px\">- M\u00e9moire pour 4 mesures<\/span><\/p>\n<p><span style=\"font-family:Frutiger Neue 1450 Pro Regular;font-size:16px\">- Graduation en 100 g<\/span><\/p>\n<p><span style=\"font-weight:bold;font-family:Frutiger Neue 1450 Pro Regular;font-size:19px\">Description:<\/span><\/p>\n<p><span style=\"font-weight:bold;font-family:Frutiger Neue 1450 Pro Regular;font-size:16px\">Dimensions:<\/span><span style=\"font-family:Frutiger Neue 1450 Pro Regular;font-size:16px\"> 35 x 33.8 cm<\/span><\/p>\n<p><span style=\"font-weight:bold;font-family:Frutiger Neue 1450 Pro Regular;font-size:16px\">Dur\u00e9e d'utilisation de l'appareil : <\/span><span style=\"font-family:Frutiger Neue 1450 Pro Regular;font-size:16px\"> selon l'utilisation<\/span><\/p>\n<p><span style=\"font-weight:bold;font-family:Frutiger Neue 1450 Pro Regular;font-size:16px\">Display : <\/span><span style=\"font-family:Frutiger Neue 1450 Pro Regular;font-size:16px\">oui, 9.4 x 4.8 cm<\/span><\/p>\n<p><span style=\"font-weight:bold;font-family:Frutiger Neue 1450 Pro Regular;font-size:16px\">Couleur : <\/span><span style=\"font-family:Frutiger Neue 1450 Pro Regular;font-size:16px\">gris clair et anthracite, transparent<\/span><\/p>\n<p><span style=\"font-weight:bold;font-family:Frutiger Neue 1450 Pro Regular;font-size:16px\">Poids : <\/span><span style=\"font-family:Frutiger Neue 1450 Pro Regular;font-size:16px\">1.9 kilogramme<\/span><\/p>\n<p><span style=\"font-weight:bold;font-family:Frutiger Neue 1450 Pro Regular;font-size:16px\">Capacit\u00e9 : <\/span><span style=\"font-family:Frutiger Neue 1450 Pro Regular;font-size:16px\">max 150 kilogrammes<\/span><\/p>\n<p><span style=\"font-weight:bold;font-family:Frutiger Neue 1450 Pro Regular;font-size:16px\">Casque : <\/span><span style=\"font-family:Frutiger Neue 1450 Pro Regular;font-size:16px\">-<\/span><\/p>\n<p><span style=\"font-weight:bold;font-family:Frutiger Neue 1450 Pro Regular;font-size:16px\">Volume : <\/span><span style=\"font-family:Frutiger Neue 1450 Pro Regular;font-size:16px\">r\u00e9glable, de faible \u00e0 fort<\/span><\/p>\n<p><span style=\"font-weight:bold;font-family:Frutiger Neue 1450 Pro Regular;font-size:16px\">Haut-parleurs : <\/span><span style=\"font-family:Frutiger Neue 1450 Pro Regular;font-size:16px\">oui<\/span><\/p>\n<p><span style=\"font-weight:bold;font-family:Frutiger Neue 1450 Pro Regular;font-size:16px\">Mat\u00e9riau : <\/span><span style=\"font-family:Frutiger Neue 1450 Pro Regular;font-size:16px\">M\u00e9tal et plastique<\/span><\/p>\n<p><span style=\"font-weight:bold;font-family:Frutiger Neue 1450 Pro Regular;font-size:16px\">Etanche \u00e0 l'eau:<\/span><span style=\"font-family:Frutiger Neue 1450 Pro Regular;font-size:16px\"> non<\/span><\/p>\n<p><span style=\"font-weight:bold;font-family:Frutiger Neue 1450 Pro Regular;font-size:16px\">Langue<\/span><span style=\"font-family:Frutiger Neue 1450 Pro Regular;font-size:16px\"> : allemand, fran\u00e7ais, espagnol, russe, anglais<\/span><\/p>\n<p><span style=\"font-weight:bold;font-family:Frutiger Neue 1450 Pro Regular;font-size:16px\">Sortie vocale<\/span><span style=\"font-family:Frutiger Neue 1450 Pro Regular;font-size:16px\"> : oui<\/span><\/p>\n<p><span style=\"font-weight:bold;font-family:Frutiger Neue 1450 Pro Regular;font-size:16px\">Voix:<\/span><span style=\"font-family:Frutiger Neue 1450 Pro Regular;font-size:16px\"> Femme <\/span><\/p>\n<p><span style=\"font-weight:bold;font-family:Frutiger Neue 1450 Pro Regular;font-size:16px\">Alimentation : <\/span><span style=\"font-family:Frutiger Neue 1450 Pro Regular;font-size:16px\">4 piles LR03 AAA, 1.5 V<\/span><\/p>\n<p><span style=\"font-weight:bold;font-family:Frutiger Neue 1450 Pro Regular;font-size:16px\">Etanche \u00e0 l'eau:<\/span><span style=\"font-family:Frutiger Neue 1450 Pro Regular;font-size:16px\"> non<\/span><\/p>\n<\/p>\n<\/div>","protected":false},"excerpt":{"rendered":"<p>P\u00e8se-personne Beurer GS 39, parlant,<\/p>","protected":false},"featured_media":41181,"comment_status":"open","ping_status":"closed","template":"","meta":{"_acf_changed":false},"product_brand":[],"product_cat":[754,795],"product_tag":[],"class_list":{"0":"post-42008","1":"product","2":"type-product","3":"status-publish","4":"has-post-thumbnail","6":"product_cat-0alltagshilfen","7":"product_cat-754gesundheitsprodukte","9":"first","10":"instock","11":"taxable","12":"shipping-taxable","13":"purchasable","14":"product-type-simple"},"acf":[],"_links":{"self":[{"href":"https:\/\/shop.szblind.ch\/fr\/wp-json\/wp\/v2\/product\/42008","targetHints":{"allow":["GET"]}}],"collection":[{"href":"https:\/\/shop.szblind.ch\/fr\/wp-json\/wp\/v2\/product"}],"about":[{"href":"https:\/\/shop.szblind.ch\/fr\/wp-json\/wp\/v2\/types\/product"}],"replies":[{"embeddable":true,"href":"https:\/\/shop.szblind.ch\/fr\/wp-json\/wp\/v2\/comments?post=42008"}],"wp:featuredmedia":[{"embeddable":true,"href":"https:\/\/shop.szblind.ch\/fr\/wp-json\/wp\/v2\/media\/41181"}],"wp:attachment":[{"href":"https:\/\/shop.szblind.ch\/fr\/wp-json\/wp\/v2\/media?parent=42008"}],"wp:term":[{"taxonomy":"product_brand","embeddable":true,"href":"https:\/\/shop.szblind.ch\/fr\/wp-json\/wp\/v2\/product_brand?post=42008"},{"taxonomy":"product_cat","embeddable":true,"href":"https:\/\/shop.szblind.ch\/fr\/wp-json\/wp\/v2\/product_cat?post=42008"},{"taxonomy":"product_tag","embeddable":true,"href":"https:\/\/shop.szblind.ch\/fr\/wp-json\/wp\/v2\/product_tag?post=42008"}],"curies":[{"name":"wp","href":"https:\/\/api.w.org\/{rel}","templated":true}]}}