{"id":42010,"date":"2026-01-26T11:23:39","date_gmt":"2026-01-26T11:23:39","guid":{"rendered":"https:\/\/shop.szblind.ch\/produkt\/eschenbach-led-leuchte-elumentis\/"},"modified":"2026-04-15T09:07:12","modified_gmt":"2026-04-15T09:07:12","slug":"eschenbach-lampe-a-led-elumentis","status":"publish","type":"product","link":"https:\/\/shop.szblind.ch\/fr\/produkt\/eschenbach-led-leuchte-elumentis\/","title":{"rendered":"Eschenbach Lampe LED Elumentis avec pied"},"content":{"rendered":"<div class='html translation-block'>\n<p class=\"attachment\"><a href='https:\/\/shop.szblind.ch\/wp-content\/uploads\/2025\/12\/691_0_1_09_500.jpg'><img loading=\"lazy\" width=\"300\" height=\"192\" src=\"https:\/\/shop.szblind.ch\/wp-content\/uploads\/2025\/12\/691_0_1_09_500-300x192.jpg\" class=\"attachment-medium size-medium\" alt=\"09_500.jpg\" \/><\/a><\/p>\n<p><span style=\"font-weight:bold;font-family:Arial;font-size:14px\">Lampe de table LED Eschenbach Elumentis<\/span><\/p>\n<p><span style=\"font-family:Arial;font-size:14px\">- Indice de rendu des couleurs tr\u00e8s \u00e9lev\u00e9 de CRI\/Ra&gt;92 pour une restitution des couleurs contrast\u00e9e et fid\u00e8le \u00e0 l'original<\/span><\/p>\n<p><span style=\"font-family:Arial;font-size:14px\">- Diffuseur multicouche pour un \u00e9clairage homog\u00e8ne, sans \u00e9blouissement et sans ombres port\u00e9es dures<\/span><\/p>.\n<p><span style=\"font-family:Arial;font-size:14px\">- Trois temp\u00e9ratures de couleur au choix (blanc chaud 2700 K, blanc neutre 4800 K, blanc lumi\u00e8re du jour 6400 K)<\/span><\/p>\n<p><span style=\"font-family:Arial;font-size:14px\">- Intensit\u00e9 lumineuse par temp\u00e9rature de couleur s\u00e9lectionnable ind\u00e9pendamment sur 5 niveaux ou en continu, max. 1000 lm<\/span><\/p>\n<p><span style=\"font-family:Arial;font-size:14px\">- Lumi\u00e8re d'ambiance suppl\u00e9mentaire dans l'abat-jour pour un \u00e9clairage d'ambiance \u00e0 la lumi\u00e8re principale ou utilisable comme lumi\u00e8re d'orientation<\/span><\/p>\n<\/p>\n<p><span style=\"font-family:Arial;font-size:14px\">T\u00eate de lampe orientable \u00e0 90\u00b0, inclinable \u00e0 45\u00b0 sur le c\u00f4t\u00e9<\/span><\/p>.\n<p><span style=\"font-family:Arial;font-size:14px\">Longueur du c\u00e2ble : 2,50 m, couleur : blanc\/noir, hauteur de la lampe : max. 53 cm, poids : 1,8 kg<\/span><\/p>.\n<\/p>\n<\/div>","protected":false},"excerpt":{"rendered":"<p>Lampe de bureau LED Eschenbach Elumentis<\/p>","protected":false},"featured_media":4421,"comment_status":"open","ping_status":"closed","template":"","meta":{"_acf_changed":false},"product_brand":[],"product_cat":[807,756],"product_tag":[],"class_list":{"0":"post-42010","1":"product","2":"type-product","3":"status-publish","4":"has-post-thumbnail","6":"product_cat-756leuchten","7":"product_cat-0low-vision-produkte","9":"first","10":"instock","11":"taxable","12":"shipping-taxable","13":"purchasable","14":"product-type-simple"},"acf":[],"_links":{"self":[{"href":"https:\/\/shop.szblind.ch\/fr\/wp-json\/wp\/v2\/product\/42010","targetHints":{"allow":["GET"]}}],"collection":[{"href":"https:\/\/shop.szblind.ch\/fr\/wp-json\/wp\/v2\/product"}],"about":[{"href":"https:\/\/shop.szblind.ch\/fr\/wp-json\/wp\/v2\/types\/product"}],"replies":[{"embeddable":true,"href":"https:\/\/shop.szblind.ch\/fr\/wp-json\/wp\/v2\/comments?post=42010"}],"wp:featuredmedia":[{"embeddable":true,"href":"https:\/\/shop.szblind.ch\/fr\/wp-json\/wp\/v2\/media\/4421"}],"wp:attachment":[{"href":"https:\/\/shop.szblind.ch\/fr\/wp-json\/wp\/v2\/media?parent=42010"}],"wp:term":[{"taxonomy":"product_brand","embeddable":true,"href":"https:\/\/shop.szblind.ch\/fr\/wp-json\/wp\/v2\/product_brand?post=42010"},{"taxonomy":"product_cat","embeddable":true,"href":"https:\/\/shop.szblind.ch\/fr\/wp-json\/wp\/v2\/product_cat?post=42010"},{"taxonomy":"product_tag","embeddable":true,"href":"https:\/\/shop.szblind.ch\/fr\/wp-json\/wp\/v2\/product_tag?post=42010"}],"curies":[{"name":"wp","href":"https:\/\/api.w.org\/{rel}","templated":true}]}}