{"id":42023,"date":"2026-01-26T11:24:06","date_gmt":"2026-01-26T11:24:06","guid":{"rendered":"https:\/\/shop.szblind.ch\/produkt\/grosstasten-telef-2\/"},"modified":"2026-04-15T09:07:37","modified_gmt":"2026-04-15T09:07:37","slug":"telephone-a-grosses-touches-2","status":"publish","type":"product","link":"https:\/\/shop.szblind.ch\/fr\/produkt\/grosstasten-telef-2\/","title":{"rendered":"T\u00e9l\u00e9phone fixe 312 cs \u00e0 fort contraste, avec \u00e9cran"},"content":{"rendered":"<div class='html translation-block'>\n<p class=\"attachment\"><a href='https:\/\/shop.szblind.ch\/wp-content\/uploads\/2025\/12\/725_0_1_10_223_g.jpg'><img loading=\"lazy\" width=\"300\" height=\"192\" src=\"https:\/\/shop.szblind.ch\/wp-content\/uploads\/2025\/12\/725_0_1_10_223_g-300x192.jpg\" class=\"attachment-medium size-medium\" alt=\"10_223_g.jpg\" \/><\/a><\/p>\n<p><span style=\"font-family:Frutiger Neue 1450 Pro Regular;font-size:16px\">Recommand\u00e9 pour les personnes malvoyantes et malentendantes-malvoyantes.<\/span><\/p>\n<p><span style=\"font-weight:bold;font-family:Frutiger Neue 1450 Pro Regular;font-size:19px\">T\u00e9l\u00e9phone fixe simple avec \u00e9cran<\/span><\/p>\n<p><span style=\"font-family:Frutiger Neue 1450 Pro Regular;font-size:16px\">Manipulation : moyenne<\/span><\/p>\n<p><span style=\"font-weight:bold;font-family:Frutiger Neue 1450 Pro Regular;font-size:19px\">Sp\u00e9cificit\u00e9s:<\/span><\/p>\n<p><span style=\"font-family:Frutiger Neue 1450 Pro Regular;font-size:16px\">- Compatible avec les appareils auditifs<\/span><\/p>\n<p><span style=\"font-family:Frutiger Neue 1450 Pro Regular;font-size:16px\">- R\u00e9pertoire t\u00e9l\u00e9phonique jusqu'\u00e0 30 entr\u00e9es<\/span><\/p>\n<p><span style=\"font-family:Frutiger Neue 1450 Pro Regular;font-size:16px\">- T\u00e9moin lumineux<\/span><\/p>\n<p><span style=\"font-family:Frutiger Neue 1450 Pro Regular;font-size:16px\">- Possibilit\u00e9 de montage mural <\/span><\/p>\n<\/p>\n<p><span style=\"font-weight:bold;font-family:Frutiger Neue 1450 Pro Regular;font-size:19px\">Description:<\/span><\/p>\n<p><span style=\"font-weight:bold;font-family:Frutiger Neue 1450 Pro Regular;font-size:16px\">Dimensions:<\/span><span style=\"font-family:Frutiger Neue 1450 Pro Regular;font-size:16px\"> Cadran 17.5 x 17.5 cm, boutons 1.8 x 2.9 cm, m\u00e9moire 2 x 0.7 cm<\/span><span style=\"font-weight:bold;font-family:Frutiger Neue 1450 Pro Regular;font-size:16px\"> <\/span><\/p>\n<p><span style=\"font-weight:bold;font-family:Frutiger Neue 1450 Pro Regular;font-size:16px\">Dur\u00e9e de vie:<\/span><span style=\"font-family:Frutiger Neue 1450 Pro Regular;font-size:16px\">environ 1 an, selon l'utilisation<\/span><\/p>\n<p><span style=\"font-weight:bold;font-family:Frutiger Neue 1450 Pro Regular;font-size:16px\">Display : <\/span><span style=\"font-family:Frutiger Neue 1450 Pro Regular;font-size:16px\">oui, 9.3 x 3.3 cm<\/span><\/p>\n<p><span style=\"font-weight:bold;font-family:Frutiger Neue 1450 Pro Regular;font-size:16px\">Couleur : <\/span><span style=\"font-family:Frutiger Neue 1450 Pro Regular;font-size:16px\">blanc, noir et vert<\/span><\/p>.\n<p><span style=\"font-weight:bold;font-family:Frutiger Neue 1450 Pro Regular;font-size:16px\">Poids : <\/span><span style=\"font-family:Frutiger Neue 1450 Pro Regular;font-size:16px\"> 750 grammes<\/span><\/p>\n<p><span style=\"font-weight:bold;font-family:Frutiger Neue 1450 Pro Regular;font-size:16px\">Compatibilit\u00e9 avec les appareils auditifs:<\/span><span style=\"font-family:Frutiger Neue 1450 Pro Regular;font-size:16px\"> oui<\/span><\/p>\n<p><span style=\"font-weight:bold;font-family:Frutiger Neue 1450 Pro Regular;font-size:16px\">Casque d'\u00e9coute:<\/span><span style=\"font-family:Frutiger Neue 1450 Pro Regular;font-size:16px\"> avec c\u00e2ble<\/span><\/p>\n<p><span style=\"font-weight:bold;font-family:Frutiger Neue 1450 Pro Regular;font-size:16px\">Contrastes : <\/span><span style=\"font-family:Frutiger Neue 1450 Pro Regular;font-size:16px\">touches noires sur fond blanc<\/span><\/p>\n<p><span style=\"font-weight:bold;font-family:Frutiger Neue 1450 Pro Regular;font-size:16px\">T\u00e9moin de contr\u00f4le : <\/span><span style=\"font-family:Frutiger Neue 1450 Pro Regular;font-size:16px\">oui<\/span><\/p>\n<p><span style=\"font-weight:bold;font-family:Frutiger Neue 1450 Pro Regular;font-size:16px\">Boutons de raccourci : <\/span><span style=\"font-family:Frutiger Neue 1450 Pro Regular;font-size:16px\">oui, 3<\/span><\/p>\n<p><span style=\"font-weight:bold;font-family:Frutiger Neue 1450 Pro Regular;font-size:16px\">Haut-parleurs:<\/span><span style=\"font-family:Frutiger Neue 1450 Pro Regular;font-size:16px\"> oui<\/span><\/p>\n<p><span style=\"font-weight:bold;font-family:Frutiger Neue 1450 Pro Regular;font-size:16px\">Volume du t\u00e9l\u00e9phone : <\/span><span style=\"font-family:Frutiger Neue 1450 Pro Regular;font-size:16px\">fort, jusqu'\u00e0 85 dB<\/span><\/p>\n<p><span style=\"font-weight:bold;font-family:Frutiger Neue 1450 Pro Regular;font-size:16px\">Mat\u00e9riel : <\/span><span style=\"font-family:Frutiger Neue 1450 Pro Regular;font-size:16px\">Plastique<\/span><\/p>\n<p><span style=\"font-weight:bold;font-family:Frutiger Neue 1450 Pro Regular;font-size:16px\">Sortie vocale:<\/span><span style=\"font-family:Frutiger Neue 1450 Pro Regular;font-size:16px\"> -<\/span><\/p>\n<p><span style=\"font-weight:bold;font-family:Frutiger Neue 1450 Pro Regular;font-size:16px\">Langue : <\/span><span style=\"font-family:Frutiger Neue 1450 Pro Regular;font-size:16px\">Affichage au choix : allemand, fran\u00e7ais, anglais, espagnol, italien, n\u00e9erlandais, polonais, su\u00e9dois<\/span><\/p>\n<p><span style=\"font-weight:bold;font-family:Frutiger Neue 1450 Pro Regular;font-size:16px\">Alimentation \u00e9lectrique : <\/span><span style=\"font-family:Frutiger Neue 1450 Pro Regular;font-size:16px\">C\u00e2ble de raccordement t\u00e9l\u00e9phonique et 4 piles AA<\/span><\/p>.\n<p><span style=\"font-weight:bold;font-family:Frutiger Neue 1450 Pro Regular;font-size:16px\">Technologie :<\/span><span style=\"font-family:Frutiger Neue 1450 Pro Regular;font-size:16px\"> analogique<\/span><\/p>\n<\/p>\n<\/div>","protected":false},"excerpt":{"rendered":"<p>T\u00e9l\u00e9phone fixe Doro 312cs<\/p>","protected":false},"featured_media":4455,"comment_status":"open","ping_status":"closed","template":"","meta":{"_acf_changed":false},"product_brand":[],"product_cat":[768,749],"product_tag":[],"class_list":{"0":"post-42023","1":"product","2":"type-product","3":"status-publish","4":"has-post-thumbnail","6":"product_cat-749festnetztelefone","7":"product_cat-0telefone","9":"first","10":"instock","11":"taxable","12":"shipping-taxable","13":"purchasable","14":"product-type-simple"},"acf":[],"_links":{"self":[{"href":"https:\/\/shop.szblind.ch\/fr\/wp-json\/wp\/v2\/product\/42023","targetHints":{"allow":["GET"]}}],"collection":[{"href":"https:\/\/shop.szblind.ch\/fr\/wp-json\/wp\/v2\/product"}],"about":[{"href":"https:\/\/shop.szblind.ch\/fr\/wp-json\/wp\/v2\/types\/product"}],"replies":[{"embeddable":true,"href":"https:\/\/shop.szblind.ch\/fr\/wp-json\/wp\/v2\/comments?post=42023"}],"wp:featuredmedia":[{"embeddable":true,"href":"https:\/\/shop.szblind.ch\/fr\/wp-json\/wp\/v2\/media\/4455"}],"wp:attachment":[{"href":"https:\/\/shop.szblind.ch\/fr\/wp-json\/wp\/v2\/media?parent=42023"}],"wp:term":[{"taxonomy":"product_brand","embeddable":true,"href":"https:\/\/shop.szblind.ch\/fr\/wp-json\/wp\/v2\/product_brand?post=42023"},{"taxonomy":"product_cat","embeddable":true,"href":"https:\/\/shop.szblind.ch\/fr\/wp-json\/wp\/v2\/product_cat?post=42023"},{"taxonomy":"product_tag","embeddable":true,"href":"https:\/\/shop.szblind.ch\/fr\/wp-json\/wp\/v2\/product_tag?post=42023"}],"curies":[{"name":"wp","href":"https:\/\/api.w.org\/{rel}","templated":true}]}}