{"id":42026,"date":"2026-01-26T11:24:11","date_gmt":"2026-01-26T11:24:11","guid":{"rendered":"https:\/\/shop.szblind.ch\/produkt\/sehtests-lh-2531\/"},"modified":"2026-04-15T09:07:41","modified_gmt":"2026-04-15T09:07:41","slug":"lunettes-de-vue-lh-2531","status":"publish","type":"product","link":"https:\/\/shop.szblind.ch\/fr\/produkt\/sehtests-lh-2531\/","title":{"rendered":"LH 2531 Examen de la vue Heidi Kelle moyen"},"content":{"rendered":"<div class='html translation-block'>\n<p class=\"attachment\"><a href='https:\/\/shop.szblind.ch\/wp-content\/uploads\/2025\/12\/728_0_1_01_810_neu.jpg'><img loading=\"lazy\" width=\"300\" height=\"300\" src=\"https:\/\/shop.szblind.ch\/wp-content\/uploads\/2025\/12\/728_0_1_01_810_neu-300x300.jpg\" class=\"attachment-medium size-medium\" alt=\"01_810_neu.jpg\" \/><\/a><\/p>\n<p><span style=\"font-family:Arial;font-size:14px;color:#000000\">Ce test sert \u00e9galement de test de stimulation et d'attention, ne diff\u00e9rant que par sa taille. La partie sup\u00e9rieure du LH 2531 mesure environ 13 cm. L'autre c\u00f4t\u00e9 est imprim\u00e9 d'une grille (comme le LH 2530).<\/span><\/p>\n<\/p>\n<\/div>","protected":false},"excerpt":{"rendered":"<p>LH 2531 Heidi<\/p>","protected":false},"featured_media":4458,"comment_status":"open","ping_status":"closed","template":"","meta":{"_acf_changed":false},"product_brand":[],"product_cat":[756,804],"product_tag":[],"class_list":{"0":"post-42026","1":"product","2":"type-product","3":"status-publish","4":"has-post-thumbnail","6":"product_cat-0low-vision-produkte","7":"product_cat-756sehtests-nhe","9":"first","10":"instock","11":"taxable","12":"shipping-taxable","13":"purchasable","14":"product-type-simple"},"acf":[],"_links":{"self":[{"href":"https:\/\/shop.szblind.ch\/fr\/wp-json\/wp\/v2\/product\/42026","targetHints":{"allow":["GET"]}}],"collection":[{"href":"https:\/\/shop.szblind.ch\/fr\/wp-json\/wp\/v2\/product"}],"about":[{"href":"https:\/\/shop.szblind.ch\/fr\/wp-json\/wp\/v2\/types\/product"}],"replies":[{"embeddable":true,"href":"https:\/\/shop.szblind.ch\/fr\/wp-json\/wp\/v2\/comments?post=42026"}],"wp:featuredmedia":[{"embeddable":true,"href":"https:\/\/shop.szblind.ch\/fr\/wp-json\/wp\/v2\/media\/4458"}],"wp:attachment":[{"href":"https:\/\/shop.szblind.ch\/fr\/wp-json\/wp\/v2\/media?parent=42026"}],"wp:term":[{"taxonomy":"product_brand","embeddable":true,"href":"https:\/\/shop.szblind.ch\/fr\/wp-json\/wp\/v2\/product_brand?post=42026"},{"taxonomy":"product_cat","embeddable":true,"href":"https:\/\/shop.szblind.ch\/fr\/wp-json\/wp\/v2\/product_cat?post=42026"},{"taxonomy":"product_tag","embeddable":true,"href":"https:\/\/shop.szblind.ch\/fr\/wp-json\/wp\/v2\/product_tag?post=42026"}],"curies":[{"name":"wp","href":"https:\/\/api.w.org\/{rel}","templated":true}]}}