{"id":42037,"date":"2026-01-26T11:24:31","date_gmt":"2026-01-26T11:24:31","guid":{"rendered":"https:\/\/shop.szblind.ch\/produkt\/doro-leva-x10\/"},"modified":"2026-04-16T14:30:29","modified_gmt":"2026-04-16T14:30:29","slug":"doro-leva-x10","status":"publish","type":"product","link":"https:\/\/shop.szblind.ch\/fr\/produkt\/doro-leva-x10\/","title":{"rendered":"T\u00e9l\u00e9phone portable Doro Leva X10 \u00e0 fort contraste, 4 touches d'appel direct"},"content":{"rendered":"<div class='html translation-block'>\n<p class=\"attachment\"><a href='https:\/\/shop.szblind.ch\/wp-content\/uploads\/2025\/12\/743_0_3_51_227_g.jpg'><img loading=\"lazy\" width=\"300\" height=\"254\" src=\"https:\/\/shop.szblind.ch\/wp-content\/uploads\/2025\/12\/743_0_3_51_227_g-300x254.jpg\" class=\"attachment-medium size-medium\" alt=\"51_227_g.jpg\" \/><\/a><\/p>\n<p><span style=\"font-family:Frutiger Neue 1450 Pro Regular;font-size:15px\">T\u00e9l\u00e9phone mobile \u00e0 4 touches pour seniors malvoyants et malentendants<br \/>Popularit\u00e9 du produit : best-seller<br \/>Manipulation : simple<br \/><\/span><\/p>\n<\/p>\n<p><span style=\"font-weight:bold;font-family:Frutiger Neue 1450 Pro Regular;font-size:15px\">Sp\u00e9cificit\u00e9s:<\/span><\/p>\n<p><span style=\"font-family:Frutiger Neue 1450 Pro Regular;font-size:15px\">Quatre touches de num\u00e9rotation rapide seulement<\/span><\/p>\n<p><span style=\"font-family:Frutiger Neue 1450 Pro Regular;font-size:15px\">Bouton SOS<\/span><\/p>\n<p><span style=\"font-family:Frutiger Neue 1450 Pro Regular;font-size:15px\">Fonctions de s\u00e9curit\u00e9 (g\u00e9olocalisation GPS)<\/span><\/p>\n<p><span style=\"font-family:Frutiger Neue 1450 Pro Regular;font-size:15px\">WLAN et Bluetooth 5.0<br \/><\/span><\/p>\n<p><span style=\"font-family:Frutiger Neue 1450 Pro Regular;font-size:15px\">Description:<\/span><\/p>\n<p><span style=\"font-family:Frutiger Neue 1450 Pro Regular;font-size:15px\">Dimensions:12.8 x 6.76 x 1.27 cm<\/span><\/p>\n<p><span style=\"font-family:Frutiger Neue 1450 Pro Regular;font-size:15px\">Apps : aucune<\/span><\/p>\n<p><span style=\"font-family:Frutiger Neue 1450 Pro Regular;font-size:15px\">Ecran:2,4 pouces<\/span><\/p>\n<p><span style=\"font-family:Frutiger Neue 1450 Pro Regular;font-size:15px\">M\u00e9moire externe : carte SD avec max<\/span><span style=\"font-family:Times New Roman;font-size:15px\">.<\/span><span style=\"font-family:Frutiger Neue 1450 Pro Regular;font-size:15px\"> 128 GB<\/span><\/p>\n<p><span style=\"font-family:Frutiger Neue 1450 Pro Regular;font-size:15px\">Poids:117 grammes<\/span><\/p>\n<p><span style=\"font-family:Frutiger Neue 1450 Pro Regular;font-size:15px\">Compatibilit\u00e9 avec les appareils auditifs:oui<\/span><\/p>\n<p><span style=\"font-family:Frutiger Neue 1450 Pro Regular;font-size:15px\">M\u00e9moire interne:64MB RAM, 128MB ROM<\/span><\/p>\n<p><span style=\"font-family:Frutiger Neue 1450 Pro Regular;font-size:15px\">Contrastes:Inversion des couleurs (blanc\/noir, noir\/blanc)<\/span><\/p>\n<p><span style=\"font-family:Frutiger Neue 1450 Pro Regular;font-size:15px\">T\u00e9moin de contr\u00f4le:-<\/span><\/p>\n<p><span style=\"font-family:Frutiger Neue 1450 Pro Regular;font-size:15px\">Casque:jack<\/span><\/p>\n<p><span style=\"font-family:Frutiger Neue 1450 Pro Regular;font-size:15px\">Haut-parleurs:oui<\/span><\/p>\n<p><span style=\"font-family:Frutiger Neue 1450 Pro Regular;font-size:15px\">Volume de la synth\u00e8se vocale:-<\/span><\/p>\n<p><span style=\"font-family:Frutiger Neue 1450 Pro Regular;font-size:15px\">Mat\u00e9riau du bo\u00eetier : plastique\/caoutchouc<\/span><\/p>\n<p><span style=\"font-family:Frutiger Neue 1450 Pro Regular;font-size:15px\">R\u00e9seau mobile:4G<\/span><\/p>\n<p><span style=\"font-family:Frutiger Neue 1450 Pro Regular;font-size:15px\">Valeur de rayonnement SAR:1.489 W\/kg<\/span><\/p>\n<p><span style=\"font-family:Frutiger Neue 1450 Pro Regular;font-size:15px\">Carte SIM:Nano-SIM<\/span><\/p>\n<p><span style=\"font-family:Frutiger Neue 1450 Pro Regular;font-size:15px\">Sortie vocale:-<\/span><\/p>\n<p><span style=\"font-family:Frutiger Neue 1450 Pro Regular;font-size:15px\">Langue:selon le choix:allemand, fran\u00e7ais, italien<\/span><\/p>\n<p><span style=\"font-family:Frutiger Neue 1450 Pro Regular;font-size:15px\">Protection contre les chocs\/\u00e9claboussures:IP54<\/span><\/p>\n<p><span style=\"font-family:Frutiger Neue 1450 Pro Regular;font-size:15px\">Alimentation:Batterie, 115<\/span><span style=\"font-family:Times New Roman;font-size:15px\">0<\/span><span style=\"font-family:Frutiger Neue 1450 Pro Regular;font-size :15px\"> mAh, adaptateur secteur dans la base, USB<\/span><span style=\"font-family:Times New Roman;font-size:15px\">-<\/span><span style=\"font-family:Frutiger Neue 1450 Pro Regular;font-size:15px\">C<\/span><\/p>\n<p><span style=\"font-family:Frutiger Neue 1450 Pro Regular;font-size:15px\">Volume du t\u00e9l\u00e9phone:fort<\/span><\/p>\n<\/p>\n<\/div>","protected":false},"excerpt":{"rendered":"<p>T\u00e9l\u00e9phone mobile Doro Leva X10<\/p>","protected":false},"featured_media":41188,"comment_status":"open","ping_status":"closed","template":"","meta":{"_acf_changed":false},"product_brand":[],"product_cat":[769,749],"product_tag":[],"class_list":{"0":"post-42037","1":"product","2":"type-product","3":"status-publish","4":"has-post-thumbnail","6":"product_cat-749mobiltelefone","7":"product_cat-0telefone","9":"first","10":"instock","11":"taxable","12":"shipping-taxable","13":"purchasable","14":"product-type-simple"},"acf":[],"_links":{"self":[{"href":"https:\/\/shop.szblind.ch\/fr\/wp-json\/wp\/v2\/product\/42037","targetHints":{"allow":["GET"]}}],"collection":[{"href":"https:\/\/shop.szblind.ch\/fr\/wp-json\/wp\/v2\/product"}],"about":[{"href":"https:\/\/shop.szblind.ch\/fr\/wp-json\/wp\/v2\/types\/product"}],"replies":[{"embeddable":true,"href":"https:\/\/shop.szblind.ch\/fr\/wp-json\/wp\/v2\/comments?post=42037"}],"wp:featuredmedia":[{"embeddable":true,"href":"https:\/\/shop.szblind.ch\/fr\/wp-json\/wp\/v2\/media\/41188"}],"wp:attachment":[{"href":"https:\/\/shop.szblind.ch\/fr\/wp-json\/wp\/v2\/media?parent=42037"}],"wp:term":[{"taxonomy":"product_brand","embeddable":true,"href":"https:\/\/shop.szblind.ch\/fr\/wp-json\/wp\/v2\/product_brand?post=42037"},{"taxonomy":"product_cat","embeddable":true,"href":"https:\/\/shop.szblind.ch\/fr\/wp-json\/wp\/v2\/product_cat?post=42037"},{"taxonomy":"product_tag","embeddable":true,"href":"https:\/\/shop.szblind.ch\/fr\/wp-json\/wp\/v2\/product_tag?post=42037"}],"curies":[{"name":"wp","href":"https:\/\/api.w.org\/{rel}","templated":true}]}}