{"id":42045,"date":"2026-01-26T11:24:46","date_gmt":"2026-01-26T11:24:46","guid":{"rendered":"https:\/\/shop.szblind.ch\/produkt\/montre-parlant-metal-2\/"},"modified":"2026-04-15T09:08:05","modified_gmt":"2026-04-15T09:08:05","slug":"montre-parlant-metal-2","status":"publish","type":"product","link":"https:\/\/shop.szblind.ch\/fr\/produkt\/montre-parlant-metal-2\/","title":{"rendered":"Montre AVH 4 boutons 38 mm parlante, fran\u00e7aise, bracelet m\u00e9tallique"},"content":{"rendered":"<div class='html translation-block'>\n<p class=\"attachment\"><a href='https:\/\/shop.szblind.ch\/wp-content\/uploads\/2025\/12\/755_0_1_05_220_g.jpg'><img loading=\"lazy\" width=\"300\" height=\"192\" src=\"https:\/\/shop.szblind.ch\/wp-content\/uploads\/2025\/12\/755_0_1_05_220_g-300x192.jpg\" class=\"attachment-medium size-medium\" alt=\"05_220_g.jpg\" \/><\/a><\/p>\n<p><span style=\"font-family:Frutiger Neue 1450 Pro Regular;font-size:16px\">Recommand\u00e9 pour les personnes atteintes de c\u00e9cit\u00e9 et de d\u00e9ficience visuelle<\/span><\/p>.\n<p><span style=\"font-weight:bold;font-family:Frutiger Neue 1450 Pro Regular;font-size:19px\">El\u00e9gante montre parlante chrom\u00e9e avec r\u00e9glage autonome<\/span><\/p>\n<p><span style=\"font-family:Frutiger Neue 1450 Pro Regular;font-size:16px\">Manipulation : moyenne<\/span><\/p>\n<p><span style=\"font-weight:bold;font-family:Frutiger Neue 1450 Pro Regular;font-size:19px\">Sp\u00e9cificit\u00e9s:<\/span><\/p>\n<p><span style=\"font-family:Frutiger Neue 1450 Pro Regular;font-size:16px\">- Beau design en m\u00e9tal chrom\u00e9, avec bracelet \u00e9lastique.<\/span><\/p>\n<p><span style=\"font-family:Frutiger Neue 1450 Pro Regular;font-size:16px\">- Annonce automatique de l'heure <\/span><\/p>\n<p><span style=\"font-family:Frutiger Neue 1450 Pro Regular;font-size:16px\">- Autonomie des r\u00e9glages vocaux<\/span><\/p>\n<p><span style=\"font-family:Frutiger Neue 1450 Pro Regular;font-size:16px\">- Disponible uniquement en fran\u00e7ais<\/span><\/p>\n<p><span style=\"font-family:Frutiger Neue 1450 Pro Regular;font-size:16px\">- Disponible en 2 tailles<\/span><\/p>\n<p><span style=\"font-weight:bold;font-family:Frutiger Neue 1450 Pro Regular;font-size:19px\">Description:<\/span><\/p>\n<p><span style=\"font-weight:bold;font-family:Frutiger Neue 1450 Pro Regular;font-size:16px\">Dimensions du cadran:<\/span><span style=\"font-family:Frutiger Neue 1450 Pro Regular;font-size:16px\"> 33 \/ 38mm<\/span><span style=\"font-weight:bold;font-family:Frutiger Neue 1450 Pro Regular;font-size:16px\"> <\/span><\/p>\n<p><span style=\"font-weight:bold;font-family:Frutiger Neue 1450 Pro Regular;font-size:16px\">Alarme\/e:<\/span><span style=\"font-family:Frutiger Neue 1450 Pro Regular;font-size:16px\"> oui<\/span><\/p>\n<p><span style=\"font-weight:bold;font-family:Frutiger Neue 1450 Pro Regular;font-size:16px\">Annonce:<\/span><span style=\"font-family:Frutiger Neue 1450 Pro Regular;font-size:16px\"> Heure, date, jour<\/span><\/p>\n<p><span style=\"font-weight:bold;font-family:Frutiger Neue 1450 Pro Regular;font-size:16px\">Bracelet:<\/span><span style=\"font-family:Frutiger Neue 1450 Pro Regular;font-size:16px\"> m\u00e9tal argent\u00e9<\/span><\/p>\n<p><span style=\"font-weight:bold;font-family:Frutiger Neue 1450 Pro Regular;font-size:16px\">Annonce automatique de l'heure:<\/span><span style=\"font-family:Frutiger Neue 1450 Pro Regular;font-size:16px\"> oui<\/span><\/p>\n<p><span style=\"font-weight:bold;font-family:Frutiger Neue 1450 Pro Regular;font-size:16px\">Dur\u00e9e de vie:<\/span><span style=\"font-family:Frutiger Neue 1450 Pro Regular;font-size:16px\"> Environ 1 an, ou selon l'utilisation<\/span><\/p>.\n<p><span style=\"font-weight:bold;font-family:Frutiger Neue 1450 Pro Regular;font-size:16px\">Possibilit\u00e9s de r\u00e9glage:<\/span><span style=\"font-family:Frutiger Neue 1450 Pro Regular;font-size:16px\"> Date, heure, r\u00e9veil, sonnerie<\/span><\/p>\n<p><span style=\"font-weight:bold;font-family:Frutiger Neue 1450 Pro Regular;font-size:16px\">Poids:<\/span><span style=\"font-family:Frutiger Neue 1450 Pro Regular;font-size:16px\"> 55 \/ 70 grammes<\/span><\/p>\n<p><span style=\"font-weight:bold;font-family:Frutiger Nouvelle 1450 Pro Regular;font-size:16px\">Boutons:<\/span><span style=\"font-family:Frutiger Nouvelle 1450 Pro Regular;font-size:16px\"> 4<\/span><\/p>\n<p><span style=\"font-weight:bold;font-family:Frutiger Nouvelle 1450 Pro Regular;font-size:16px\">Couronne :<\/span><span style=\"font-family:Frutiger Nouvelle 1450 Pro Regular;font-size:16px\"> oui<\/span><\/p>\n<p><span style=\"font-weight:bold;font-family:Frutiger Neue 1450 Pro Regular;font-size:16px\">Volume : <\/span><span style=\"font-family:Frutiger Neue 1450 Pro Regular;font-size:16px\">Moyen<\/span><\/p>.\n<p><span style=\"font-weight:bold;font-family:Frutiger Neue 1450 Pro Regular;font-size:16px\">Sortie vocale:<\/span><span style=\"font-family:Frutiger Neue 1450 Pro Regular;font-size:16px\"> moyenne<\/span><\/p>\n<p><span style=\"font-weight:bold;font-family:Frutiger Neue 1450 Pro Regular;font-size:16px\">Langues : <\/span><span style=\"font-family:Frutiger Neue 1450 Pro Regular;font-size:16px\">Fran\u00e7ais<\/span><\/p>\n<p><span style=\"font-weight:bold;font-family:Frutiger Neue 1450 Pro Regular;font-size:16px\">Voix :<\/span><span style=\"font-family:Frutiger Neue 1450 Pro Regular;font-size:16px\"> Masculin<\/span><\/p>\n<p><span style=\"font-weight:bold;font-family:Frutiger Neue 1450 Pro Regular;font-size:16px\">Protection contre les chocs:<\/span><span style=\"font-family:Frutiger Neue 1450 Pro Regular;font-size:16px\"> non<\/span><\/p>\n<p><span style=\"font-weight:bold;font-family:Frutiger Neue 1450 Pro Regular;font-size:16px\">Alimentation \u00e9lectrique:<\/span><span style=\"font-family:Frutiger Neue 1450 Pro Regular;font-size:16px\"> 2 piles, CR 2025 + VR 377<\/span><\/p>\n<p><span style=\"font-weight:bold;font-family:Frutiger Neue 1450 Pro Regular;font-size:16px\">Technologie:<\/span><span style=\"font-family:Frutiger Neue 1450 Pro Regular;font-size:16px\"> Quartz<\/span><\/p>\n<p><span style=\"font-weight:bold;font-family:Frutiger Neue 1450 Pro Regular;font-size:16px\">Etanche:<\/span><span style=\"font-family:Frutiger Neue 1450 Pro Regular;font-size:16px\"> non<\/span><\/p>\n<p><span style=\"font-weight:bold;font-family:Frutiger Neue 1450 Pro Regular;font-size:16px\">Cadran\/affichage:<\/span><span style=\"font-family:Frutiger Neue 1450 Pro Regular;font-size:16px\">fond blanc, aiguilles et chiffres noirs, cadran dor\u00e9<\/span><\/p>\n<\/p>\n<\/div>","protected":false},"excerpt":{"rendered":"<p>Montre AVH 4 boutons, 33 mm<\/p>","protected":false},"featured_media":4481,"comment_status":"open","ping_status":"closed","template":"","meta":{"_acf_changed":false},"product_brand":[],"product_cat":[764,748],"product_tag":[],"class_list":{"0":"post-42045","1":"product","2":"type-product","3":"status-publish","4":"has-post-thumbnail","6":"product_cat-748sprachausgabe","7":"product_cat-0uhren","9":"first","10":"instock","11":"taxable","12":"shipping-taxable","13":"purchasable","14":"product-type-simple"},"acf":[],"_links":{"self":[{"href":"https:\/\/shop.szblind.ch\/fr\/wp-json\/wp\/v2\/product\/42045","targetHints":{"allow":["GET"]}}],"collection":[{"href":"https:\/\/shop.szblind.ch\/fr\/wp-json\/wp\/v2\/product"}],"about":[{"href":"https:\/\/shop.szblind.ch\/fr\/wp-json\/wp\/v2\/types\/product"}],"replies":[{"embeddable":true,"href":"https:\/\/shop.szblind.ch\/fr\/wp-json\/wp\/v2\/comments?post=42045"}],"wp:featuredmedia":[{"embeddable":true,"href":"https:\/\/shop.szblind.ch\/fr\/wp-json\/wp\/v2\/media\/4481"}],"wp:attachment":[{"href":"https:\/\/shop.szblind.ch\/fr\/wp-json\/wp\/v2\/media?parent=42045"}],"wp:term":[{"taxonomy":"product_brand","embeddable":true,"href":"https:\/\/shop.szblind.ch\/fr\/wp-json\/wp\/v2\/product_brand?post=42045"},{"taxonomy":"product_cat","embeddable":true,"href":"https:\/\/shop.szblind.ch\/fr\/wp-json\/wp\/v2\/product_cat?post=42045"},{"taxonomy":"product_tag","embeddable":true,"href":"https:\/\/shop.szblind.ch\/fr\/wp-json\/wp\/v2\/product_tag?post=42045"}],"curies":[{"name":"wp","href":"https:\/\/api.w.org\/{rel}","templated":true}]}}