{"id":42046,"date":"2026-01-26T11:24:47","date_gmt":"2026-01-26T11:24:47","guid":{"rendered":"https:\/\/shop.szblind.ch\/produkt\/grosstasten-serenities\/"},"modified":"2026-04-15T09:08:07","modified_gmt":"2026-04-15T09:08:07","slug":"grosses-touches-serenities","status":"publish","type":"product","link":"https:\/\/shop.szblind.ch\/fr\/produkt\/grosstasten-serenities\/","title":{"rendered":"T\u00e9l\u00e9phone Geemarc Serenities \u00e0 fort contraste, filaire"},"content":{"rendered":"<div class='html translation-block'>\n<p class=\"attachment\"><a href='https:\/\/shop.szblind.ch\/wp-content\/uploads\/2025\/12\/756_0_1_07_665_g.jpg'><img loading=\"lazy\" width=\"300\" height=\"192\" src=\"https:\/\/shop.szblind.ch\/wp-content\/uploads\/2025\/12\/756_0_1_07_665_g-300x192.jpg\" class=\"attachment-medium size-medium\" alt=\"07_665_g.JPG\" \/><\/a><\/p>\n<p><span style=\"font-family:Frutiger Neue 1450 Pro Regular;font-size:15px\">Recommand\u00e9 aux personnes ayant une d\u00e9ficience visuelle, une c\u00e9cit\u00e9 ou une surdic\u00e9cit\u00e9<\/span><\/p>\n<p><span style=\"font-family:Frutiger Neue 1450 Pro Regular;font-size:15px\">Manipulation : moyenne <\/span><\/p>\n<p><span style=\"font-family:Frutiger Neue 1450 Pro Regular;font-size:15px\">Recommand\u00e9 pour les personnes malvoyantes et malentendantes-malvoyantes.<\/span><\/p>\n<\/p>\n<p><span style=\"font-weight:bold;font-family:Frutiger Neue 1450 Pro Regular;font-size:15px\">Particularit\u00e9s:<\/span><\/p>\n<p><span style=\"font-family:Frutiger Neue 1450 Pro Regular;font-size:15px\">- Compatibilit\u00e9 auditive<\/span><\/p>\n<p><span style=\"font-family:Frutiger Neue 1450 Pro Regular;font-size:15px\">- Sonnerie forte (80 DB)<\/span><\/p>\n<p><span style=\"font-family:Frutiger Neue 1450 Pro Regular;font-size:15px\">- Annonce vocale de l'appelant (si enregistr\u00e9e dans le r\u00e9pertoire) <\/span><\/p>\n<p><span style=\"font-family:Frutiger Neue 1450 Pro Regular;font-size:15px\">- Grand \u00e9cran r\u00e9tro-\u00e9clair\u00e9<\/span><\/p>\n<p><span style=\"font-family:Frutiger Neue 1450 Pro Regular;font-size:15px\">- 5 touches de m\u00e9morisation des num\u00e9ros abr\u00e9g\u00e9s<\/span><\/p>\n<p><span style=\"font-family:Frutiger Neue 1450 Pro Regular;font-size:15px\">- Touche SOS et bracelet<\/span><\/p>\n<\/p>\n<p><span style=\"font-weight:bold;font-family:Frutiger Neue 1450 Pro Regular;font-size:15px\">Description:<\/span><\/p>\n<p><span style=\"font-weight:bold;font-family:Frutiger Neue 1450 Pro Regular;font-size:15px\">Dimensions:<\/span><span style=\"font-family:Frutiger Neue 1450 Pro Regular;font-size:15px\"> \u00c9cran 26 x 20 x 5 cm, touches 2.7 x 1.9 cm<\/span><\/p>\n<p><span style=\"font-weight:bold;font-family:Frutiger Neue 1450 Pro Regular;font-size:15px\">Autonomie:<\/span><span style=\"font-family:Frutiger Neue 1450 Pro Regular;font-size:15px\"> uniquement pour les t\u00e9l\u00e9phones sans fil<\/span><\/p>\n<p><span style=\"font-weight:bold;font-family:Frutiger Neue 1450 Pro Regular;font-size:15px\">Display:<\/span><span style=\"font-family:Frutiger Neue 1450 Pro Regular;font-size:15px\"> oui, 8 x 4 cm, taille des chiffres : 1.1 cm<\/span><\/p>\n<p><span style=\"font-weight:bold;font-family:Frutiger Neue 1450 Pro Regular;font-size:15px\">Couleur:<\/span><span style=\"font-family:Frutiger Neue 1450 Pro Regular;font-size:15px\"> Blanc avec touches noires, grises et color\u00e9es<\/span><\/p>\n<p><span style=\"font-weight:bold;font-family:Frutiger Neue 1450 Pro Regular;font-size:15px\">Poids:<\/span><span style=\"font-family:Frutiger Neue 1450 Pro Regular;font-size:15px\"> 886 grammes<\/span><\/p>\n<p><span style=\"font-weight:bold;font-family:Frutiger Neue 1450 Pro Regular;font-size:15px\">Compatible avec les \u00e9couteurs:<\/span><span style=\"font-family:Frutiger Neue 1450 Pro Regular;font-size:15px\"> oui, avec boucle magn\u00e9tique<\/span><\/p>\n<p><span style=\"font-weight:bold;font-family:Frutiger Neue 1450 Pro Regular;font-size:15px\">T\u00e9moin de contr\u00f4le:<\/span><span style=\"font-family:Frutiger Neue 1450 Pro Regular;font-size:15px\"> oui <\/span><\/p>\n<p><span style=\"font-weight:bold;font-family:Frutiger Neue 1450 Pro Regular;font-size:15px\">Casque:<\/span><span style=\"font-family:Frutiger Neue 1450 Pro Regular;font-size:15px\"> avec fil <\/span><\/p>\n<p><span style=\"font-weight:bold;font-family:Frutiger Neue 1450 Pro Regular;font-size:15px\">Touches de raccourci:<\/span><span style=\"font-family:Frutiger Neue 1450 Pro Regular;font-size:15px\"> oui, 10<\/span><\/p>\n<p><span style=\"font-weight:bold;font-family:Frutiger Neue 1450 Pro Regular;font-size:15px\">Haut-parleurs :<\/span><span style=\"font-family:Frutiger Neue 1450 Pro Regular;font-size:15px\"> oui <\/span><\/p>\n<p><span style=\"font-weight:bold;font-family:Frutiger Neue 1450 Pro Regular;font-size:15px\">Volume du t\u00e9l\u00e9phone:<\/span><span style=\"font-family:Frutiger Neue 1450 Pro Regular;font-size:15px\"> 80 dB<\/span><\/p>\n<p><span style=\"font-weight:bold;font-family:Frutiger Neue 1450 Pro Regular;font-size:15px\">Mat\u00e9riau :<\/span><span style=\"font-family:Frutiger Neue 1450 Pro Regular;font-size:15px\"> Plastique<\/span><\/p>\n<p><span style=\"font-weight:bold;font-family:Frutiger Neue 1450 Pro Regular;font-size:15px\">Sortie vocale:<\/span><span style=\"font-family:Frutiger Neue 1450 Pro Regular;font-size:15px\"> oui pour les chiffres num\u00e9riques<\/span><\/p>\n<p><span style=\"font-weight:bold;font-family:Frutiger Neue 1450 Pro Regular;font-size:15px\">Touches m\u00e9moires:<\/span><span style=\"font-family:Frutiger Neue 1450 Pro Regular;font-size:15px\"> oui, 5<\/span><\/p>\n<p><span style=\"font-weight:bold;font-family:Frutiger Neue 1450 Pro Regular;font-size:15px\">Langue:<\/span><span style=\"font-family:Frutiger Neue 1450 Pro Regular;font-size:15px\"> Allemand, Fran\u00e7ais, Anglais, Italien, Espagnol<\/span><\/p>\n<p><span style=\"font-weight:bold;font-family:Frutiger Neue 1450 Pro Regular;font-size:15px\">Alimentation \u00e9lectrique:<\/span><span style=\"font-family:Frutiger Neue 1450 Pro Regular;font-size:15px\"> 4 piles AAA et c\u00e2ble<\/span><\/p>\n<p><span style=\"font-weight:bold;font-family:Frutiger Neue 1450 Pro Regular;font-size:15px\">Technologie :<\/span><span style=\"font-family:Frutiger Neue 1450 Pro Regular;font-size:15px\"> Num\u00e9rique<\/span><\/p>\n<p><span style=\"font-weight:bold;font-family:Frutiger Neue 1450 Pro Regular;font-size:15px\">R\u00e9pertoire t\u00e9l\u00e9phonique:<\/span><span style=\"font-family:Frutiger Neue 1450 Pro Regular;font-size:15px\"> Jusqu'\u00e0 30 noms<\/span><\/p>\n<\/p>\n<\/div>","protected":false},"excerpt":{"rendered":"<p>T\u00e9l\u00e9phone Geemarc Serenities<\/p>","protected":false},"featured_media":4482,"comment_status":"open","ping_status":"closed","template":"","meta":{"_acf_changed":false},"product_brand":[],"product_cat":[768,749],"product_tag":[],"class_list":{"0":"post-42046","1":"product","2":"type-product","3":"status-publish","4":"has-post-thumbnail","6":"product_cat-749festnetztelefone","7":"product_cat-0telefone","9":"first","10":"instock","11":"taxable","12":"shipping-taxable","13":"purchasable","14":"product-type-simple"},"acf":[],"_links":{"self":[{"href":"https:\/\/shop.szblind.ch\/fr\/wp-json\/wp\/v2\/product\/42046","targetHints":{"allow":["GET"]}}],"collection":[{"href":"https:\/\/shop.szblind.ch\/fr\/wp-json\/wp\/v2\/product"}],"about":[{"href":"https:\/\/shop.szblind.ch\/fr\/wp-json\/wp\/v2\/types\/product"}],"replies":[{"embeddable":true,"href":"https:\/\/shop.szblind.ch\/fr\/wp-json\/wp\/v2\/comments?post=42046"}],"wp:featuredmedia":[{"embeddable":true,"href":"https:\/\/shop.szblind.ch\/fr\/wp-json\/wp\/v2\/media\/4482"}],"wp:attachment":[{"href":"https:\/\/shop.szblind.ch\/fr\/wp-json\/wp\/v2\/media?parent=42046"}],"wp:term":[{"taxonomy":"product_brand","embeddable":true,"href":"https:\/\/shop.szblind.ch\/fr\/wp-json\/wp\/v2\/product_brand?post=42046"},{"taxonomy":"product_cat","embeddable":true,"href":"https:\/\/shop.szblind.ch\/fr\/wp-json\/wp\/v2\/product_cat?post=42046"},{"taxonomy":"product_tag","embeddable":true,"href":"https:\/\/shop.szblind.ch\/fr\/wp-json\/wp\/v2\/product_tag?post=42046"}],"curies":[{"name":"wp","href":"https:\/\/api.w.org\/{rel}","templated":true}]}}