{"id":42049,"date":"2026-01-26T11:24:53","date_gmt":"2026-01-26T11:24:53","guid":{"rendered":"https:\/\/shop.szblind.ch\/produkt\/maul-led-leuchte-office-silber\/"},"modified":"2026-04-15T09:08:29","modified_gmt":"2026-04-15T09:08:29","slug":"lampe-maul-led-office-argent","status":"publish","type":"product","link":"https:\/\/shop.szblind.ch\/fr\/produkt\/maul-led-leuchte-office-silber\/","title":{"rendered":"Lampe de bureau LED MAULoffice argent avec pied"},"content":{"rendered":"<div class='html translation-block'>\n<p class=\"attachment\"><a href='https:\/\/shop.szblind.ch\/wp-content\/uploads\/2025\/12\/f44c6db6-fc2b-e25a-8308-7f7d9e4c1baf_51_764_lupenbrille_einfach.jpg'><img loading=\"lazy\" width=\"300\" height=\"225\" src=\"https:\/\/shop.szblind.ch\/wp-content\/uploads\/2025\/12\/f44c6db6-fc2b-e25a-8308-7f7d9e4c1baf_51_764_lupenbrille_einfach-300x225.jpg\" class=\"attachment-medium size-medium\" alt=\"51_764 Lupenbrille_e\" \/><\/a><\/p>\n<p><span style=\"font-family:Arial;font-size:14px\">Lampe de bureau LED MAULoffice argent<\/span><\/p>\n<p><span style=\"font-family:Arial;font-size:14px\">T\u00eate de lampe avec protection anti-\u00e9blouissement, r\u00e9flecteur pour une exploitation optimale de la lumi\u00e8re<\/span><\/p>\n<p><span style=\"font-family:Arial;font-size:14px\">Consommation \u00e9lectrique nulle lorsque la lampe est \u00e9teinte gr\u00e2ce \u00e0 l'interrupteur marche\/arr\u00eat<\/span><\/p>.\n<p><span style=\"font-family:Arial;font-size:14px\">Douille de lampe : culot E27<\/span><\/p>\n<p><span style=\"font-family:Arial;font-size:14px\">Pied stable avec surface anthracite<\/span><\/p>\n<p><span style=\"font-family:Arial;font-size:14px\">Intensit\u00e9 lumineuse de la lampe : 1.620 lux \u00e0 une distance de 35 cm<\/span><\/p>\n<p><span style=\"font-family:Arial;font-size:14px\">Temp\u00e9rature de couleur (par source lumineuse) : 3.000 Kelvin (blanc chaud)<\/span><\/p>\n<p><span style=\"font-family:Arial;font-size:14px\">Nombre de sources lumineuses : 1<\/span><\/p>\n<p><span style=\"font-family:Arial;font-size:14px\">Classe d'efficacit\u00e9 \u00e9nerg\u00e9tique (par source lumineuse) : F (spectre A \u00e0 G)<\/span><\/p>\n<p><span style=\"font-family:Arial;font-size:14px\">Consommation \u00e9nerg\u00e9tique pond\u00e9r\u00e9e (par source lumineuse) : 10 kWh<\/span><\/p>\n<p><span style=\"font-family:Arial;font-size:14px\">Dur\u00e9e de vie L70B50 (par source lumineuse) : 15.000 h<\/span><\/p>\n<p><span style=\"font-family:Arial;font-size:14px\">D\u00e9bit lumineux utile (par source lumineuse) : 950 lumens<\/span><\/p>\n<p><span style=\"font-family:Arial;font-size:14px\">Pied : pied\/pied \u00e0 pince<\/span><\/p>\n<p><span style=\"font-family:Arial;font-size:14px\">Mat\u00e9riau : t\u00eate : plastique - bras : aluminium - pied : plastique - pied de serrage : m\u00e9tal - pied : surface anthracite, mat<\/span><\/p>\n<p><span style=\"font-family:Arial;font-size:14px\">Dimensions : hauteur : 55,5 cm - t\u00eate : 21,5 x 9,2 cm - bras : longueur en bas 41 cm, longueur en haut 41 cm - pied : \u00d8 22,8 cm, largeur de serrage : 0 - 5,5 cm<\/span><\/p>.\n<p><span style=\"font-family:Arial;font-size:14px\">Mouvement : t\u00eate : inclinable, pivotante - bras : pivotant, inclinable<\/span><\/p>\n<p><span style=\"font-family:Arial;font-size:14px\">Position de l'interrupteur : t\u00eate du luminaire<\/span><\/p>\n<\/p>\n<\/div>","protected":false},"excerpt":{"rendered":"<p>Lampe de bureau LED MAULoffice argent<\/p>","protected":false},"featured_media":4502,"comment_status":"open","ping_status":"closed","template":"","meta":{"_acf_changed":false},"product_brand":[],"product_cat":[807,756],"product_tag":[],"class_list":{"0":"post-42049","1":"product","2":"type-product","3":"status-publish","4":"has-post-thumbnail","6":"product_cat-756leuchten","7":"product_cat-0low-vision-produkte","9":"first","10":"instock","11":"taxable","12":"shipping-taxable","13":"purchasable","14":"product-type-simple"},"acf":[],"_links":{"self":[{"href":"https:\/\/shop.szblind.ch\/fr\/wp-json\/wp\/v2\/product\/42049","targetHints":{"allow":["GET"]}}],"collection":[{"href":"https:\/\/shop.szblind.ch\/fr\/wp-json\/wp\/v2\/product"}],"about":[{"href":"https:\/\/shop.szblind.ch\/fr\/wp-json\/wp\/v2\/types\/product"}],"replies":[{"embeddable":true,"href":"https:\/\/shop.szblind.ch\/fr\/wp-json\/wp\/v2\/comments?post=42049"}],"wp:featuredmedia":[{"embeddable":true,"href":"https:\/\/shop.szblind.ch\/fr\/wp-json\/wp\/v2\/media\/4502"}],"wp:attachment":[{"href":"https:\/\/shop.szblind.ch\/fr\/wp-json\/wp\/v2\/media?parent=42049"}],"wp:term":[{"taxonomy":"product_brand","embeddable":true,"href":"https:\/\/shop.szblind.ch\/fr\/wp-json\/wp\/v2\/product_brand?post=42049"},{"taxonomy":"product_cat","embeddable":true,"href":"https:\/\/shop.szblind.ch\/fr\/wp-json\/wp\/v2\/product_cat?post=42049"},{"taxonomy":"product_tag","embeddable":true,"href":"https:\/\/shop.szblind.ch\/fr\/wp-json\/wp\/v2\/product_tag?post=42049"}],"curies":[{"name":"wp","href":"https:\/\/api.w.org\/{rel}","templated":true}]}}