{"id":42055,"date":"2026-01-26T11:25:08","date_gmt":"2026-01-26T11:25:08","guid":{"rendered":"https:\/\/shop.szblind.ch\/produkt\/montre-parlant-femme\/"},"modified":"2026-04-15T09:08:43","modified_gmt":"2026-04-15T09:08:43","slug":"montre-parlante-pour-femme","status":"publish","type":"product","link":"https:\/\/shop.szblind.ch\/fr\/produkt\/montre-parlant-femme\/","title":{"rendered":"Montre Cflou bouton unique 25 mm parlant, fran\u00e7ais, bracelet cuir"},"content":{"rendered":"<div class='html translation-block'>\n<p class=\"attachment\"><a href='https:\/\/shop.szblind.ch\/wp-content\/uploads\/2025\/12\/799_0_1_01_745_g.jpg'><img loading=\"lazy\" width=\"300\" height=\"192\" src=\"https:\/\/shop.szblind.ch\/wp-content\/uploads\/2025\/12\/799_0_1_01_745_g-300x192.jpg\" class=\"attachment-medium size-medium\" alt=\"01_745_g.jpg\" \/><\/a><\/p>\n<\/p>\n<p><span style=\"font-family:Frutiger Neue 1450 Pro Regular;font-size:16px\">Recommand\u00e9 aux personnes atteintes de c\u00e9cit\u00e9 et de d\u00e9ficience visuelle<\/span><\/p>\n<p><span style=\"font-weight:bold;font-family:Frutiger Neue 1450 Pro Regular;font-size:19px\">Petite montre parlante en or, chic et simple<\/span><\/p>.\n<p><span style=\"font-family:Frutiger Neue 1450 Pro Regular;font-size:16px\">Manipulation : facile<\/span><\/p>\n<p><span style=\"font-weight:bold;font-family:Frutiger Neue 1450 Pro Regular;font-size:19px\">Sp\u00e9cificit\u00e9s:<\/span><\/p>\n<p><span style=\"font-family:Frutiger Neue 1450 Pro Regular;font-size:16px\">- Femme<\/span><\/p>\n<p><span style=\"font-family:Frutiger Neue 1450 Pro Regular;font-size:16px\">- Forte synth\u00e8se vocale<\/span><\/p>\n<p><span style=\"font-family:Frutiger Neue 1450 Pro Regular;font-size:16px\">- Disponible uniquement en fran\u00e7ais<\/span><\/p>\n<p><span style=\"font-weight:bold;font-family:Frutiger Neue 1450 Pro Regular;font-size:19px\">Description:<\/span><\/p>\n<p><span style=\"font-weight:bold;font-family:Frutiger Neue 1450 Pro Regular;font-size:16px\">Dimensions du cadran:<\/span><span style=\"font-family:Frutiger Neue 1450 Pro Regular;font-size:16px\"> 25mm<\/span><span style=\"font-weight:bold;font-family:Frutiger Neue 1450 Pro Regular;font-size:16px\"> <\/span><\/p>\n<p><span style=\"font-weight:bold;font-family:Frutiger Neue 1450 Pro Regular;font-size:16px\">Alarme\/e:<\/span><span style=\"font-family:Frutiger Neue 1450 Pro Regular;font-size:16px\"> -<\/span><\/p>\n<p><span style=\"font-weight:bold;font-family:Frutiger Nouvelle 1450 Pro Regular;font-size:16px\">Annonce :<\/span><span style=\"font-family:Frutiger Nouvelle 1450 Pro Regular;font-size:16px\"> Heure<\/span><\/p>\n<p><span style=\"font-weight:bold;font-family:Frutiger Neue 1450 Pro Regular;font-size:16px\">Bracelet:<\/span><span style=\"font-family:Frutiger Neue 1450 Pro Regular;font-size:16px\"> cuir noir<\/span><\/p>\n<p><span style=\"font-weight:bold;font-family:Frutiger Neue 1450 Pro Regular;font-size:16px\">Annonce automatique de l'heure:<\/span><span style=\"font-family:Frutiger Neue 1450 Pro Regular;font-size:16px\"> -<\/span><\/p>.\n<p><span style=\"font-weight:bold;font-family:Frutiger Neue 1450 Pro Regular;font-size:16px\">Dur\u00e9e de vie:<\/span><span style=\"font-family:Frutiger Neue 1450 Pro Regular;font-size:16px\"> Environ 1 an, ou selon l'utilisation<\/span><\/p>.\n<p><span style=\"font-weight:bold;font-family:Frutiger Neue 1450 Pro Regular;font-size:16px\">Possibilit\u00e9s de r\u00e9glage:<\/span><span style=\"font-family:Frutiger Neue 1450 Pro Regular;font-size:16px\"> Heures, minutes<\/span><\/p>\n<p><span style=\"font-weight:bold;font-family:Frutiger Neue 1450 Pro Regular;font-size:16px\">Poids:<\/span><span style=\"font-family:Frutiger Neue 1450 Pro Regular;font-size:16px\"> 38 grammes<\/span><\/p>\n<p><span style=\"font-weight:bold;font-family:Frutiger Nouvelle 1450 Pro Regular;font-size:16px\">Boutons:<\/span><span style=\"font-family:Frutiger Nouvelle 1450 Pro Regular;font-size:16px\"> 1<\/span><\/p>\n<p><span style=\"font-weight:bold;font-family:Frutiger Nouvelle 1450 Pro Regular;font-size:16px\">Couronne :<\/span><span style=\"font-family:Frutiger Nouvelle 1450 Pro Regular;font-size:16px\"> oui<\/span><\/p>\n<p><span style=\"font-weight:bold;font-family:Frutiger Neue 1450 Pro Regular;font-size:16px\">Volume : <\/span><span style=\"font-family:Frutiger Neue 1450 Pro Regular;font-size:16px\">fort, 80 dB<\/span><\/p>\n<p><span style=\"font-weight:bold;font-family:Frutiger Neue 1450 Pro Regular;font-size:16px\">Sortie vocale:<\/span><span style=\"font-family:Frutiger Neue 1450 Pro Regular;font-size:16px\"> bonne<\/span><\/p>\n<p><span style=\"font-weight:bold;font-family:Frutiger Nouvelle 1450 Pro Regular;font-size:16px\">Langues : <\/span><span style=\"font-family:Frutiger Nouvelle 1450 Pro Regular;font-size:16px\">Fran\u00e7ais<\/span><\/p>\n<p><span style=\"font-weight:bold;font-family:Frutiger Neue 1450 Pro Regular;font-size:16px\">Voix:<\/span><span style=\"font-family:Frutiger Neue 1450 Pro Regular;font-size:16px\"> F\u00e9minine<\/span><\/p>\n<p><span style=\"font-weight:bold;font-family:Frutiger Neue 1450 Pro Regular;font-size:16px\">Protection contre les chocs:<\/span><span style=\"font-family:Frutiger Neue 1450 Pro Regular;font-size:16px\"> non<\/span><\/p>\n<p><span style=\"font-weight:bold;font-family:Frutiger Neue 1450 Pro Regular;font-size:16px\">Alimentation \u00e9lectrique:<\/span><span style=\"font-family:Frutiger Neue 1450 Pro Regular;font-size:16px\"> 1 pile CR 2025<\/span><\/p>\n<p><span style=\"font-weight:bold;font-family:Frutiger Neue 1450 Pro Regular;font-size:16px\">Technologie:<\/span><span style=\"font-family:Frutiger Neue 1450 Pro Regular;font-size:16px\"> Quartz <\/span><\/p>\n<p><span style=\"font-weight:bold;font-family:Frutiger Neue 1450 Pro Regular;font-size:16px\">Etanche \u00e0 l'eau:<\/span><span style=\"font-family:Frutiger Neue 1450 Pro Regular;font-size:16px\"> non<\/span><\/p>\n<p><span style=\"font-weight:bold;font-family:Frutiger Neue 1450 Pro Regular;font-size:16px\">Cadran\/affichage:<\/span><span style=\"font-family:Frutiger Neue 1450 Pro Regular;font-size:16px\">fond blanc, aiguilles et chiffres noirs, cadran dor\u00e9<\/span><\/p>\n<\/p>\n<\/div>","protected":false},"excerpt":{"rendered":"<p>Montre Cflou 25 mm<\/p>","protected":false},"featured_media":4523,"comment_status":"open","ping_status":"closed","template":"","meta":{"_acf_changed":false},"product_brand":[],"product_cat":[764,748],"product_tag":[],"class_list":{"0":"post-42055","1":"product","2":"type-product","3":"status-publish","4":"has-post-thumbnail","6":"product_cat-748sprachausgabe","7":"product_cat-0uhren","9":"first","10":"instock","11":"taxable","12":"shipping-taxable","13":"purchasable","14":"product-type-simple"},"acf":[],"_links":{"self":[{"href":"https:\/\/shop.szblind.ch\/fr\/wp-json\/wp\/v2\/product\/42055","targetHints":{"allow":["GET"]}}],"collection":[{"href":"https:\/\/shop.szblind.ch\/fr\/wp-json\/wp\/v2\/product"}],"about":[{"href":"https:\/\/shop.szblind.ch\/fr\/wp-json\/wp\/v2\/types\/product"}],"replies":[{"embeddable":true,"href":"https:\/\/shop.szblind.ch\/fr\/wp-json\/wp\/v2\/comments?post=42055"}],"wp:featuredmedia":[{"embeddable":true,"href":"https:\/\/shop.szblind.ch\/fr\/wp-json\/wp\/v2\/media\/4523"}],"wp:attachment":[{"href":"https:\/\/shop.szblind.ch\/fr\/wp-json\/wp\/v2\/media?parent=42055"}],"wp:term":[{"taxonomy":"product_brand","embeddable":true,"href":"https:\/\/shop.szblind.ch\/fr\/wp-json\/wp\/v2\/product_brand?post=42055"},{"taxonomy":"product_cat","embeddable":true,"href":"https:\/\/shop.szblind.ch\/fr\/wp-json\/wp\/v2\/product_cat?post=42055"},{"taxonomy":"product_tag","embeddable":true,"href":"https:\/\/shop.szblind.ch\/fr\/wp-json\/wp\/v2\/product_tag?post=42055"}],"curies":[{"name":"wp","href":"https:\/\/api.w.org\/{rel}","templated":true}]}}