{"id":42067,"date":"2026-01-26T11:25:33","date_gmt":"2026-01-26T11:25:33","guid":{"rendered":"https:\/\/shop.szblind.ch\/produkt\/uhr-sprechend\/"},"modified":"2026-04-15T09:09:16","modified_gmt":"2026-04-15T09:09:16","slug":"montre-parlante","status":"publish","type":"product","link":"https:\/\/shop.szblind.ch\/fr\/produkt\/uhr-sprechend\/","title":{"rendered":"Montre MyTime 11 x 5,7 cm multilingue, bouton unique, sans affichage"},"content":{"rendered":"<div class='html translation-block'>\n<p class=\"attachment\"><a href='https:\/\/shop.szblind.ch\/wp-content\/uploads\/2025\/12\/828_0_1_09_396_g.jpg'><img loading=\"lazy\" width=\"300\" height=\"192\" src=\"https:\/\/shop.szblind.ch\/wp-content\/uploads\/2025\/12\/828_0_1_09_396_g-300x192.jpg\" class=\"attachment-medium size-medium\" alt=\"09_396_g.jpg\" \/><\/a><\/p>\n<p><span style=\"font-family:Frutiger Neue 1450 Pro Regular;font-size:16px\">Recommand\u00e9 pour les personnes atteintes de c\u00e9cit\u00e9 et de d\u00e9ficience visuelle<\/span><\/p>.\n<p><span style=\"font-weight:bold;font-family:Frutiger Neue 1450 Pro Regular;font-size:19px\">Bo\u00eetier parlant tr\u00e8s facile \u00e0 utiliser<\/span><\/p>\n<p><span style=\"font-family:Frutiger Neue 1450 Pro Regular;font-size:16px\">Manipulation : simple-moyenne<\/span><\/p>\n<p><span style=\"font-weight:bold;font-family:Frutiger Neue 1450 Pro Regular;font-size:19px\">Sp\u00e9cificit\u00e9s:<\/span><\/p>\n<p><span style=\"font-family:Frutiger Neue 1450 Pro Regular;font-size:16px\">- Excellente qualit\u00e9 de la synth\u00e8se vocale<\/span><\/p>\n<p><span style=\"font-family:Frutiger Neue 1450 Pro Regular;font-size:16px\">- Le volume peut \u00eatre r\u00e9gl\u00e9<\/span><\/p>\n<p><span style=\"font-family:Frutiger Neue 1450 Pro Regular;font-size:16px\">- Prise jack pour casque d'\u00e9coute<\/span><\/p>\n<p><span style=\"font-weight:bold;font-family:Frutiger Neue 1450 Pro Regular;font-size:19px\">Description:<\/span><\/p>\n<p><span style=\"font-weight:bold;font-family:Frutiger Neue 1450 Pro Regular;font-size:16px\">Dimensions du cadran:<\/span><span style=\"font-family:Frutiger Neue 1450 Pro Regular;font-size:16px\"> 11 x 5.7 x 1.7 cm<\/span><\/p>\n<p><span style=\"font-weight:bold;font-family:Frutiger Neue 1450 Pro Regular;font-size:16px\">Alarme\/e:<\/span><span style=\"font-family:Frutiger Neue 1450 Pro Regular;font-size:16px\"> -<\/span><\/p>\n<p><span style=\"font-weight:bold;font-family:Frutiger Neue 1450 Pro Regular;font-size:16px\">Annonce:<\/span><span style=\"font-family:Frutiger Neue 1450 Pro Regular;font-size:16px\">Jours, heure<\/span><\/p>\n<p><span style=\"font-weight:bold;font-family:Frutiger Neue 1450 Pro Regular;font-size:16px\">Bracelet:<\/span><span style=\"font-family:Frutiger Neue 1450 Pro Regular;font-size:16px\"> -<\/span><\/p>.\n<p><span style=\"font-weight:bold;font-family:Frutiger Neue 1450 Pro Regular;font-size:16px\">Annonce automatique de l'heure:<\/span><span style=\"font-family:Frutiger Neue 1450 Pro Regular;font-size:16px\"> -<\/span><\/p>.\n<p><span style=\"font-weight:bold;font-family:Frutiger Neue 1450 Pro Regular;font-size:16px\">Dur\u00e9e de vie:<\/span><span style=\"font-family:Frutiger Neue 1450 Pro Regular;font-size:16px\"> Environ 1 an, ou selon l'utilisation<\/span><\/p>.\n<p><span style=\"font-weight:bold;font-family:Frutiger Neue 1450 Pro Regular;font-size:16px\">Possibilit\u00e9s de r\u00e9glage:<\/span><span style=\"font-family:Frutiger Neue 1450 Pro Regular;font-size:16px\"> Langue, heures, minutes, jour<\/span><\/p>\n<p><span style=\"font-weight:bold;font-family:Frutiger Neue 1450 Pro Regular;font-size:16px\">Poids:<\/span><span style=\"font-family:Frutiger Neue 1450 Pro Regular;font-size:16px\"> 81 grammes<\/span><\/p>\n<p><span style=\"font-weight:bold;font-family:Frutiger Neue 1450 Pro Regular;font-size:16px\">Boutons:<\/span><span style=\"font-family:Frutiger Neue 1450 Pro Regular;font-size:16px\"> 1 gros bouton devant, 4 petits boutons derri\u00e8re<\/span><\/p>\n<p><span style=\"font-weight:bold;font-family:Frutiger Nouvelle 1450 Pro Regular;font-size:16px\">Couronne:<\/span><span style=\"font-family:Frutiger Nouvelle 1450 Pro Regular;font-size:16px\"> -<\/span><\/p>\n<p><span style=\"font-weight:bold;font-family:Frutiger Neue 1450 Pro Regular;font-size:16px\">Volume : <\/span><span style=\"font-family:Frutiger Neue 1450 Pro Regular;font-size:16px\">r\u00e9glable, de faible \u00e0 tr\u00e8s fort<\/span><\/p>\n<p><span style=\"font-weight:bold;font-family:Frutiger Neue 1450 Pro Regular;font-size:16px\">Sortie vocale:<\/span><span style=\"font-family:Frutiger Neue 1450 Pro Regular;font-size:16px\"> excellente<\/span><\/p>\n<p><span style=\"font-weight:bold;font-family:Frutiger Neue 1450 Pro Regular;font-size:16px\">Langues : <\/span><span style=\"font-family:Frutiger Neue 1450 Pro Regular;font-size:16px\">Allemand, Fran\u00e7ais, Italien, Anglais, Espagnol, N\u00e9erlandais<\/span><\/p>\n<p><span style=\"font-weight:bold;font-family:Frutiger Neue 1450 Pro Regular;font-size:16px\">Voix :<\/span><span style=\"font-family:Frutiger Neue 1450 Pro Regular;font-size:16px\"> Femme<\/span><\/p>\n<p><span style=\"font-weight:bold;font-family:Frutiger Neue 1450 Pro Regular;font-size:16px\">Protection contre les chocs :<\/span><span style=\"font-family:Frutiger Neue 1450 Pro Regular;font-size:16px\"> non<\/span><\/p>\n<p><span style=\"font-weight:bold;font-family:Frutiger Neue 1450 Pro Regular;font-size:16px\">Alimentation \u00e9lectrique:<\/span><span style=\"font-family:Frutiger Neue 1450 Pro Regular;font-size:16px\"> 2 piles AAA <\/span><\/p>\n<p><span style=\"font-weight:bold;font-family:Frutiger Neue 1450 Pro Regular;font-size:16px\">Technologie:<\/span><span style=\"font-family:Frutiger Neue 1450 Pro Regular;font-size:16px\"> Choix entre le num\u00e9rique et l'analogique<\/span><\/p>\n<p><span style=\"font-weight:bold;font-family:Frutiger Neue 1450 Pro Regular;font-size:16px\">Etanche \u00e0 l'eau :<\/span><span style=\"font-family:Frutiger Neue 1450 Pro Regular;font-size:16px\"> non<\/span><\/p>\n<p><span style=\"font-weight:bold;font-family:Frutiger Neue 1450 Pro Regular;font-size:16px\">Cadran\/affichage:<\/span><span style=\"font-family:Frutiger Neue 1450 Pro Regular;font-size:16px\"> noir avec lettres blanches et boutons blancs<\/span><\/p>\n<\/p>\n<\/div>","protected":false},"excerpt":{"rendered":"<p>Montre My time 11 x 5,7 cm<\/p>","protected":false},"featured_media":4542,"comment_status":"open","ping_status":"closed","template":"","meta":{"_acf_changed":false},"product_brand":[],"product_cat":[764,748],"product_tag":[],"class_list":{"0":"post-42067","1":"product","2":"type-product","3":"status-publish","4":"has-post-thumbnail","6":"product_cat-748sprachausgabe","7":"product_cat-0uhren","9":"first","10":"instock","11":"taxable","12":"shipping-taxable","13":"purchasable","14":"product-type-simple"},"acf":[],"_links":{"self":[{"href":"https:\/\/shop.szblind.ch\/fr\/wp-json\/wp\/v2\/product\/42067","targetHints":{"allow":["GET"]}}],"collection":[{"href":"https:\/\/shop.szblind.ch\/fr\/wp-json\/wp\/v2\/product"}],"about":[{"href":"https:\/\/shop.szblind.ch\/fr\/wp-json\/wp\/v2\/types\/product"}],"replies":[{"embeddable":true,"href":"https:\/\/shop.szblind.ch\/fr\/wp-json\/wp\/v2\/comments?post=42067"}],"wp:featuredmedia":[{"embeddable":true,"href":"https:\/\/shop.szblind.ch\/fr\/wp-json\/wp\/v2\/media\/4542"}],"wp:attachment":[{"href":"https:\/\/shop.szblind.ch\/fr\/wp-json\/wp\/v2\/media?parent=42067"}],"wp:term":[{"taxonomy":"product_brand","embeddable":true,"href":"https:\/\/shop.szblind.ch\/fr\/wp-json\/wp\/v2\/product_brand?post=42067"},{"taxonomy":"product_cat","embeddable":true,"href":"https:\/\/shop.szblind.ch\/fr\/wp-json\/wp\/v2\/product_cat?post=42067"},{"taxonomy":"product_tag","embeddable":true,"href":"https:\/\/shop.szblind.ch\/fr\/wp-json\/wp\/v2\/product_tag?post=42067"}],"curies":[{"name":"wp","href":"https:\/\/api.w.org\/{rel}","templated":true}]}}