{"id":42069,"date":"2026-01-26T11:25:37","date_gmt":"2026-01-26T11:25:37","guid":{"rendered":"https:\/\/shop.szblind.ch\/produkt\/sehtest-szb-bailey\/"},"modified":"2026-04-15T09:09:20","modified_gmt":"2026-04-15T09:09:20","slug":"test-de-vision-szb-bailey","status":"publish","type":"product","link":"https:\/\/shop.szblind.ch\/fr\/produkt\/sehtest-szb-bailey\/","title":{"rendered":"test Bailey-Lovie de l'UCBA"},"content":{"rendered":"<div class='html translation-block'>\n<p class=\"attachment\"><a href='https:\/\/shop.szblind.ch\/wp-content\/uploads\/2025\/12\/833_0_1_51_136_g.jpg'><img loading=\"lazy\" width=\"299\" height=\"260\" src=\"https:\/\/shop.szblind.ch\/wp-content\/uploads\/2025\/12\/833_0_1_51_136_g.jpg\" class=\"attachment-medium size-medium\" alt=\"51_136_g.jpg\" \/><\/a><\/p>\n<p><span style=\"font-family:Arial;font-size:14px;color:#000000\">R\u00e9vis\u00e9es par l'\u00e9quipe du Centre de comp\u00e9tence pour les moyens auxiliaires optiques de l'UCBA, les chartes UCBA-Bailey se composent de deux tableaux, chacun avec des lettres imprim\u00e9es. L'une des planches est con\u00e7ue pour mesurer l'acuit\u00e9 visuelle de loin en haut contraste et l'autre avec les caract\u00e8res correspondants en bas contraste. En outre, les cercles suppl\u00e9mentaires permettent \u00e0 l'opticien de proc\u00e9der \u00e0 l'ajustement du cylindre crois\u00e9 pour d\u00e9terminer l'astigmatisme.<\/span><\/p>\n<p><span style=\"font-family:Arial;font-size:14px;color:#000000\"> <\/span><\/p>\n<p><span style=\"font-family:Arial;font-size:14px;color:#000000\">Format du tableau : 65 x 56 cm<\/span><\/p>\n<\/p>\n<p><span style=\"font-family:Arial;font-size:14px;color:#000000\"> <\/span><\/p>\n<\/p>\n<\/div>","protected":false},"excerpt":{"rendered":"<p>test Bailey-Lovie de l'UCBA<\/p>","protected":false},"featured_media":4546,"comment_status":"open","ping_status":"closed","template":"","meta":{"_acf_changed":false},"product_brand":[],"product_cat":[756,802],"product_tag":[],"class_list":{"0":"post-42069","1":"product","2":"type-product","3":"status-publish","4":"has-post-thumbnail","6":"product_cat-0low-vision-produkte","7":"product_cat-756sehtests-ferne","9":"first","10":"instock","11":"taxable","12":"shipping-taxable","13":"purchasable","14":"product-type-simple"},"acf":[],"_links":{"self":[{"href":"https:\/\/shop.szblind.ch\/fr\/wp-json\/wp\/v2\/product\/42069","targetHints":{"allow":["GET"]}}],"collection":[{"href":"https:\/\/shop.szblind.ch\/fr\/wp-json\/wp\/v2\/product"}],"about":[{"href":"https:\/\/shop.szblind.ch\/fr\/wp-json\/wp\/v2\/types\/product"}],"replies":[{"embeddable":true,"href":"https:\/\/shop.szblind.ch\/fr\/wp-json\/wp\/v2\/comments?post=42069"}],"wp:featuredmedia":[{"embeddable":true,"href":"https:\/\/shop.szblind.ch\/fr\/wp-json\/wp\/v2\/media\/4546"}],"wp:attachment":[{"href":"https:\/\/shop.szblind.ch\/fr\/wp-json\/wp\/v2\/media?parent=42069"}],"wp:term":[{"taxonomy":"product_brand","embeddable":true,"href":"https:\/\/shop.szblind.ch\/fr\/wp-json\/wp\/v2\/product_brand?post=42069"},{"taxonomy":"product_cat","embeddable":true,"href":"https:\/\/shop.szblind.ch\/fr\/wp-json\/wp\/v2\/product_cat?post=42069"},{"taxonomy":"product_tag","embeddable":true,"href":"https:\/\/shop.szblind.ch\/fr\/wp-json\/wp\/v2\/product_tag?post=42069"}],"curies":[{"name":"wp","href":"https:\/\/api.w.org\/{rel}","templated":true}]}}