{"id":42078,"date":"2026-01-26T11:25:53","date_gmt":"2026-01-26T11:25:53","guid":{"rendered":"https:\/\/shop.szblind.ch\/produkt\/eurotype-e\/"},"modified":"2026-04-15T09:09:36","modified_gmt":"2026-04-15T09:09:36","slug":"eurotype-e","status":"publish","type":"product","link":"https:\/\/shop.szblind.ch\/fr\/produkt\/eurotype-e\/","title":{"rendered":"Machine \u00e0 \u00e9crire en braille Eurotype \u00e9lectrique"},"content":{"rendered":"<div class='html translation-block'>\n<p class=\"attachment\"><a href='https:\/\/shop.szblind.ch\/wp-content\/uploads\/2025\/12\/853_0_1_01_026_g.jpg'><img decoding=\"async\" loading=\"lazy\" width=\"300\" height=\"192\" src=\"https:\/\/shop.szblind.ch\/wp-content\/uploads\/2025\/12\/853_0_1_01_026_g-300x192.jpg\" class=\"attachment-medium size-medium\" alt=\"01_026_g.jpg\" \/><\/a><\/p>\n<p><span style=\"font-family:Frutiger Neue 1450 Pro Regular;font-size:16px;color:#000000\">F&#252;r Menschen mit einer Blindheit, Sehbehinderung oder H&#246;rsehbehinderung empfohlen<\/span><\/p>\n<p><span>Handhabung: einfach-durchschnittlich<\/span><\/p>\n<p><span style=\"font-weight:bold;font-size:19px\">Besonderheiten:<\/span><\/p>\n<p><span>&#8211; Ergonomische Tastatur zur Entlastung der Handgelenke<\/span><\/p>\n<p><span>&#8211; Funktionen einer elektrischen Schreibmaschine<\/span><\/p>\n<p><span>&#8211; Anzeige des Papierendes am Ende der vorletzten Zeile<\/span><\/p>\n<p><span>&#8211; 5 Tabulatoren<\/span><\/p>\n<p><span>&#8211; IV-Finanzierung m&#246;glich<\/span><\/p>\n<p><span style=\"font-weight:bold;font-size:19px\">Beschreibung:<\/span><\/p>\n<p><span style=\"font-weight:bold;font-family:Frutiger Neue 1450 Pro Regular;font-size:16px;color:#000000\">Abmessungen: <\/span><span style=\"font-family:Frutiger Neue 1450 Pro Regular;font-size:16px;color:#000000\">29.5 x 44 x 11 cm<\/span><\/p>\n<p><span style=\"font-weight:bold;font-family:Frutiger Neue 1450 Pro Regular;font-size:16px;color:#000000\">Abstand: <\/span><span style=\"font-family:Frutiger Neue 1450 Pro Regular;font-size:16px;color:#000000\">3 verschiedene Zeilenabst&#228;nde<\/span><\/p>\n<p><span style=\"font-weight:bold;font-family:Frutiger Neue 1450 Pro Regular;font-size:16px;color:#000000\">Braille-Schrift: <\/span><span style=\"font-family:Frutiger Neue 1450 Pro Regular;font-size:16px;color:#000000\">6 und 8 Punkte<\/span><\/p>\n<p><span style=\"font-weight:bold;font-family:Frutiger Neue 1450 Pro Regular;font-size:16px;color:#000000\">Gewicht: <\/span><span style=\"font-family:Frutiger Neue 1450 Pro Regular;font-size:16px;color:#000000\">4.9 kg<\/span><\/p>\n<p><span style=\"font-weight:bold;font-family:Frutiger Neue 1450 Pro Regular;font-size:16px;color:#000000\">Klingelton: <\/span><span style=\"font-family:Frutiger Neue 1450 Pro Regular;font-size:16px;color:#000000\">6 Zeichen vor Ende der Zeile<\/span><\/p>\n<p><span style=\"font-weight:bold;font-family:Frutiger Neue 1450 Pro Regular;font-size:16px;color:#000000\">Lieferumfang: <\/span><span style=\"font-family:Frutiger Neue 1450 Pro Regular;font-size:16px;color:#000000\">Schutzh&#252;lle,<\/span><span style=\"font-weight:bold;font-family:Frutiger Neue 1450 Pro Regular;font-size:16px;color:#000000\"> <\/span><span style=\"font-family:Frutiger Neue 1450 Pro Regular;font-size:16px;color:#000000\">Original-Gebrauchsanweisung und SZBlind-Gebrauchsanweisung in Grossdruck\/Braille (auf Anfrage)<\/span><\/p>\n<p><span style=\"font-weight:bold;font-family:Frutiger Neue 1450 Pro Regular;font-size:16px;color:#000000\">Papierformat: <\/span><span style=\"font-family:Frutiger Neue 1450 Pro Regular;font-size:16px;color:#000000\">DIN A4, DIN A3, 27 x 34 cm und Endlospapier Zeilenabstand 7.8 mm und 10 mm <\/span><\/p>\n<p><span style=\"font-weight:bold;font-family:Frutiger Neue 1450 Pro Regular;font-size:16px;color:#000000\">Rand: <\/span><span style=\"font-family:Frutiger Neue 1450 Pro Regular;font-size:16px;color:#000000\">links und rechts individuell einstellbar, Taste zum L&#246;sen des Seitenrandes<\/span><\/p>\n<p><span style=\"font-weight:bold;font-family:Frutiger Neue 1450 Pro Regular;font-size:16px;color:#000000\">Stromversorgung: <\/span><span style=\"font-family:Frutiger Neue 1450 Pro Regular;font-size:16px;color:#000000\">Netzbetrieb 230 V AC \/ 31 VDC<\/span><\/p>\n<p><span style=\"font-weight:bold;font-family:Frutiger Neue 1450 Pro Regular;font-size:16px;color:#000000\">Zeichen: <\/span><span style=\"font-family:Frutiger Neue 1450 Pro Regular;font-size:16px;color:#000000\">42 pro Zeile<\/span><\/p>\n<p><span style=\"font-weight:bold;font-family:Frutiger Neue 1450 Pro Regular;font-size:16px;color:#000000\">Zusatzprodukte zu bestellen:<\/span><span style=\"font-family:Frutiger Neue 1450 Pro Regular;font-size:16px;color:#000000\"> Papier, laminierte Bl&#228;tter, Dymo-B&#228;nder, Matten, Schreibunterlage, einh&#228;ndiges Schreibformat (auf Anfrage), Transporttasche, Kunststoffkoffer, Aluminiumrahmen<\/span><\/p>\n<\/p>\n<\/div>","protected":false},"excerpt":{"rendered":"<p>Machine \u00e0 \u00e9crire braille Eurotype M<\/p>","protected":false},"featured_media":4571,"comment_status":"open","ping_status":"closed","template":"","meta":{"_acf_changed":false},"product_brand":[],"product_cat":[751,773],"product_tag":[],"class_list":{"0":"post-42078","1":"product","2":"type-product","3":"status-publish","4":"has-post-thumbnail","6":"product_cat-0blindenschrift","7":"product_cat-751schreibmaschinen","9":"first","10":"outofstock","11":"taxable","12":"shipping-taxable","13":"purchasable","14":"product-type-simple"},"acf":[],"_links":{"self":[{"href":"https:\/\/shop.szblind.ch\/fr\/wp-json\/wp\/v2\/product\/42078","targetHints":{"allow":["GET"]}}],"collection":[{"href":"https:\/\/shop.szblind.ch\/fr\/wp-json\/wp\/v2\/product"}],"about":[{"href":"https:\/\/shop.szblind.ch\/fr\/wp-json\/wp\/v2\/types\/product"}],"replies":[{"embeddable":true,"href":"https:\/\/shop.szblind.ch\/fr\/wp-json\/wp\/v2\/comments?post=42078"}],"wp:featuredmedia":[{"embeddable":true,"href":"https:\/\/shop.szblind.ch\/fr\/wp-json\/wp\/v2\/media\/4571"}],"wp:attachment":[{"href":"https:\/\/shop.szblind.ch\/fr\/wp-json\/wp\/v2\/media?parent=42078"}],"wp:term":[{"taxonomy":"product_brand","embeddable":true,"href":"https:\/\/shop.szblind.ch\/fr\/wp-json\/wp\/v2\/product_brand?post=42078"},{"taxonomy":"product_cat","embeddable":true,"href":"https:\/\/shop.szblind.ch\/fr\/wp-json\/wp\/v2\/product_cat?post=42078"},{"taxonomy":"product_tag","embeddable":true,"href":"https:\/\/shop.szblind.ch\/fr\/wp-json\/wp\/v2\/product_tag?post=42078"}],"curies":[{"name":"wp","href":"https:\/\/api.w.org\/{rel}","templated":true}]}}