{"id":42090,"date":"2026-01-26T11:26:15","date_gmt":"2026-01-26T11:26:15","guid":{"rendered":"https:\/\/shop.szblind.ch\/produkt\/unterstock-lang\/"},"modified":"2026-04-15T09:09:55","modified_gmt":"2026-04-15T09:09:55","slug":"soubassement-long","status":"publish","type":"product","link":"https:\/\/shop.szblind.ch\/fr\/produkt\/unterstock-lang\/","title":{"rendered":"Segment inf\u00e9rieure long pour 01.425"},"content":{"rendered":"<div class='html translation-block'>\n<p class=\"attachment\"><a href='https:\/\/shop.szblind.ch\/wp-content\/uploads\/2025\/12\/42810448-16f8-4864-b75a-8f10fc41bb4d_51_651_g.jpg'><img loading=\"lazy\" width=\"300\" height=\"225\" src=\"https:\/\/shop.szblind.ch\/wp-content\/uploads\/2025\/12\/42810448-16f8-4864-b75a-8f10fc41bb4d_51_651_g-300x225.jpg\" class=\"attachment-medium size-medium\" alt=\"51_651_g.jpg\" \/><\/a><\/p>\n<p><span style=\"font-family:Frutiger 55 Roman;font-size:16px\">Recommand\u00e9 aux personnes atteintes de c\u00e9cit\u00e9, de malvoyance et de surdic\u00e9cit\u00e9<\/span><\/p>\n<p><span style=\"font-weight:bold;font-family:Frutiger Neue 1450 Pro Regular;font-size:19px\">Description:<\/span><\/p>\n<p><span style=\"font-weight:bold;font-family:Frutiger Neue 1450 Pro Regular;font-size:16px\">Couleur : <\/span><span style=\"font-family:Frutiger Neue 1450 Pro Regular;font-size:16px\">blanc<\/span><\/p>\n<p><span style=\"font-weight:bold;font-family:Frutiger Neue 1450 Pro Regular;font-size:16px\">Longueur : <\/span><span style=\"font-family:Frutiger Neue 1450 Pro Regular;font-size:16px\">70 cm <\/span><\/p>\n<p><span style=\"font-weight:bold;font-family:Frutiger Neue 1450 Pro Regular;font-size:16px\">Mat\u00e9riel : <\/span><span style=\"font-family:Frutiger Neue 1450 Pro Regular;font-size:16px\">Aluminium<\/span><\/p>\n<\/p>\n<p><span style=\"font-weight:bold;font-family:Verdana;font-size:14px\">Possibilit\u00e9 de financement par l'AI<\/span><\/p>.\n<\/p>\n<\/div>","protected":false},"excerpt":{"rendered":"<p>Segment inf\u00e9rieure long pour 01.425<\/p>","protected":false},"featured_media":4241,"comment_status":"open","ping_status":"closed","template":"","meta":{"_acf_changed":false},"product_brand":[],"product_cat":[747,861],"product_tag":[],"class_list":{"0":"post-42090","1":"product","2":"type-product","3":"status-publish","4":"has-post-thumbnail","6":"product_cat-0mobilitt","7":"product_cat-747zubehr-langstcke","9":"first","10":"instock","11":"taxable","12":"shipping-taxable","13":"purchasable","14":"product-type-simple"},"acf":[],"_links":{"self":[{"href":"https:\/\/shop.szblind.ch\/fr\/wp-json\/wp\/v2\/product\/42090","targetHints":{"allow":["GET"]}}],"collection":[{"href":"https:\/\/shop.szblind.ch\/fr\/wp-json\/wp\/v2\/product"}],"about":[{"href":"https:\/\/shop.szblind.ch\/fr\/wp-json\/wp\/v2\/types\/product"}],"replies":[{"embeddable":true,"href":"https:\/\/shop.szblind.ch\/fr\/wp-json\/wp\/v2\/comments?post=42090"}],"wp:featuredmedia":[{"embeddable":true,"href":"https:\/\/shop.szblind.ch\/fr\/wp-json\/wp\/v2\/media\/4241"}],"wp:attachment":[{"href":"https:\/\/shop.szblind.ch\/fr\/wp-json\/wp\/v2\/media?parent=42090"}],"wp:term":[{"taxonomy":"product_brand","embeddable":true,"href":"https:\/\/shop.szblind.ch\/fr\/wp-json\/wp\/v2\/product_brand?post=42090"},{"taxonomy":"product_cat","embeddable":true,"href":"https:\/\/shop.szblind.ch\/fr\/wp-json\/wp\/v2\/product_cat?post=42090"},{"taxonomy":"product_tag","embeddable":true,"href":"https:\/\/shop.szblind.ch\/fr\/wp-json\/wp\/v2\/product_tag?post=42090"}],"curies":[{"name":"wp","href":"https:\/\/api.w.org\/{rel}","templated":true}]}}