{"id":42094,"date":"2026-01-26T11:26:22","date_gmt":"2026-01-26T11:26:22","guid":{"rendered":"https:\/\/shop.szblind.ch\/produkt\/fruehfoerderm-heidi-qu\/"},"modified":"2026-04-15T09:10:13","modified_gmt":"2026-04-15T09:10:13","slug":"aide-precoce-heidi-qu","status":"publish","type":"product","link":"https:\/\/shop.szblind.ch\/fr\/produkt\/fruehfoerderm-heidi-qu\/","title":{"rendered":"Heidi"},"content":{"rendered":"<div class='html translation-block'>\n<p class=\"attachment\"><a href='https:\/\/shop.szblind.ch\/wp-content\/uploads\/2025\/12\/890_0_1_51_179.png'><img loading=\"lazy\" width=\"300\" height=\"200\" src=\"https:\/\/shop.szblind.ch\/wp-content\/uploads\/2025\/12\/890_0_1_51_179-300x200.png\" class=\"attachment-medium size-medium\" alt=\"51_179.png\" \/><\/a><\/p>\n<p><span style=\"font-family:Arial;font-size:14px;color:#000000\">Ce test sert \u00e0 la stimulation auditive en plus de la stimulation visuelle. D'un c\u00f4t\u00e9, il y a un motif de grille (largeur des rayures de 1,5 cm) et de l'autre c\u00f4t\u00e9, un visage est imprim\u00e9. L'\u00e9cran est dot\u00e9 d'une ouverture pour la main.<\/span><\/p>\n<p><span style=\"font-family:Arial;font-size:14px;color:#000000\">Le diam\u00e8tre est de 20 cm. Le coton a de nouveau \u00e9t\u00e9 choisi comme mat\u00e9riau.<\/span><\/p>\n<\/p>\n<\/div>","protected":false},"excerpt":{"rendered":"<p>Heidi<\/p>","protected":false},"featured_media":4600,"comment_status":"open","ping_status":"closed","template":"","meta":{"_acf_changed":false},"product_brand":[],"product_cat":[806,756],"product_tag":[],"class_list":{"0":"post-42094","1":"product","2":"type-product","3":"status-publish","4":"has-post-thumbnail","6":"product_cat-756abklrungsmaterial","7":"product_cat-0low-vision-produkte","9":"first","10":"instock","11":"taxable","12":"shipping-taxable","13":"purchasable","14":"product-type-simple"},"acf":[],"_links":{"self":[{"href":"https:\/\/shop.szblind.ch\/fr\/wp-json\/wp\/v2\/product\/42094","targetHints":{"allow":["GET"]}}],"collection":[{"href":"https:\/\/shop.szblind.ch\/fr\/wp-json\/wp\/v2\/product"}],"about":[{"href":"https:\/\/shop.szblind.ch\/fr\/wp-json\/wp\/v2\/types\/product"}],"replies":[{"embeddable":true,"href":"https:\/\/shop.szblind.ch\/fr\/wp-json\/wp\/v2\/comments?post=42094"}],"wp:featuredmedia":[{"embeddable":true,"href":"https:\/\/shop.szblind.ch\/fr\/wp-json\/wp\/v2\/media\/4600"}],"wp:attachment":[{"href":"https:\/\/shop.szblind.ch\/fr\/wp-json\/wp\/v2\/media?parent=42094"}],"wp:term":[{"taxonomy":"product_brand","embeddable":true,"href":"https:\/\/shop.szblind.ch\/fr\/wp-json\/wp\/v2\/product_brand?post=42094"},{"taxonomy":"product_cat","embeddable":true,"href":"https:\/\/shop.szblind.ch\/fr\/wp-json\/wp\/v2\/product_cat?post=42094"},{"taxonomy":"product_tag","embeddable":true,"href":"https:\/\/shop.szblind.ch\/fr\/wp-json\/wp\/v2\/product_tag?post=42094"}],"curies":[{"name":"wp","href":"https:\/\/api.w.org\/{rel}","templated":true}]}}