{"id":42113,"date":"2026-01-26T11:27:00","date_gmt":"2026-01-26T11:27:00","guid":{"rendered":"https:\/\/shop.szblind.ch\/produkt\/tandem-bar\/"},"modified":"2026-04-15T09:10:45","modified_gmt":"2026-04-15T09:10:45","slug":"tandem-bar","status":"publish","type":"product","link":"https:\/\/shop.szblind.ch\/fr\/produkt\/tandem-bar\/","title":{"rendered":"Connexion pour 2 cannes Ambutech Formation \/ LOT 196646 AT"},"content":{"rendered":"<div class='html translation-block'>\n<p class=\"attachment\"><a href='https:\/\/shop.szblind.ch\/wp-content\/uploads\/2025\/12\/922_0_1_51_956_g.jpg'><img loading=\"lazy\" width=\"254\" height=\"300\" src=\"https:\/\/shop.szblind.ch\/wp-content\/uploads\/2025\/12\/922_0_1_51_956_g-254x300.jpg\" class=\"attachment-medium size-medium\" alt=\"51_956_g.jpg\" \/><\/a><\/p>\n<p><span style=\"font-family:Frutiger Neue 1450 Pro Regular;font-size:16px\">Recommand\u00e9 aux personnes atteintes de c\u00e9cit\u00e9, de d\u00e9ficience visuelle ou de surdic\u00e9cit\u00e9<\/span><\/p>\n<p><span style=\"font-weight:bold;font-family:Frutiger Neue 1450 Pro Regular;font-size:19px\">Tige permettant de relier deux cannes<\/span><\/p>.\n<p><span style=\"font-family:Frutiger Neue 1450 Pro Regular;font-size:16px\">Maniement : facile<\/span><\/p>\n<p><span style=\"font-weight:bold;font-family:Frutiger Neue 1450 Pro Regular;font-size:19px\">Sp\u00e9cificit\u00e9s:<\/span><\/p>\n<p><span style=\"font-family:Frutiger Neue 1450 Pro Regular;font-size:16px\">- Pour l'apprentissage de l'utilisation de la canne pendulaire<\/span><\/p>\n<p><span style=\"font-weight:bold;font-family:Frutiger Neue 1450 Pro Regular;font-size:19px\">Description:<\/span><\/p>\n<p><span style=\"font-weight:bold;font-family:Frutiger Neue 1450 Pro Regular;font-size:16px\">Couleur : gris<\/span><span style=\"font-family:Frutiger Neue 1450 Pro Regular;font-size:16px\"> et noir<\/span><\/p>\n<p><span style=\"font-weight:bold;font-family:Frutiger Neue 1450 Pro Regular;font-size:16px\">Pour les b\u00e2tons suivants:<\/span><span style=\"font-family:Frutiger Neue 1450 Pro Regular;font-size:16px\"> tous les b\u00e2tons<\/span><\/p>\n<p><span style=\"font-weight:bold;font-family:Frutiger Neue 1450 Pro Regular;font-size:16px\">Poids:<\/span><span style=\"font-family:Frutiger Neue 1450 Pro Regular;font-size:16px\"> 96 grammes<\/span><\/p>\n<p><span style=\"font-weight:bold;font-family:Frutiger Neue 1450 Pro Regular;font-size:16px\">Taille : 64<\/span><span style=\"font-family:Frutiger Neue 1450 Pro Regular;font-size:16px\"> cm <\/span><\/p>\n<p><span style=\"font-weight:bold;font-family:Frutiger Neue 1450 Pro Regular;font-size:16px\">Crochet ou filet : <\/span><span style=\"font-family:Frutiger Neue 1450 Pro Regular;font-size:16px\">2 clips, un \u00e0 chaque extr\u00e9mit\u00e9<\/span><\/p>\n<p><span style=\"font-weight:bold;font-family:Frutiger Neue 1450 Pro Regular;font-size:16px\">Mat\u00e9riel : <\/span><span style=\"font-family:Frutiger Neue 1450 Pro Regular;font-size:16px\">fibre de verre l\u00e9g\u00e8re, plastique<\/span><\/p>\n<\/p>\n<\/div>","protected":false},"excerpt":{"rendered":"<p>Barre tandem Ambutech<\/p>","protected":false},"featured_media":4619,"comment_status":"open","ping_status":"closed","template":"","meta":{"_acf_changed":false},"product_brand":[],"product_cat":[747,861],"product_tag":[],"class_list":{"0":"post-42113","1":"product","2":"type-product","3":"status-publish","4":"has-post-thumbnail","6":"product_cat-0mobilitt","7":"product_cat-747zubehr-langstcke","9":"first","10":"instock","11":"taxable","12":"shipping-taxable","13":"purchasable","14":"product-type-simple"},"acf":[],"_links":{"self":[{"href":"https:\/\/shop.szblind.ch\/fr\/wp-json\/wp\/v2\/product\/42113","targetHints":{"allow":["GET"]}}],"collection":[{"href":"https:\/\/shop.szblind.ch\/fr\/wp-json\/wp\/v2\/product"}],"about":[{"href":"https:\/\/shop.szblind.ch\/fr\/wp-json\/wp\/v2\/types\/product"}],"replies":[{"embeddable":true,"href":"https:\/\/shop.szblind.ch\/fr\/wp-json\/wp\/v2\/comments?post=42113"}],"wp:featuredmedia":[{"embeddable":true,"href":"https:\/\/shop.szblind.ch\/fr\/wp-json\/wp\/v2\/media\/4619"}],"wp:attachment":[{"href":"https:\/\/shop.szblind.ch\/fr\/wp-json\/wp\/v2\/media?parent=42113"}],"wp:term":[{"taxonomy":"product_brand","embeddable":true,"href":"https:\/\/shop.szblind.ch\/fr\/wp-json\/wp\/v2\/product_brand?post=42113"},{"taxonomy":"product_cat","embeddable":true,"href":"https:\/\/shop.szblind.ch\/fr\/wp-json\/wp\/v2\/product_cat?post=42113"},{"taxonomy":"product_tag","embeddable":true,"href":"https:\/\/shop.szblind.ch\/fr\/wp-json\/wp\/v2\/product_tag?post=42113"}],"curies":[{"name":"wp","href":"https:\/\/api.w.org\/{rel}","templated":true}]}}