{"id":42115,"date":"2026-01-26T11:27:04","date_gmt":"2026-01-26T11:27:04","guid":{"rendered":"https:\/\/shop.szblind.ch\/produkt\/rucksack-sicherheit\/"},"modified":"2026-04-16T12:32:35","modified_gmt":"2026-04-16T12:32:35","slug":"securite-sac-a-dos","status":"publish","type":"product","link":"https:\/\/shop.szblind.ch\/fr\/produkt\/rucksack-sicherheit\/","title":{"rendered":"Housse sac \u00e0 dos Blindensignet r\u00e9fl\u00e9chissante, velcro, orange"},"content":{"rendered":"<div class='html translation-block'>\n<p class=\"attachment\"><a href='https:\/\/shop.szblind.ch\/wp-content\/uploads\/2025\/12\/925_0_1_07_758_g.jpg'><img loading=\"lazy\" width=\"300\" height=\"192\" src=\"https:\/\/shop.szblind.ch\/wp-content\/uploads\/2025\/12\/925_0_1_07_758_g-300x192.jpg\" class=\"attachment-medium size-medium\" alt=\"07_758_g.jpg\" \/><\/a><\/p>\n<p><span style=\"font-family:Frutiger Neue 1450 Pro Regular;font-size:16px;color:#000000\">Recommand\u00e9 pour les personnes aveugles, malvoyantes et malentendantes et malvoyantes<\/span><\/p>\n<p><span style=\"font-weight:bold;font-size:19px\">Gilet pour sac \u00e0 dos, pour \u00eatre visible m\u00eame par faible luminosit\u00e9<\/span><\/p>\n<p><span>Popularit\u00e9 du produit : Meilleure vente<\/span><\/p>\n<p><span>Manipulation : facile<\/span><\/p>\n<p><span style=\"font-weight:bold;font-size:19px\">Particularit\u00e9s :<\/span><\/p>\n<p><span>\u2013 Tr\u00e8s visible<\/span><\/p>\n<p><span>\u2013 Pictogrammes r\u00e9fl\u00e9chissants <\/span><\/p>\n<\/p>\n<\/div>","protected":false},"excerpt":{"rendered":"<p>Brassard pour sac-&agrave;-dos pictogramme aveu<\/p>","protected":false},"featured_media":4625,"comment_status":"open","ping_status":"closed","template":"","meta":{"_acf_changed":false},"product_brand":[],"product_cat":[752,782],"product_tag":[],"class_list":{"0":"post-42115","1":"product","2":"type-product","3":"status-publish","4":"has-post-thumbnail","6":"product_cat-0kennzeichnung","7":"product_cat-752westen","9":"first","10":"instock","11":"taxable","12":"shipping-taxable","13":"purchasable","14":"product-type-simple"},"acf":[],"_links":{"self":[{"href":"https:\/\/shop.szblind.ch\/fr\/wp-json\/wp\/v2\/product\/42115","targetHints":{"allow":["GET"]}}],"collection":[{"href":"https:\/\/shop.szblind.ch\/fr\/wp-json\/wp\/v2\/product"}],"about":[{"href":"https:\/\/shop.szblind.ch\/fr\/wp-json\/wp\/v2\/types\/product"}],"replies":[{"embeddable":true,"href":"https:\/\/shop.szblind.ch\/fr\/wp-json\/wp\/v2\/comments?post=42115"}],"wp:featuredmedia":[{"embeddable":true,"href":"https:\/\/shop.szblind.ch\/fr\/wp-json\/wp\/v2\/media\/4625"}],"wp:attachment":[{"href":"https:\/\/shop.szblind.ch\/fr\/wp-json\/wp\/v2\/media?parent=42115"}],"wp:term":[{"taxonomy":"product_brand","embeddable":true,"href":"https:\/\/shop.szblind.ch\/fr\/wp-json\/wp\/v2\/product_brand?post=42115"},{"taxonomy":"product_cat","embeddable":true,"href":"https:\/\/shop.szblind.ch\/fr\/wp-json\/wp\/v2\/product_cat?post=42115"},{"taxonomy":"product_tag","embeddable":true,"href":"https:\/\/shop.szblind.ch\/fr\/wp-json\/wp\/v2\/product_tag?post=42115"}],"curies":[{"name":"wp","href":"https:\/\/api.w.org\/{rel}","templated":true}]}}