{"id":42118,"date":"2026-01-26T11:27:10","date_gmt":"2026-01-26T11:27:10","guid":{"rendered":"https:\/\/shop.szblind.ch\/produkt\/sockenhalter\/"},"modified":"2026-04-15T09:10:56","modified_gmt":"2026-04-15T09:10:56","slug":"porte-chaussettes","status":"publish","type":"product","link":"https:\/\/shop.szblind.ch\/fr\/produkt\/sockenhalter\/","title":{"rendered":"Clip porte-chaussettes couleurs assorties, 10 pcs."},"content":{"rendered":"<div class='html translation-block'>\n<p class=\"attachment\"><a href='https:\/\/shop.szblind.ch\/wp-content\/uploads\/2025\/12\/929_0_1_07_210_g.jpg'><img loading=\"lazy\" width=\"300\" height=\"192\" src=\"https:\/\/shop.szblind.ch\/wp-content\/uploads\/2025\/12\/929_0_1_07_210_g-300x192.jpg\" class=\"attachment-medium size-medium\" alt=\"07_210_g.jpg\" \/><\/a><\/p>\n<p><span style=\"font-family:Frutiger Neue 1450 Pro Regular;font-size:16px;color:#000000\">Recommand\u00e9 aux personnes souffrant de c\u00e9cit\u00e9, de d\u00e9ficience visuelle ou de surdic\u00e9cit\u00e9<\/span><\/p>.\n<p><span style=\"font-family:Frutiger Neue 1450 Pro Regular;font-size:16px;color:#000000\">Manipulation : facile<\/span><\/p>\n<p><span style=\"font-weight:bold;font-size:19px\">Sp\u00e9cificit\u00e9s:<\/span><\/p>\n<p><span>- Clips Sockstar ronds et color\u00e9s en plastique avec des ouvertures sur les bords pour fixer les chaussettes par paires<\/span><\/p>\n<p><span>- Par unit\u00e9 de 10 pi\u00e8ces<\/span><\/p>\n<p><span style=\"font-weight:bold;font-size:19px\">Description:<\/span><\/p>\n<p><span style=\"font-weight:bold;font-family:Frutiger Neue 1450 Pro Regular;font-size:16px;color:#000000\">Dimensions : <\/span><span style=\"font-family:Frutiger Neue 1450 Pro Regular;font-size:16px;color:#000000\">6.9 x 7 cm<\/span><\/p>\n<p><span style=\"font-weight:bold;font-family:Frutiger Neue 1450 Pro Regular;font-size:16px;color:#000000\">Couleur : <\/span><span style=\"font-family:Frutiger Neue 1450 Pro Regular;font-size:16px;color:#000000\">rose ou bleu<\/span><\/p>\n<p><span style=\"font-weight:bold;font-family:Frutiger Neue 1450 Pro Regular;font-size:16px;color:#000000\">Mat\u00e9riel : <\/span><span style=\"font-family:Frutiger Neue 1450 Pro Regular;font-size:16px;color:#000000\">Plastique<\/span><\/p>.\n<\/p>\n<\/div>","protected":false},"excerpt":{"rendered":"<p>Attache-chaussettes Sockstar, clips<\/p>","protected":false},"featured_media":4630,"comment_status":"open","ping_status":"closed","template":"","meta":{"_acf_changed":false},"product_brand":[],"product_cat":[754,796],"product_tag":[],"class_list":{"0":"post-42118","1":"product","2":"type-product","3":"status-publish","4":"has-post-thumbnail","6":"product_cat-0alltagshilfen","7":"product_cat-754haushaltsprodukte","9":"first","10":"instock","11":"taxable","12":"shipping-taxable","13":"purchasable","14":"product-type-simple"},"acf":[],"_links":{"self":[{"href":"https:\/\/shop.szblind.ch\/fr\/wp-json\/wp\/v2\/product\/42118","targetHints":{"allow":["GET"]}}],"collection":[{"href":"https:\/\/shop.szblind.ch\/fr\/wp-json\/wp\/v2\/product"}],"about":[{"href":"https:\/\/shop.szblind.ch\/fr\/wp-json\/wp\/v2\/types\/product"}],"replies":[{"embeddable":true,"href":"https:\/\/shop.szblind.ch\/fr\/wp-json\/wp\/v2\/comments?post=42118"}],"wp:featuredmedia":[{"embeddable":true,"href":"https:\/\/shop.szblind.ch\/fr\/wp-json\/wp\/v2\/media\/4630"}],"wp:attachment":[{"href":"https:\/\/shop.szblind.ch\/fr\/wp-json\/wp\/v2\/media?parent=42118"}],"wp:term":[{"taxonomy":"product_brand","embeddable":true,"href":"https:\/\/shop.szblind.ch\/fr\/wp-json\/wp\/v2\/product_brand?post=42118"},{"taxonomy":"product_cat","embeddable":true,"href":"https:\/\/shop.szblind.ch\/fr\/wp-json\/wp\/v2\/product_cat?post=42118"},{"taxonomy":"product_tag","embeddable":true,"href":"https:\/\/shop.szblind.ch\/fr\/wp-json\/wp\/v2\/product_tag?post=42118"}],"curies":[{"name":"wp","href":"https:\/\/api.w.org\/{rel}","templated":true}]}}