{"id":42126,"date":"2026-01-26T11:27:25","date_gmt":"2026-01-26T11:27:25","guid":{"rendered":"https:\/\/shop.szblind.ch\/produkt\/level-2\/"},"modified":"2026-04-15T09:11:12","modified_gmt":"2026-04-15T09:11:12","slug":"niveau-2","status":"publish","type":"product","link":"https:\/\/shop.szblind.ch\/fr\/produkt\/level-2\/","title":{"rendered":"LV-Mat\u00e9riel Niveau 2 \u00c2ge recommand\u00e9 : 3 \u00e0 5 ans"},"content":{"rendered":"<div class='html translation-block'>\n<p class=\"attachment\"><a href='https:\/\/shop.szblind.ch\/wp-content\/uploads\/2025\/12\/c3a77034-4d95-76d2-ac53-75bd1371f763_05_030_g.jpg'><img loading=\"lazy\" width=\"300\" height=\"192\" src=\"https:\/\/shop.szblind.ch\/wp-content\/uploads\/2025\/12\/c3a77034-4d95-76d2-ac53-75bd1371f763_05_030_g-300x192.jpg\" class=\"attachment-medium size-medium\" alt=\"05_030_g.jpg\" \/><\/a><\/p>\n<p><span style=\"font-family:Arial;font-size:14px;color:#000000\">Age conseill\u00e9 : 3 \u00e0 5 ans<\/span><\/p>\n<p><span style=\"font-family:Arial;font-size:14px;color:#000000\">Ce deuxi\u00e8me des trois ensembles de mat\u00e9riel diff\u00e9rent pour la Light Box a \u00e9t\u00e9 con\u00e7u pour les enfants malvoyants (avec leur aide).<\/span><\/p>\n<p><span style=\"font-family:Arial;font-size:14px;color:#000000\">Des \u00e9tudes ont montr\u00e9 que la grande majorit\u00e9 des enfants accordent plus d'attention au mat\u00e9riel de niveau qu'\u00e0 des moyens d'apprentissage comparables. Ce mat\u00e9riel d'aide \u00e0 l'enseignement a pour but d'exercer et d'atteindre les objectifs suivants :<\/span><\/p>\n<p><span style=\"font-family:Arial;font-size:14px;color:#000000\">- Reconna\u00eetre et associer les formes et les objets tangibles et correspondants qui sont pr\u00e9sent\u00e9s.\n<p><span style=\"font-family:Arial;font-size:14px;color:#000000\">- T\u00e2ches de distinction et d'identification plus complexes pour \u00e9laborer des relations de partie \u00e0 tout,<\/span><\/p>\n<p><span style=\"font-family:Arial;font-size:14px;color:#000000\">- D\u00e9velopper la coh\u00e9rence, la duplication de motifs, les relations spatiales et la m\u00e9moire visuelle.<\/span><\/p>\n<p><span style=\"font-family:Arial;font-size:14px;color:#000000\">L'ensemble comprend:<\/span><\/p>\n<p><span style=\"font-family:Arial;font-size:14px;color:#000000\">- Plus de 400 composants faciles \u00e0 d\u00e9placer, y compris des formes et des objets transparents et translucides de couleurs vives.<\/span><\/p>\n<p><span style=\"font-family:Arial;font-size:14px;color:#000000\">- Feuilles de travail <\/span><\/p>.\n<p><span style=\"font-family:Arial;font-size:14px;color:#000000\">- une surface de travail antid\u00e9rapante et une feuille de fond<\/span><\/p>\n<p><span style=\"font-family:Arial;font-size:14px;color:#000000\">- un guide informatif avec plus de 100 suggestions<\/span><\/p>\n<p><span style=\"font-family:Arial;font-size:14px;color:#000000\">- Sac de transport (total 8,4 kg)<\/span><\/p>\n<\/p>\n<\/div>","protected":false},"excerpt":{"rendered":"<p>Light-box niveau 2<\/p>","protected":false},"featured_media":41209,"comment_status":"open","ping_status":"closed","template":"","meta":{"_acf_changed":false},"product_brand":[],"product_cat":[806,756],"product_tag":[],"class_list":{"0":"post-42126","1":"product","2":"type-product","3":"status-publish","4":"has-post-thumbnail","6":"product_cat-756abklrungsmaterial","7":"product_cat-0low-vision-produkte","9":"first","10":"instock","11":"taxable","12":"shipping-taxable","13":"purchasable","14":"product-type-simple"},"acf":[],"_links":{"self":[{"href":"https:\/\/shop.szblind.ch\/fr\/wp-json\/wp\/v2\/product\/42126","targetHints":{"allow":["GET"]}}],"collection":[{"href":"https:\/\/shop.szblind.ch\/fr\/wp-json\/wp\/v2\/product"}],"about":[{"href":"https:\/\/shop.szblind.ch\/fr\/wp-json\/wp\/v2\/types\/product"}],"replies":[{"embeddable":true,"href":"https:\/\/shop.szblind.ch\/fr\/wp-json\/wp\/v2\/comments?post=42126"}],"wp:featuredmedia":[{"embeddable":true,"href":"https:\/\/shop.szblind.ch\/fr\/wp-json\/wp\/v2\/media\/41209"}],"wp:attachment":[{"href":"https:\/\/shop.szblind.ch\/fr\/wp-json\/wp\/v2\/media?parent=42126"}],"wp:term":[{"taxonomy":"product_brand","embeddable":true,"href":"https:\/\/shop.szblind.ch\/fr\/wp-json\/wp\/v2\/product_brand?post=42126"},{"taxonomy":"product_cat","embeddable":true,"href":"https:\/\/shop.szblind.ch\/fr\/wp-json\/wp\/v2\/product_cat?post=42126"},{"taxonomy":"product_tag","embeddable":true,"href":"https:\/\/shop.szblind.ch\/fr\/wp-json\/wp\/v2\/product_tag?post=42126"}],"curies":[{"name":"wp","href":"https:\/\/api.w.org\/{rel}","templated":true}]}}