{"id":42138,"date":"2026-01-26T11:27:50","date_gmt":"2026-01-26T11:27:50","guid":{"rendered":"https:\/\/shop.szblind.ch\/produkt\/koffer-filter-kinder\/"},"modified":"2026-04-15T09:11:23","modified_gmt":"2026-04-15T09:11:23","slug":"valise-filtre-enfants","status":"publish","type":"product","link":"https:\/\/shop.szblind.ch\/fr\/produkt\/koffer-filter-kinder\/","title":{"rendered":"Valise de filtres pour enfants"},"content":{"rendered":"<div class='html translation-block'>\n<p class=\"attachment\"><a href='https:\/\/shop.szblind.ch\/wp-content\/uploads\/2025\/12\/42810448-16f8-4864-b75a-8f10fc41bb4d_51_651_g.jpg'><img loading=\"lazy\" width=\"300\" height=\"225\" src=\"https:\/\/shop.szblind.ch\/wp-content\/uploads\/2025\/12\/42810448-16f8-4864-b75a-8f10fc41bb4d_51_651_g-300x225.jpg\" class=\"attachment-medium size-medium\" alt=\"51_651_g.jpg\" \/><\/a><\/p>\n<p><span style=\"font-family:Arial;font-size:14px;color:#000000\">25 clips filtres diff\u00e9rents<\/span><\/p>.\n<p><span style=\"font-family:Arial;font-size:14px;color:#000000\">1 monture de support, protections lat\u00e9rales en cuir et bandeau sportif<\/span><\/p>\n<p><span style=\"font-family:Arial;font-size:14px;color:#000000\">Il contient les m\u00eames couleurs de filtres que l'ancien coffret de filtres UCBA.<\/span><\/p>\n<p><span style=\"font-family:Arial;font-size:14px;color:#000000\">Nous avons toutefois proc\u00e9d\u00e9 \u00e0 quelques adaptations adapt\u00e9es aux enfants concernant la monture du support et le clip. Cette mallette ne contient plus non plus de verres filtrants min\u00e9raux. <\/span><\/p>\n<p><span style=\"font-family:Arial;font-size:14px;color:#000000\">Dimensions : 38 x 28 x 8<\/span><\/p>\n<\/p>\n<\/div>","protected":false},"excerpt":{"rendered":"<p>Valise de filtres pour enfants<\/p>","protected":false},"featured_media":4646,"comment_status":"open","ping_status":"closed","template":"","meta":{"_acf_changed":false},"product_brand":[],"product_cat":[814,818,757],"product_tag":[],"class_list":{"0":"post-42138","1":"product","2":"type-product","3":"status-publish","4":"has-post-thumbnail","6":"product_cat-757filter","7":"product_cat-814filterkoffer","8":"product_cat-0low-vision-fachpersonal","10":"first","11":"instock","12":"taxable","13":"shipping-taxable","14":"purchasable","15":"product-type-simple"},"acf":[],"_links":{"self":[{"href":"https:\/\/shop.szblind.ch\/fr\/wp-json\/wp\/v2\/product\/42138","targetHints":{"allow":["GET"]}}],"collection":[{"href":"https:\/\/shop.szblind.ch\/fr\/wp-json\/wp\/v2\/product"}],"about":[{"href":"https:\/\/shop.szblind.ch\/fr\/wp-json\/wp\/v2\/types\/product"}],"replies":[{"embeddable":true,"href":"https:\/\/shop.szblind.ch\/fr\/wp-json\/wp\/v2\/comments?post=42138"}],"wp:featuredmedia":[{"embeddable":true,"href":"https:\/\/shop.szblind.ch\/fr\/wp-json\/wp\/v2\/media\/4646"}],"wp:attachment":[{"href":"https:\/\/shop.szblind.ch\/fr\/wp-json\/wp\/v2\/media?parent=42138"}],"wp:term":[{"taxonomy":"product_brand","embeddable":true,"href":"https:\/\/shop.szblind.ch\/fr\/wp-json\/wp\/v2\/product_brand?post=42138"},{"taxonomy":"product_cat","embeddable":true,"href":"https:\/\/shop.szblind.ch\/fr\/wp-json\/wp\/v2\/product_cat?post=42138"},{"taxonomy":"product_tag","embeddable":true,"href":"https:\/\/shop.szblind.ch\/fr\/wp-json\/wp\/v2\/product_tag?post=42138"}],"curies":[{"name":"wp","href":"https:\/\/api.w.org\/{rel}","templated":true}]}}