{"id":42140,"date":"2026-01-26T11:27:54","date_gmt":"2026-01-26T11:27:54","guid":{"rendered":"https:\/\/shop.szblind.ch\/produkt\/sehtest-hubacher-de\/"},"modified":"2026-04-15T09:11:25","modified_gmt":"2026-04-15T09:11:25","slug":"test-de-vision-hubacher-de","status":"publish","type":"product","link":"https:\/\/shop.szblind.ch\/fr\/produkt\/sehtest-hubacher-de\/","title":{"rendered":"Test de vision\/lecture FR vers Hubacher"},"content":{"rendered":"<div class='html translation-block'>\n<p class=\"attachment\"><a href='https:\/\/shop.szblind.ch\/wp-content\/uploads\/2025\/12\/961_0_1_51_830_lva_schluessel.jpg'><img loading=\"lazy\" width=\"300\" height=\"225\" src=\"https:\/\/shop.szblind.ch\/wp-content\/uploads\/2025\/12\/961_0_1_51_830_lva_schluessel-300x225.jpg\" class=\"attachment-medium size-medium\" alt=\"51_830 LVA_Schluesse\" \/><\/a><\/p>\n<p><span style=\"font-family:Arial;font-size:15px\">Le test de lecture Hubacher est un moyen de test tr\u00e8s appropri\u00e9 pour examiner la vitesse de lecture en fonction du besoin d'agrandissement.  Il permet \u00e9galement de d\u00e9tecter des probl\u00e8mes de lecture qui ne peuvent souvent pas \u00eatre constat\u00e9s apr\u00e8s de courtes s\u00e9quences de lecture seulement. La cl\u00e9 USB jointe contient les mod\u00e8les pr\u00e9format\u00e9s pour cr\u00e9er soi-m\u00eame de nouveaux textes en contraste \u00e9lev\u00e9, en contraste faible et en contraste n\u00e9gatif. (moyen de contr\u00f4le fonctionnel)<\/span><\/p>\n<\/p>\n<p><span style=\"font-weight:bold;font-family:Arial;font-size:15px\">Set 1 \u201el'oiseau d'or\u201c<\/span><\/p>\n<p><span style=\"font-weight:bold;font-family:Arial;font-size:15px\">Ensemble 2 \u201ela princesse\u201c<\/span><\/p>\n<p><span style=\"font-weight:bold;font-family:Arial;font-size:15px\">Ensemble 3 \u201eRaiponce\u201c<\/span><\/p>\n<\/p>\n<\/div>","protected":false},"excerpt":{"rendered":"<p>test de lecture DE<\/p>","protected":false},"featured_media":4648,"comment_status":"open","ping_status":"closed","template":"","meta":{"_acf_changed":false},"product_brand":[],"product_cat":[756,804],"product_tag":[],"class_list":{"0":"post-42140","1":"product","2":"type-product","3":"status-publish","4":"has-post-thumbnail","6":"product_cat-0low-vision-produkte","7":"product_cat-756sehtests-nhe","9":"first","10":"instock","11":"taxable","12":"shipping-taxable","13":"purchasable","14":"product-type-simple"},"acf":[],"_links":{"self":[{"href":"https:\/\/shop.szblind.ch\/fr\/wp-json\/wp\/v2\/product\/42140","targetHints":{"allow":["GET"]}}],"collection":[{"href":"https:\/\/shop.szblind.ch\/fr\/wp-json\/wp\/v2\/product"}],"about":[{"href":"https:\/\/shop.szblind.ch\/fr\/wp-json\/wp\/v2\/types\/product"}],"replies":[{"embeddable":true,"href":"https:\/\/shop.szblind.ch\/fr\/wp-json\/wp\/v2\/comments?post=42140"}],"wp:featuredmedia":[{"embeddable":true,"href":"https:\/\/shop.szblind.ch\/fr\/wp-json\/wp\/v2\/media\/4648"}],"wp:attachment":[{"href":"https:\/\/shop.szblind.ch\/fr\/wp-json\/wp\/v2\/media?parent=42140"}],"wp:term":[{"taxonomy":"product_brand","embeddable":true,"href":"https:\/\/shop.szblind.ch\/fr\/wp-json\/wp\/v2\/product_brand?post=42140"},{"taxonomy":"product_cat","embeddable":true,"href":"https:\/\/shop.szblind.ch\/fr\/wp-json\/wp\/v2\/product_cat?post=42140"},{"taxonomy":"product_tag","embeddable":true,"href":"https:\/\/shop.szblind.ch\/fr\/wp-json\/wp\/v2\/product_tag?post=42140"}],"curies":[{"name":"wp","href":"https:\/\/api.w.org\/{rel}","templated":true}]}}