{"id":42143,"date":"2026-01-26T11:28:00","date_gmt":"2026-01-26T11:28:00","guid":{"rendered":"https:\/\/shop.szblind.ch\/produkt\/lupenbr-beleuchtung\/"},"modified":"2026-04-15T09:11:28","modified_gmt":"2026-04-15T09:11:28","slug":"eclairage-de-la-loupebr","status":"publish","type":"product","link":"https:\/\/shop.szblind.ch\/fr\/produkt\/lupenbr-beleuchtung\/","title":{"rendered":"\u00e9clairage pour lunettes loupe"},"content":{"rendered":"<div class='html translation-block'>\n<p class=\"attachment\"><a href='https:\/\/shop.szblind.ch\/wp-content\/uploads\/2025\/12\/972_0_1_51_924_g.jpg'><img loading=\"lazy\" width=\"300\" height=\"252\" src=\"https:\/\/shop.szblind.ch\/wp-content\/uploads\/2025\/12\/972_0_1_51_924_g-300x252.jpg\" class=\"attachment-medium size-medium\" alt=\"51_924_g.jpg\" \/><\/a><\/p>\n<p><span style=\"font-weight:bold;font-family:Arial;font-size:15px\">\u00c9clairage pour lunettes loupes<\/span><span style=\"font-family:Arial;font-size:15px\"> pour monture SZB Elegant<\/span><\/p>\n<p><span style=\"font-family:Arial;font-size:15px\">Composants\u00a0:<\/span><\/p>\n<p><span style=\"font-family:Arial;font-size:15px\">Unit\u00e9 d'\u00e9clairage<\/span><\/p>\n<p><span style=\"font-family:Arial;font-size:15px\">Batterie, cordon, c\u00e2ble de chargement, chargeur<\/span><\/p>\n<p><span style=\"font-family:Arial;font-size:15px\">Vis, \u00e9crou \u00e9toil\u00e9, cl\u00e9 \u00e0 \u00e9crou<\/span><\/p>\n<p><span style=\"font-family:Arial;font-size:15px\">Instructions de montage<\/span><\/p>\n<p><span>(sans les lunettes loupes)<\/span><\/p>\n<\/p>\n<\/div>","protected":false},"excerpt":{"rendered":"<p>\u00e9clairage pour lunettes loupe<\/p>","protected":false},"featured_media":4651,"comment_status":"open","ping_status":"closed","template":"","meta":{"_acf_changed":false},"product_brand":[],"product_cat":[757,812],"product_tag":[],"class_list":{"0":"post-42143","1":"product","2":"type-product","3":"status-publish","4":"has-post-thumbnail","6":"product_cat-0low-vision-fachpersonal","7":"product_cat-757lupenbrillen","9":"first","10":"instock","11":"taxable","12":"shipping-taxable","13":"purchasable","14":"product-type-simple"},"acf":[],"_links":{"self":[{"href":"https:\/\/shop.szblind.ch\/fr\/wp-json\/wp\/v2\/product\/42143","targetHints":{"allow":["GET"]}}],"collection":[{"href":"https:\/\/shop.szblind.ch\/fr\/wp-json\/wp\/v2\/product"}],"about":[{"href":"https:\/\/shop.szblind.ch\/fr\/wp-json\/wp\/v2\/types\/product"}],"replies":[{"embeddable":true,"href":"https:\/\/shop.szblind.ch\/fr\/wp-json\/wp\/v2\/comments?post=42143"}],"wp:featuredmedia":[{"embeddable":true,"href":"https:\/\/shop.szblind.ch\/fr\/wp-json\/wp\/v2\/media\/4651"}],"wp:attachment":[{"href":"https:\/\/shop.szblind.ch\/fr\/wp-json\/wp\/v2\/media?parent=42143"}],"wp:term":[{"taxonomy":"product_brand","embeddable":true,"href":"https:\/\/shop.szblind.ch\/fr\/wp-json\/wp\/v2\/product_brand?post=42143"},{"taxonomy":"product_cat","embeddable":true,"href":"https:\/\/shop.szblind.ch\/fr\/wp-json\/wp\/v2\/product_cat?post=42143"},{"taxonomy":"product_tag","embeddable":true,"href":"https:\/\/shop.szblind.ch\/fr\/wp-json\/wp\/v2\/product_tag?post=42143"}],"curies":[{"name":"wp","href":"https:\/\/api.w.org\/{rel}","templated":true}]}}