{"id":42146,"date":"2026-01-26T11:28:05","date_gmt":"2026-01-26T11:28:05","guid":{"rendered":"https:\/\/shop.szblind.ch\/produkt\/pebeo-konturenpaste\/"},"modified":"2026-04-15T09:11:46","modified_gmt":"2026-04-15T09:11:46","slug":"pebeo-pate-a-contour","status":"publish","type":"product","link":"https:\/\/shop.szblind.ch\/fr\/produkt\/pebeo-konturenpaste\/","title":{"rendered":"Pebeo P\u00e2te \u00e0 contour noire tactile"},"content":{"rendered":"<div class='html translation-block'>\n<p class=\"attachment\"><a href='https:\/\/shop.szblind.ch\/wp-content\/uploads\/2025\/12\/979_0_1_03_892.jpg'><img loading=\"lazy\" width=\"300\" height=\"192\" src=\"https:\/\/shop.szblind.ch\/wp-content\/uploads\/2025\/12\/979_0_1_03_892-300x192.jpg\" class=\"attachment-medium size-medium\" alt=\"03_892.JPG\" \/><\/a><\/p>\n<p><span style=\"font-family:Frutiger Neue 1450 Pro Regular;font-size:16px\">Recommand\u00e9 aux personnes souffrant de c\u00e9cit\u00e9, de d\u00e9ficience visuelle ou de surdic\u00e9cit\u00e9<\/span><\/p>.\n<\/p>\n<p><span style=\"font-family:Frutiger Neue 1450 Pro Regular;font-size:16px\">Popularit\u00e9 du produit : best-seller<\/span><\/p>\n<p><span style=\"font-family:Frutiger Neue 1450 Pro Regular;font-size:16px\">Manipulation : facile<\/span><\/p>\n<p><span style=\"font-weight:bold;font-family:Frutiger Neue 1450 Pro Regular;font-size:19px\">Sp\u00e9cificit\u00e9s:<\/span><\/p>\n<p><span style=\"font-family:Frutiger Neue 1450 Pro Regular;font-size:16px\">- Marquage directement sur les surfaces souhait\u00e9es<\/span><\/p>\n<p><span style=\"font-family:Frutiger Neue 1450 Pro Regular;font-size:16px\">- Adh\u00e9rence sur tous types de surfaces (verre, plastique, m\u00e9tal, tissu, bois, ...)<\/span><\/p>\n<p><span style=\"font-family:Frutiger Neue 1450 Pro Regular;font-size:16px\">- Ne peut \u00eatre utilis\u00e9 que par les personnes voyantes. Pour les malvoyants, les aveugles et les sourds-aveugles<\/span><\/p>.\n<p><span style=\"font-weight:bold;font-family:Frutiger Neue 1450 Pro Regular;font-size:19px\">Description:<\/span><\/p>\n<p><span style=\"font-weight:bold;font-family:Frutiger Nouvelle 1450 Pro Regular;font-size:16px\">Couleur : <\/span><span style=\"font-family:Frutiger Nouvelle 1450 Pro Regular;font-size:16px\">noir<\/span><\/p>\n<p><span style=\"font-weight:bold;font-family:Frutiger Neue 1450 Pro Regular;font-size:16px\">Contenu:<\/span><span style=\"font-family:Frutiger Neue 1450 Pro Regular;font-size:16px\"> 20 ml<\/span><\/p>\n<p><span style=\"font-weight:bold;font-family:Frutiger Neue 1450 Pro Regular;font-size:16px\">Mat\u00e9riel : <\/span><span style=\"font-family:Frutiger Neue 1450 Pro Regular;font-size:16px\">p\u00e2te \u00e0 coller noire<\/span><\/p>.\n<p><span style=\"font-weight:bold;font-family:Frutiger Neue 1450 Pro Regular;font-size:16px\">Temps de s\u00e9chage : <\/span><span style=\"font-family:Frutiger Neue 1450 Pro Regular;font-size:16px\">2 heures<\/span><\/p>\n<\/p>\n<\/div>","protected":false},"excerpt":{"rendered":"<p>P\u00e2te \u00e0 marquer pepeo<\/p>","protected":false},"featured_media":4676,"comment_status":"open","ping_status":"closed","template":"","meta":{"_acf_changed":false},"product_brand":[],"product_cat":[752,779],"product_tag":[],"class_list":{"0":"post-42146","1":"product","2":"type-product","3":"status-publish","4":"has-post-thumbnail","6":"product_cat-0kennzeichnung","7":"product_cat-752markierungsmaterial","9":"first","10":"instock","11":"taxable","12":"shipping-taxable","13":"purchasable","14":"product-type-simple"},"acf":[],"_links":{"self":[{"href":"https:\/\/shop.szblind.ch\/fr\/wp-json\/wp\/v2\/product\/42146","targetHints":{"allow":["GET"]}}],"collection":[{"href":"https:\/\/shop.szblind.ch\/fr\/wp-json\/wp\/v2\/product"}],"about":[{"href":"https:\/\/shop.szblind.ch\/fr\/wp-json\/wp\/v2\/types\/product"}],"replies":[{"embeddable":true,"href":"https:\/\/shop.szblind.ch\/fr\/wp-json\/wp\/v2\/comments?post=42146"}],"wp:featuredmedia":[{"embeddable":true,"href":"https:\/\/shop.szblind.ch\/fr\/wp-json\/wp\/v2\/media\/4676"}],"wp:attachment":[{"href":"https:\/\/shop.szblind.ch\/fr\/wp-json\/wp\/v2\/media?parent=42146"}],"wp:term":[{"taxonomy":"product_brand","embeddable":true,"href":"https:\/\/shop.szblind.ch\/fr\/wp-json\/wp\/v2\/product_brand?post=42146"},{"taxonomy":"product_cat","embeddable":true,"href":"https:\/\/shop.szblind.ch\/fr\/wp-json\/wp\/v2\/product_cat?post=42146"},{"taxonomy":"product_tag","embeddable":true,"href":"https:\/\/shop.szblind.ch\/fr\/wp-json\/wp\/v2\/product_tag?post=42146"}],"curies":[{"name":"wp","href":"https:\/\/api.w.org\/{rel}","templated":true}]}}