{"id":42152,"date":"2026-01-26T11:28:19","date_gmt":"2026-01-26T11:28:19","guid":{"rendered":"https:\/\/shop.szblind.ch\/produkt\/spikes-zu-ca-stuetzstock\/"},"modified":"2026-04-15T09:12:05","modified_gmt":"2026-04-15T09:12:05","slug":"pics-a-baton-de-stabilisation","status":"publish","type":"product","link":"https:\/\/shop.szblind.ch\/fr\/produkt\/spikes-zu-ca-stuetzstock\/","title":{"rendered":"Pointes \u00e0 glace relevables Ambutech pour canne d'appui art. 01.611"},"content":{"rendered":"<div class='html translation-block'>\n<p class=\"attachment\"><a href='https:\/\/shop.szblind.ch\/wp-content\/uploads\/2025\/12\/988_0_1_09_195_g.jpg'><img loading=\"lazy\" width=\"300\" height=\"192\" src=\"https:\/\/shop.szblind.ch\/wp-content\/uploads\/2025\/12\/988_0_1_09_195_g-300x192.jpg\" class=\"attachment-medium size-medium\" alt=\"09_195_g.jpg\" \/><\/a><\/p>\n<p><span style=\"font-family:Verdana;font-size:14px;color:#000000\">Cet article convient aux personnes aveugles, malvoyantes et malentendantes.<\/span><\/p>\n<p><span style=\"font-family:Verdana;font-size:14px;color:#000000\">Design universel qui s'adapte aux cannes de nombreuses marques et mod\u00e8les. Se fixe facilement \u00e0 la canne et se replie vers le haut ou vers le bas pour une utilisation sur diff\u00e9rentes surfaces.<\/span><\/p>\n<\/p>\n<\/div>","protected":false},"excerpt":{"rendered":"<p>Crampon \u00e0 glace amovible et r\u00e9tractable<\/p>","protected":false},"featured_media":3947,"comment_status":"open","ping_status":"closed","template":"","meta":{"_acf_changed":false},"product_brand":[],"product_cat":[761,747,811],"product_tag":[],"class_list":{"0":"post-42152","1":"product","2":"type-product","3":"status-publish","4":"has-post-thumbnail","6":"product_cat-747geh-und-wanderstcke","7":"product_cat-0mobilitt","8":"product_cat-761zubehr","10":"first","11":"instock","12":"taxable","13":"shipping-taxable","14":"purchasable","15":"product-type-simple"},"acf":[],"_links":{"self":[{"href":"https:\/\/shop.szblind.ch\/fr\/wp-json\/wp\/v2\/product\/42152","targetHints":{"allow":["GET"]}}],"collection":[{"href":"https:\/\/shop.szblind.ch\/fr\/wp-json\/wp\/v2\/product"}],"about":[{"href":"https:\/\/shop.szblind.ch\/fr\/wp-json\/wp\/v2\/types\/product"}],"replies":[{"embeddable":true,"href":"https:\/\/shop.szblind.ch\/fr\/wp-json\/wp\/v2\/comments?post=42152"}],"wp:featuredmedia":[{"embeddable":true,"href":"https:\/\/shop.szblind.ch\/fr\/wp-json\/wp\/v2\/media\/3947"}],"wp:attachment":[{"href":"https:\/\/shop.szblind.ch\/fr\/wp-json\/wp\/v2\/media?parent=42152"}],"wp:term":[{"taxonomy":"product_brand","embeddable":true,"href":"https:\/\/shop.szblind.ch\/fr\/wp-json\/wp\/v2\/product_brand?post=42152"},{"taxonomy":"product_cat","embeddable":true,"href":"https:\/\/shop.szblind.ch\/fr\/wp-json\/wp\/v2\/product_cat?post=42152"},{"taxonomy":"product_tag","embeddable":true,"href":"https:\/\/shop.szblind.ch\/fr\/wp-json\/wp\/v2\/product_tag?post=42152"}],"curies":[{"name":"wp","href":"https:\/\/api.w.org\/{rel}","templated":true}]}}