{"id":42155,"date":"2026-01-26T11:28:24","date_gmt":"2026-01-26T11:28:24","guid":{"rendered":"https:\/\/shop.szblind.ch\/produkt\/geemarc-cl8000\/"},"modified":"2026-04-15T09:12:12","modified_gmt":"2026-04-15T09:12:12","slug":"geemarc-cl8000","status":"publish","type":"product","link":"https:\/\/shop.szblind.ch\/fr\/produkt\/geemarc-cl8000\/","title":{"rendered":"T\u00e9l\u00e9phone portable Geemarc CL8000 Touches photo"},"content":{"rendered":"<div class='html translation-block'>\n<p class=\"attachment\"><a href='https:\/\/shop.szblind.ch\/wp-content\/uploads\/2025\/12\/3264d0bc-df3a-c511-8e73-897190f14212_51_607_simu-brillenset-scaled.jpg'><img loading=\"lazy\" width=\"300\" height=\"225\" src=\"https:\/\/shop.szblind.ch\/wp-content\/uploads\/2025\/12\/3264d0bc-df3a-c511-8e73-897190f14212_51_607_simu-brillenset-300x225.jpg\" class=\"attachment-medium size-medium\" alt=\"51_607 Simu-Brillens\" \/><\/a><\/p>\n<p><span style=\"font-family:Frutiger Neue 1450 Pro Regular;font-size:15px\">Recommand\u00e9 pour les personnes souffrant d'une d\u00e9ficience visuelle ou auditive.<\/span><\/p>\n<p><span style=\"font-family:Frutiger Neue 1450 Pro Regular;font-size:15px\">Manipulation : moyenne<\/span><\/p>\n<p><span style=\"font-weight:bold;font-family:Frutiger Neue 1450 Pro Regular;font-size:15px\">Sp\u00e9cificit\u00e9s:<\/span><\/p>\n<p><span style=\"font-family:Frutiger Neue 1450 Pro Regular;font-size:15px\">\u25cf 4 grandes touches de m\u00e9morisation<\/span><\/p>\n<p><span style=\"font-family:Frutiger Neue 1450 Pro Regular;font-size:15px\">\u25cf Fonction SOS<\/span><\/p>\n<p><span style=\"font-family:Frutiger Neue 1450 Pro Regular;font-size:15px\">\u25cf Son amplifi\u00e9 jusqu'\u00e0 40dB<\/span><\/p>\n<p><span style=\"font-family:Frutiger Neue 1450 Pro Regular;font-size:15px\">\u25cf Sonnerie extra forte jusqu'\u00e0 80dB<\/span><\/p>\n<p><span style=\"font-family:Frutiger Neue 1450 Pro Regular;font-size:15px\">\u25cf Grand \u00e9cran LCD<\/span><\/p>\n<\/p>\n<p><span style=\"font-weight:bold;font-family:Frutiger Neue 1450 Pro Regular;font-size:15px\">Description:<\/span><\/p>\n<\/p>\n<p><span style=\"font-weight:bold;font-family:Frutiger Neue 1450 Pro Regular;font-size:15px\">\u25cf Dimensions:<\/span><span style=\"font-family:Frutiger Neue 1450 Pro Regular;font-size:15px\"> 14 x 5.5 x 1.4 cm <\/span><\/p>\n<p><span style=\"font-weight:bold;font-family:Frutiger Neue 1450 Pro Regular;font-size:15px\">\u25cf Dimensions des touches m\u00e9moire:<\/span><span style=\"font-family:Frutiger Neue 1450 Pro Regular;font-size:15px\"> 2.2 x 1.9 cm<\/span><\/p>\n<p><span style=\"font-weight:bold;font-family:Frutiger Neue 1450 Pro Regular;font-size:15px\">\u25cf Charge de la batterie:<\/span><span style=\"font-family:Frutiger Neue 1450 Pro Regular;font-size:15px\"> 4.5 heures sur la station de charge, 3 heures par c\u00e2ble<\/span><\/p>\n<p><span style=\"font-weight:bold;font-family:Frutiger Neue 1450 Pro Regular;font-size:15px\">\u25cf Autonomie:<\/span><span style=\"font-family:Frutiger Neue 1450 Pro Regular;font-size:15px\"> en mode veille 7 jours, en communication 6 heures<\/span><\/p>\n<p><span style=\"font-weight:bold;font-family:Frutiger Neue 1450 Pro Regular;font-size:15px\">\u25cf \u00c9cran : <\/span><span style=\"font-family:Frutiger Neue 1450 Pro Regular;font-size:15px\">.2.8 pouces<\/span><\/p>\n<p><span style=\"font-weight:bold;font-family:Frutiger Neue 1450 Pro Regular;font-size:15px\">\u25cf Bluetooth : <\/span><span style=\"font-family:Frutiger Neue 1450 Pro Regular;font-size:15px\">5.0<\/span><\/p>\n<p><span style=\"font-weight:bold;font-family:Frutiger Neue 1450 Pro Regular;font-size:15px\">\u25cf R\u00e9glages :<\/span><span style=\"font-family:Frutiger Neue 1450 Pro Regular;font-size:15px\"> 4 boutons pour les pr\u00e9r\u00e9glages<\/span><\/p>\n<p><span style=\"font-weight:bold;font-family:Frutiger Neue 1450 Pro Regular;font-size:15px\">\u25cf Couleur:<\/span><span style=\"font-family:Frutiger Neue 1450 Pro Regular;font-size:15px\"> noir, \u00e9criture blanche, boutons rouges et verts<\/span><\/p>\n<p><span style=\"font-weight:bold;font-family:Frutiger Neue 1450 Pro Regular;font-size:15px\">\u25cf Poids:<\/span><span style=\"font-family:Frutiger Neue 1450 Pro Regular;font-size:15px\"> 105 grammes<\/span><\/p>\n<p><span style=\"font-weight:bold;font-family:Frutiger Neue 1450 Pro Regular;font-size:15px\">\u25cf Prise casque:<\/span><span style=\"font-family:Frutiger Neue 1450 Pro Regular;font-size:15px\"> USB-C<\/span><\/p>\n<p><span style=\"font-weight:bold;font-family:Frutiger Neue 1450 Pro Regular;font-size:15px\">\u25cf Sonnerie:<\/span><span style=\"font-family:Frutiger Neue 1450 Pro Regular;font-size:15px\"> 80dB, 8 choix de sonnerie<\/span><\/p>\n<p><span style=\"font-weight:bold;font-family:Frutiger Neue 1450 Pro Regular;font-size:15px\">\u25cf Mat\u00e9riau:<\/span><span style=\"font-family:Frutiger Neue 1450 Pro Regular;font-size:15px\"> Plastique et m\u00e9tal<\/span><\/p>\n<p><span style=\"font-weight:bold;font-family:Frutiger Neue 1450 Pro Regular;font-size:15px\">\u25cf R\u00e9seau:<\/span><span style=\"font-family:Frutiger Neue 1450 Pro Regular;font-size:15px\"> 4G<\/span><\/p>\n<p><span style=\"font-weight:bold;font-family:Frutiger Neue 1450 Pro Regular;font-size:15px\">\u25cf Valeur du rayonnement SAR:<\/span><span style=\"font-family:Frutiger Neue 1450 Pro Regular;font-size:15px\"> T\u00eate : 0.185 W\/kg, tronc : 0.814 W\/kg, membres : 1.328 W\/kg<\/span><\/p>\n<p><span style=\"font-weight:bold;font-family:Frutiger Neue 1450 Pro Regular;font-size:15px\">\u25cf Type de carte SIM:<\/span><span style=\"font-family:Frutiger Neue 1450 Pro Regular;font-size:15px\"> Nano<\/span><\/p>\n<p><span style=\"font-weight:bold;font-family:Frutiger Neue 1450 Pro Regular;font-size:15px\">\u25cf Carte m\u00e9moire : <\/span><span style=\"font-family:Frutiger Neue 1450 Pro Regular;font-size:15px\">Emplacement pour carte m\u00e9moire jusqu'\u00e0 32 GB<\/span><\/p>\n<\/p>\n<p><span style=\"font-weight:bold;font-family:Frutiger Neue 1450 Pro Regular;font-size:15px\">\u25cf Touches:<\/span><span style=\"font-family:Frutiger Neue 1450 Pro Regular;font-size:15px\"> 4 grandes touches, 5 petites touches et un clavier directionnel<\/span><span style=\"font-weight:bold;font-family:Frutiger Neue 1450 Pro Regular;font-size:15px\"> <\/span><\/p>\n<p><span style=\"font-weight:bold;font-family:Frutiger Neue 1450 Pro Regular;font-size:15px\">\u25cf R\u00e9pertoire t\u00e9l\u00e9phonique:<\/span><span style=\"font-family:Frutiger Neue 1450 Pro Regular;font-size:15px\"> 2000 contacts<\/span><\/p>\n<p><span style=\"font-weight:bold;font-family:Frutiger Neue 1450 Pro Regular;font-size:15px\">\u25cf Amplification:<\/span><span style=\"font-family:Frutiger Neue 1450 Pro Regular;font-size:15px\"> 40dB<\/span><\/p>\n<p><span style=\"font-weight:bold;font-family:Frutiger Neue 1450 Pro Regular;font-size:15px\">\u25cf Etanche:<\/span><span style=\"font-family:Frutiger Neue 1450 Pro Regular;font-size:15px\"> non<\/span><\/p>\n<\/p>\n<\/div>","protected":false},"excerpt":{"rendered":"<p>T\u00e9l\u00e9phone mobile Geemarc CL8000<\/p>","protected":false},"featured_media":4699,"comment_status":"open","ping_status":"closed","template":"","meta":{"_acf_changed":false},"product_brand":[],"product_cat":[769,749],"product_tag":[],"class_list":{"0":"post-42155","1":"product","2":"type-product","3":"status-publish","4":"has-post-thumbnail","6":"product_cat-749mobiltelefone","7":"product_cat-0telefone","9":"first","10":"instock","11":"taxable","12":"shipping-taxable","13":"purchasable","14":"product-type-simple"},"acf":[],"_links":{"self":[{"href":"https:\/\/shop.szblind.ch\/fr\/wp-json\/wp\/v2\/product\/42155","targetHints":{"allow":["GET"]}}],"collection":[{"href":"https:\/\/shop.szblind.ch\/fr\/wp-json\/wp\/v2\/product"}],"about":[{"href":"https:\/\/shop.szblind.ch\/fr\/wp-json\/wp\/v2\/types\/product"}],"replies":[{"embeddable":true,"href":"https:\/\/shop.szblind.ch\/fr\/wp-json\/wp\/v2\/comments?post=42155"}],"wp:featuredmedia":[{"embeddable":true,"href":"https:\/\/shop.szblind.ch\/fr\/wp-json\/wp\/v2\/media\/4699"}],"wp:attachment":[{"href":"https:\/\/shop.szblind.ch\/fr\/wp-json\/wp\/v2\/media?parent=42155"}],"wp:term":[{"taxonomy":"product_brand","embeddable":true,"href":"https:\/\/shop.szblind.ch\/fr\/wp-json\/wp\/v2\/product_brand?post=42155"},{"taxonomy":"product_cat","embeddable":true,"href":"https:\/\/shop.szblind.ch\/fr\/wp-json\/wp\/v2\/product_cat?post=42155"},{"taxonomy":"product_tag","embeddable":true,"href":"https:\/\/shop.szblind.ch\/fr\/wp-json\/wp\/v2\/product_tag?post=42155"}],"curies":[{"name":"wp","href":"https:\/\/api.w.org\/{rel}","templated":true}]}}