{"id":42165,"date":"2026-01-26T11:28:43","date_gmt":"2026-01-26T11:28:43","guid":{"rendered":"https:\/\/shop.szblind.ch\/produkt\/sehtests-lh-254505\/"},"modified":"2026-04-15T09:12:40","modified_gmt":"2026-04-15T09:12:40","slug":"examens-de-la-vue-lh-254505","status":"publish","type":"product","link":"https:\/\/shop.szblind.ch\/fr\/produkt\/sehtests-lh-254505\/","title":{"rendered":"LH 254505 Heidi Expressions"},"content":{"rendered":"<div class='html translation-block'>\n<p class=\"attachment\"><a href='https:\/\/shop.szblind.ch\/wp-content\/uploads\/2025\/12\/1019_0_1_01_361_g.jpg'><img loading=\"lazy\" width=\"300\" height=\"192\" src=\"https:\/\/shop.szblind.ch\/wp-content\/uploads\/2025\/12\/1019_0_1_01_361_g-300x192.jpg\" class=\"attachment-medium size-medium\" alt=\"01_361_g.jpg\" \/><\/a><\/p>\n<p><span style=\"font-family:Arial;font-size:14px;color:#000000\">Le test Heidi Expressions a \u00e9t\u00e9 d\u00e9velopp\u00e9 pour les enfants malvoyants afin de d\u00e9terminer s'ils peuvent reconna\u00eetre les visages\/expressions faciales.<\/span><\/p>\n<p><span style=\"font-family:Arial;font-size:14px;color:#000000\">Le test comprend 18 cartes.<\/span><\/p>\n<p><span style=\"font-family:Arial;font-size:14px;color:#000000\">Format : env. 10 x 10 cm<\/span><\/p>\n<\/p>\n<\/div>","protected":false},"excerpt":{"rendered":"<p>LH 254505 Heidi Expressions<\/p>","protected":false},"featured_media":4721,"comment_status":"open","ping_status":"closed","template":"","meta":{"_acf_changed":false},"product_brand":[],"product_cat":[756,804],"product_tag":[],"class_list":{"0":"post-42165","1":"product","2":"type-product","3":"status-publish","4":"has-post-thumbnail","6":"product_cat-0low-vision-produkte","7":"product_cat-756sehtests-nhe","9":"first","10":"instock","11":"taxable","12":"shipping-taxable","13":"purchasable","14":"product-type-simple"},"acf":[],"_links":{"self":[{"href":"https:\/\/shop.szblind.ch\/fr\/wp-json\/wp\/v2\/product\/42165","targetHints":{"allow":["GET"]}}],"collection":[{"href":"https:\/\/shop.szblind.ch\/fr\/wp-json\/wp\/v2\/product"}],"about":[{"href":"https:\/\/shop.szblind.ch\/fr\/wp-json\/wp\/v2\/types\/product"}],"replies":[{"embeddable":true,"href":"https:\/\/shop.szblind.ch\/fr\/wp-json\/wp\/v2\/comments?post=42165"}],"wp:featuredmedia":[{"embeddable":true,"href":"https:\/\/shop.szblind.ch\/fr\/wp-json\/wp\/v2\/media\/4721"}],"wp:attachment":[{"href":"https:\/\/shop.szblind.ch\/fr\/wp-json\/wp\/v2\/media?parent=42165"}],"wp:term":[{"taxonomy":"product_brand","embeddable":true,"href":"https:\/\/shop.szblind.ch\/fr\/wp-json\/wp\/v2\/product_brand?post=42165"},{"taxonomy":"product_cat","embeddable":true,"href":"https:\/\/shop.szblind.ch\/fr\/wp-json\/wp\/v2\/product_cat?post=42165"},{"taxonomy":"product_tag","embeddable":true,"href":"https:\/\/shop.szblind.ch\/fr\/wp-json\/wp\/v2\/product_tag?post=42165"}],"curies":[{"name":"wp","href":"https:\/\/api.w.org\/{rel}","templated":true}]}}