{"id":42169,"date":"2026-01-26T11:28:51","date_gmt":"2026-01-26T11:28:51","guid":{"rendered":"https:\/\/shop.szblind.ch\/produkt\/tafel-kunststoff-2\/"},"modified":"2026-04-15T09:12:46","modified_gmt":"2026-04-15T09:12:46","slug":"table-plastique-2","status":"publish","type":"product","link":"https:\/\/shop.szblind.ch\/fr\/produkt\/tafel-kunststoff-2\/","title":{"rendered":"Tableau braille 27 x 30 caract\u00e8res, A4 avec stylo, plastique"},"content":{"rendered":"<div class='html translation-block'>\n<p class=\"attachment\"><a href='https:\/\/shop.szblind.ch\/wp-content\/uploads\/2025\/12\/1024_0_1_51_957_g.jpg'><img loading=\"lazy\" width=\"252\" height=\"300\" src=\"https:\/\/shop.szblind.ch\/wp-content\/uploads\/2025\/12\/1024_0_1_51_957_g-252x300.jpg\" class=\"attachment-medium size-medium\" alt=\"51_957_g.jpg\" \/><\/a><\/p>\n<p><span style=\"font-family:Frutiger Neue 1450 Pro Regular;font-size:16px;color:#000000\">Recommand\u00e9 aux personnes souffrant de c\u00e9cit\u00e9, de d\u00e9ficience visuelle ou de surdic\u00e9cit\u00e9<\/span><\/p>.\n<p><span style=\"font-weight:bold;font-size:19px\">Sp\u00e9cificit\u00e9s:<\/span><\/p>\n<p><span>- Set d'\u00e9criture A4<\/span><\/p>\n<p><span>- Syst\u00e8me interpoints permettant d'\u00e9crire des deux c\u00f4t\u00e9s de la feuille<\/span><\/p>\n<p><span>- Convient pour \u00e9crire sur les rubans Dymo<\/span><\/p>\n<p><span>- Livr\u00e9 avec stylo correcteur<\/span><\/p>\n<p><span style=\"font-weight:bold;font-size:19px\">Description:<\/span><\/p>\n<p><span style=\"font-weight:bold;font-family:Frutiger Neue 1450 Pro Regular;font-size:16px;color:#000000\">Dimensions : <\/span><span style=\"font-family:Frutiger Neue 1450 Pro Regular;font-size:16px;color:#000000\">30.4 x 22 cm<\/span><\/p>\n<p><span style=\"font-weight:bold;font-family:Frutiger Neue 1450 Pro Regular;font-size:16px;color:#000000\">Couleur : <\/span><span style=\"font-family:Frutiger Neue 1450 Pro Regular;font-size:16px;color:#000000\">noir<\/span><\/p>\n<p><span style=\"font-weight:bold;font-family:Frutiger Neue 1450 Pro Regular;font-size:16px;color:#000000\">Format : <\/span><span style=\"font-family:Frutiger Neue 1450 Pro Regular;font-size:16px;color:#000000\">A4, 27 lignes de 30 cases<\/span><\/p>\n<p><span style=\"font-weight:bold;font-family:Frutiger Neue 1450 Pro Regular;font-size:16px;color:#000000\">Poids:<\/span><span style=\"font-family:Frutiger Neue 1450 Pro Regular;font-size:16px;color:#000000\"> 280 grammes<\/span><\/p>\n<p><span style=\"font-weight:bold;font-family:Frutiger Neue 1450 Pro Regular;font-size:16px;color:#000000\">Mat\u00e9riau : <\/span><span style=\"font-family:Frutiger Neue 1450 Pro Regular;font-size:16px;color:#000000\">Synth\u00e9tique<\/span><\/p>.\n<\/p>\n<p><span style=\"font-family:Times New Roman;font-size:15px;color:#000000\"> <\/span><\/p>\n<\/p>\n<\/div>","protected":false},"excerpt":{"rendered":"<p>Set d'\u00e9criture braille A4  27 x 30 cases<\/p>","protected":false},"featured_media":3910,"comment_status":"open","ping_status":"closed","template":"","meta":{"_acf_changed":false},"product_brand":[],"product_cat":[751,774],"product_tag":[],"class_list":{"0":"post-42169","1":"product","2":"type-product","3":"status-publish","4":"has-post-thumbnail","6":"product_cat-0blindenschrift","7":"product_cat-751schreibtafeln","9":"first","10":"instock","11":"taxable","12":"shipping-taxable","13":"purchasable","14":"product-type-simple"},"acf":[],"_links":{"self":[{"href":"https:\/\/shop.szblind.ch\/fr\/wp-json\/wp\/v2\/product\/42169","targetHints":{"allow":["GET"]}}],"collection":[{"href":"https:\/\/shop.szblind.ch\/fr\/wp-json\/wp\/v2\/product"}],"about":[{"href":"https:\/\/shop.szblind.ch\/fr\/wp-json\/wp\/v2\/types\/product"}],"replies":[{"embeddable":true,"href":"https:\/\/shop.szblind.ch\/fr\/wp-json\/wp\/v2\/comments?post=42169"}],"wp:featuredmedia":[{"embeddable":true,"href":"https:\/\/shop.szblind.ch\/fr\/wp-json\/wp\/v2\/media\/3910"}],"wp:attachment":[{"href":"https:\/\/shop.szblind.ch\/fr\/wp-json\/wp\/v2\/media?parent=42169"}],"wp:term":[{"taxonomy":"product_brand","embeddable":true,"href":"https:\/\/shop.szblind.ch\/fr\/wp-json\/wp\/v2\/product_brand?post=42169"},{"taxonomy":"product_cat","embeddable":true,"href":"https:\/\/shop.szblind.ch\/fr\/wp-json\/wp\/v2\/product_cat?post=42169"},{"taxonomy":"product_tag","embeddable":true,"href":"https:\/\/shop.szblind.ch\/fr\/wp-json\/wp\/v2\/product_tag?post=42169"}],"curies":[{"name":"wp","href":"https:\/\/api.w.org\/{rel}","templated":true}]}}