{"id":42175,"date":"2026-01-26T11:29:02","date_gmt":"2026-01-26T11:29:02","guid":{"rendered":"https:\/\/shop.szblind.ch\/produkt\/sehtest-berens-rot-g\/"},"modified":"2026-04-15T09:12:56","modified_gmt":"2026-04-15T09:12:56","slug":"test-de-vision-berens-rouge-g","status":"publish","type":"product","link":"https:\/\/shop.szblind.ch\/fr\/produkt\/sehtest-berens-rot-g\/","title":{"rendered":"test Berens rouge-vert"},"content":{"rendered":"<div class='html translation-block'>\n<p class=\"attachment\"><a href='https:\/\/shop.szblind.ch\/wp-content\/uploads\/2025\/12\/1035_0_1_51_112_g.jpg'><img loading=\"lazy\" width=\"299\" height=\"260\" src=\"https:\/\/shop.szblind.ch\/wp-content\/uploads\/2025\/12\/1035_0_1_51_112_g.jpg\" class=\"attachment-medium size-medium\" alt=\"51_112_g.jpg\" \/><\/a><\/p>\n<p><span style=\"font-family:Frutiger LT 55 Roman;font-size:15px;color:#000000\">Sur une lampe de poche, trois objets (\u00e9l\u00e9phant, fille, ballon) sont pr\u00e9sent\u00e9s et observ\u00e9s avec des lunettes rouge-vert. Ce test simple sert \u00e0 v\u00e9rifier la vision simultan\u00e9e ainsi que la fusion. Il convient aussi bien pour la vision de pr\u00e8s que pour les distances moyennes et peut \u00eatre r\u00e9alis\u00e9 aussi bien avec des adultes qu'avec des enfants.<\/span><\/p>\n<\/p>\n<\/div>","protected":false},"excerpt":{"rendered":"<p>test Berens rouge-vert<\/p>","protected":false},"featured_media":4734,"comment_status":"open","ping_status":"closed","template":"","meta":{"_acf_changed":false},"product_brand":[],"product_cat":[806,756],"product_tag":[],"class_list":{"0":"post-42175","1":"product","2":"type-product","3":"status-publish","4":"has-post-thumbnail","6":"product_cat-756abklrungsmaterial","7":"product_cat-0low-vision-produkte","9":"first","10":"instock","11":"taxable","12":"shipping-taxable","13":"purchasable","14":"product-type-simple"},"acf":[],"_links":{"self":[{"href":"https:\/\/shop.szblind.ch\/fr\/wp-json\/wp\/v2\/product\/42175","targetHints":{"allow":["GET"]}}],"collection":[{"href":"https:\/\/shop.szblind.ch\/fr\/wp-json\/wp\/v2\/product"}],"about":[{"href":"https:\/\/shop.szblind.ch\/fr\/wp-json\/wp\/v2\/types\/product"}],"replies":[{"embeddable":true,"href":"https:\/\/shop.szblind.ch\/fr\/wp-json\/wp\/v2\/comments?post=42175"}],"wp:featuredmedia":[{"embeddable":true,"href":"https:\/\/shop.szblind.ch\/fr\/wp-json\/wp\/v2\/media\/4734"}],"wp:attachment":[{"href":"https:\/\/shop.szblind.ch\/fr\/wp-json\/wp\/v2\/media?parent=42175"}],"wp:term":[{"taxonomy":"product_brand","embeddable":true,"href":"https:\/\/shop.szblind.ch\/fr\/wp-json\/wp\/v2\/product_brand?post=42175"},{"taxonomy":"product_cat","embeddable":true,"href":"https:\/\/shop.szblind.ch\/fr\/wp-json\/wp\/v2\/product_cat?post=42175"},{"taxonomy":"product_tag","embeddable":true,"href":"https:\/\/shop.szblind.ch\/fr\/wp-json\/wp\/v2\/product_tag?post=42175"}],"curies":[{"name":"wp","href":"https:\/\/api.w.org\/{rel}","templated":true}]}}