{"id":42186,"date":"2026-01-26T11:29:23","date_gmt":"2026-01-26T11:29:23","guid":{"rendered":"https:\/\/shop.szblind.ch\/produkt\/sehtests-lh-250150\/"},"modified":"2026-04-15T09:13:10","modified_gmt":"2026-04-15T09:13:10","slug":"tests-de-vision-lh-250150","status":"publish","type":"product","link":"https:\/\/shop.szblind.ch\/fr\/produkt\/sehtests-lh-250150\/","title":{"rendered":"LH 2501"},"content":{"rendered":"<div class='html translation-block'>\n<p class=\"attachment\"><a href='https:\/\/shop.szblind.ch\/wp-content\/uploads\/2025\/12\/1052_0_1_09_332.jpg'><img loading=\"lazy\" width=\"300\" height=\"192\" src=\"https:\/\/shop.szblind.ch\/wp-content\/uploads\/2025\/12\/1052_0_1_09_332-300x192.jpg\" class=\"attachment-medium size-medium\" alt=\"09_332.jpg\" \/><\/a><\/p>\n<p><span style=\"font-family:Arial;font-size:14px;color:#000000\">L'examen de la vue sert \u00e0 d\u00e9terminer l'acuit\u00e9 visuelle de loin chez les enfants \u00e0 partir du 36e mois.<\/span><\/p>\n<p><span style=\"font-family:Arial;font-size:14px;color:#000000\">Le test comprend 15 lignes \u00e9chelonn\u00e9es logarithmiquement avec 5 symboles LH chacune.<\/span><\/p>\n<p><span style=\"font-family:Arial;font-size:14px;color:#000000\">La distance normale 3 m<\/span><\/p>\n<p><span style=\"font-family:Arial;font-size:14px;color:#000000\">Format : env. 57 x 43 cm<\/span><\/p>\n<\/p>\n<\/div>","protected":false},"excerpt":{"rendered":"<p>LH 2501<\/p>","protected":false},"featured_media":4752,"comment_status":"open","ping_status":"closed","template":"","meta":{"_acf_changed":false},"product_brand":[],"product_cat":[756,802],"product_tag":[],"class_list":{"0":"post-42186","1":"product","2":"type-product","3":"status-publish","4":"has-post-thumbnail","6":"product_cat-0low-vision-produkte","7":"product_cat-756sehtests-ferne","9":"first","10":"instock","11":"taxable","12":"shipping-taxable","13":"purchasable","14":"product-type-simple"},"acf":[],"_links":{"self":[{"href":"https:\/\/shop.szblind.ch\/fr\/wp-json\/wp\/v2\/product\/42186","targetHints":{"allow":["GET"]}}],"collection":[{"href":"https:\/\/shop.szblind.ch\/fr\/wp-json\/wp\/v2\/product"}],"about":[{"href":"https:\/\/shop.szblind.ch\/fr\/wp-json\/wp\/v2\/types\/product"}],"replies":[{"embeddable":true,"href":"https:\/\/shop.szblind.ch\/fr\/wp-json\/wp\/v2\/comments?post=42186"}],"wp:featuredmedia":[{"embeddable":true,"href":"https:\/\/shop.szblind.ch\/fr\/wp-json\/wp\/v2\/media\/4752"}],"wp:attachment":[{"href":"https:\/\/shop.szblind.ch\/fr\/wp-json\/wp\/v2\/media?parent=42186"}],"wp:term":[{"taxonomy":"product_brand","embeddable":true,"href":"https:\/\/shop.szblind.ch\/fr\/wp-json\/wp\/v2\/product_brand?post=42186"},{"taxonomy":"product_cat","embeddable":true,"href":"https:\/\/shop.szblind.ch\/fr\/wp-json\/wp\/v2\/product_cat?post=42186"},{"taxonomy":"product_tag","embeddable":true,"href":"https:\/\/shop.szblind.ch\/fr\/wp-json\/wp\/v2\/product_tag?post=42186"}],"curies":[{"name":"wp","href":"https:\/\/api.w.org\/{rel}","templated":true}]}}