{"id":42187,"date":"2026-01-26T11:29:25","date_gmt":"2026-01-26T11:29:25","guid":{"rendered":"https:\/\/shop.szblind.ch\/produkt\/sehtests-lh-250250\/"},"modified":"2026-04-15T09:13:11","modified_gmt":"2026-04-15T09:13:11","slug":"tests-de-vision-lh-250250","status":"publish","type":"product","link":"https:\/\/shop.szblind.ch\/fr\/produkt\/sehtests-lh-250250\/","title":{"rendered":"LH 2502"},"content":{"rendered":"<div class='html translation-block'>\n<p class=\"attachment\"><a href='https:\/\/shop.szblind.ch\/wp-content\/uploads\/2025\/12\/1053_0_1_51_176_g.jpg'><img loading=\"lazy\" width=\"300\" height=\"192\" src=\"https:\/\/shop.szblind.ch\/wp-content\/uploads\/2025\/12\/1053_0_1_51_176_g-300x192.jpg\" class=\"attachment-medium size-medium\" alt=\"51_176_g.jpg\" \/><\/a><\/p>\n<p><span style=\"font-family:Arial;font-size:14px;color:#000000\">Le test correspond g\u00e9n\u00e9ralement au LH 2501, mais ici l'\u00e9talonnage logarithmique est limit\u00e9 \u00e0 10 lignes.<\/span><\/p>\n<p><span style=\"font-family:Arial;font-size:14px;color:#000000\">Distance normale 3 m<\/span><\/p>\n<p><span style=\"font-family:Arial;font-size:14px;color:#000000\">Format : 44 x 36 cm<\/span><\/p>\n<\/p>\n<\/div>","protected":false},"excerpt":{"rendered":"<p>LH 2502<\/p>","protected":false},"featured_media":4753,"comment_status":"open","ping_status":"closed","template":"","meta":{"_acf_changed":false},"product_brand":[],"product_cat":[756,802],"product_tag":[],"class_list":{"0":"post-42187","1":"product","2":"type-product","3":"status-publish","4":"has-post-thumbnail","6":"product_cat-0low-vision-produkte","7":"product_cat-756sehtests-ferne","9":"first","10":"instock","11":"taxable","12":"shipping-taxable","13":"purchasable","14":"product-type-simple"},"acf":[],"_links":{"self":[{"href":"https:\/\/shop.szblind.ch\/fr\/wp-json\/wp\/v2\/product\/42187","targetHints":{"allow":["GET"]}}],"collection":[{"href":"https:\/\/shop.szblind.ch\/fr\/wp-json\/wp\/v2\/product"}],"about":[{"href":"https:\/\/shop.szblind.ch\/fr\/wp-json\/wp\/v2\/types\/product"}],"replies":[{"embeddable":true,"href":"https:\/\/shop.szblind.ch\/fr\/wp-json\/wp\/v2\/comments?post=42187"}],"wp:featuredmedia":[{"embeddable":true,"href":"https:\/\/shop.szblind.ch\/fr\/wp-json\/wp\/v2\/media\/4753"}],"wp:attachment":[{"href":"https:\/\/shop.szblind.ch\/fr\/wp-json\/wp\/v2\/media?parent=42187"}],"wp:term":[{"taxonomy":"product_brand","embeddable":true,"href":"https:\/\/shop.szblind.ch\/fr\/wp-json\/wp\/v2\/product_brand?post=42187"},{"taxonomy":"product_cat","embeddable":true,"href":"https:\/\/shop.szblind.ch\/fr\/wp-json\/wp\/v2\/product_cat?post=42187"},{"taxonomy":"product_tag","embeddable":true,"href":"https:\/\/shop.szblind.ch\/fr\/wp-json\/wp\/v2\/product_tag?post=42187"}],"curies":[{"name":"wp","href":"https:\/\/api.w.org\/{rel}","templated":true}]}}