{"id":42188,"date":"2026-01-26T11:29:27","date_gmt":"2026-01-26T11:29:27","guid":{"rendered":"https:\/\/shop.szblind.ch\/produkt\/handschlaufe-zu-ca-stuetzstock\/"},"modified":"2026-04-15T09:13:13","modified_gmt":"2026-04-15T09:13:13","slug":"dragonne-pour-canne-ca","status":"publish","type":"product","link":"https:\/\/shop.szblind.ch\/fr\/produkt\/handschlaufe-zu-ca-stuetzstock\/","title":{"rendered":"Dragonne Ambutech pour canne de soutien art. 01.611"},"content":{"rendered":"<div class='html translation-block'>\n<p class=\"attachment\"><a href='https:\/\/shop.szblind.ch\/wp-content\/uploads\/2025\/12\/1054_0_1_51_177_g.jpg'><img loading=\"lazy\" width=\"300\" height=\"192\" src=\"https:\/\/shop.szblind.ch\/wp-content\/uploads\/2025\/12\/1054_0_1_51_177_g-300x192.jpg\" class=\"attachment-medium size-medium\" alt=\"51_177_g.jpg\" \/><\/a><\/p>\n<p><span style=\"font-family:Verdana;font-size:14px;color:#000000\">Cet article convient aux personnes aveugles, malvoyantes et malentendantes-aveugles.<\/span><\/p>\n<p><span style=\"font-family:Verdana;font-size:14px;color:#000000\">Conception universelle adapt\u00e9e aux cannes de marche de nombreuses marques et mod\u00e8les. Une boucle \u00e9lastique passe sur le f\u00fbt de la canne et une boucle s\u00e9par\u00e9e se fixe au poignet de l'utilisateur pour \u00e9viter de laisser tomber la canne.<\/span><\/p>\n<\/p>\n<\/div>","protected":false},"excerpt":{"rendered":"<p>Dragonne pour canne d\u2019appui<\/p>","protected":false},"featured_media":4754,"comment_status":"open","ping_status":"closed","template":"","meta":{"_acf_changed":false},"product_brand":[],"product_cat":[761,747,811],"product_tag":[],"class_list":{"0":"post-42188","1":"product","2":"type-product","3":"status-publish","4":"has-post-thumbnail","6":"product_cat-747geh-und-wanderstcke","7":"product_cat-0mobilitt","8":"product_cat-761zubehr","10":"first","11":"instock","12":"taxable","13":"shipping-taxable","14":"purchasable","15":"product-type-simple"},"acf":[],"_links":{"self":[{"href":"https:\/\/shop.szblind.ch\/fr\/wp-json\/wp\/v2\/product\/42188","targetHints":{"allow":["GET"]}}],"collection":[{"href":"https:\/\/shop.szblind.ch\/fr\/wp-json\/wp\/v2\/product"}],"about":[{"href":"https:\/\/shop.szblind.ch\/fr\/wp-json\/wp\/v2\/types\/product"}],"replies":[{"embeddable":true,"href":"https:\/\/shop.szblind.ch\/fr\/wp-json\/wp\/v2\/comments?post=42188"}],"wp:featuredmedia":[{"embeddable":true,"href":"https:\/\/shop.szblind.ch\/fr\/wp-json\/wp\/v2\/media\/4754"}],"wp:attachment":[{"href":"https:\/\/shop.szblind.ch\/fr\/wp-json\/wp\/v2\/media?parent=42188"}],"wp:term":[{"taxonomy":"product_brand","embeddable":true,"href":"https:\/\/shop.szblind.ch\/fr\/wp-json\/wp\/v2\/product_brand?post=42188"},{"taxonomy":"product_cat","embeddable":true,"href":"https:\/\/shop.szblind.ch\/fr\/wp-json\/wp\/v2\/product_cat?post=42188"},{"taxonomy":"product_tag","embeddable":true,"href":"https:\/\/shop.szblind.ch\/fr\/wp-json\/wp\/v2\/product_tag?post=42188"}],"curies":[{"name":"wp","href":"https:\/\/api.w.org\/{rel}","templated":true}]}}