{"id":42191,"date":"2026-01-26T11:29:33","date_gmt":"2026-01-26T11:29:33","guid":{"rendered":"https:\/\/shop.szblind.ch\/produkt\/lesestaender-metall\/"},"modified":"2026-04-15T09:13:20","modified_gmt":"2026-04-15T09:13:20","slug":"porte-lecteur-metal","status":"publish","type":"product","link":"https:\/\/shop.szblind.ch\/fr\/produkt\/lesestaender-metall\/","title":{"rendered":"Support de lecture en m\u00e9tal, gris Chiffre du tarif 914.131.5"},"content":{"rendered":"<div class='html translation-block'>\n<p class=\"attachment\"><a href='https:\/\/shop.szblind.ch\/wp-content\/uploads\/2025\/12\/1058_0_1_03_020.jpg'><img loading=\"lazy\" width=\"300\" height=\"193\" src=\"https:\/\/shop.szblind.ch\/wp-content\/uploads\/2025\/12\/1058_0_1_03_020-300x193.jpg\" class=\"attachment-medium size-medium\" alt=\"03_020.jpg\" \/><\/a><\/p>\n<p><span style=\"font-family:Arial;font-size:14px;color:#000000\">Pupitre de lecture en m\u00e9tal, pliable, r\u00e9glable sur 11 niveaux d'inclinaison<\/span><\/p>\n<p><span style=\"font-family:Arial;font-size:14px;color:#000000\">incl. 1 r\u00e8gle magn\u00e9tique noire (50.666), librement d\u00e9pla\u00e7able, profondeur 2,3 cm<\/span><\/p>\n<p><span style=\"font-family:Arial;font-size:14px;color:#000000\">Dimensions 45,5 x 41 x 3 cm \/ 6,28 kg<\/span><\/p>\n<p><span style=\"font-family:Arial;font-size:14px;color:#000000\">Couleur : gris clair<\/span><\/p>\n<\/p>\n<\/div>","protected":false},"excerpt":{"rendered":"<p>Pupitre de lecture m&eacute;tallique, gris<\/p>","protected":false},"featured_media":3944,"comment_status":"open","ping_status":"closed","template":"","meta":{"_acf_changed":false},"product_brand":[],"product_cat":[808,756],"product_tag":[],"class_list":{"0":"post-42191","1":"product","2":"type-product","3":"status-publish","4":"has-post-thumbnail","6":"product_cat-756lesestnder","7":"product_cat-0low-vision-produkte","9":"first","10":"instock","11":"taxable","12":"shipping-taxable","13":"purchasable","14":"product-type-simple"},"acf":[],"_links":{"self":[{"href":"https:\/\/shop.szblind.ch\/fr\/wp-json\/wp\/v2\/product\/42191","targetHints":{"allow":["GET"]}}],"collection":[{"href":"https:\/\/shop.szblind.ch\/fr\/wp-json\/wp\/v2\/product"}],"about":[{"href":"https:\/\/shop.szblind.ch\/fr\/wp-json\/wp\/v2\/types\/product"}],"replies":[{"embeddable":true,"href":"https:\/\/shop.szblind.ch\/fr\/wp-json\/wp\/v2\/comments?post=42191"}],"wp:featuredmedia":[{"embeddable":true,"href":"https:\/\/shop.szblind.ch\/fr\/wp-json\/wp\/v2\/media\/3944"}],"wp:attachment":[{"href":"https:\/\/shop.szblind.ch\/fr\/wp-json\/wp\/v2\/media?parent=42191"}],"wp:term":[{"taxonomy":"product_brand","embeddable":true,"href":"https:\/\/shop.szblind.ch\/fr\/wp-json\/wp\/v2\/product_brand?post=42191"},{"taxonomy":"product_cat","embeddable":true,"href":"https:\/\/shop.szblind.ch\/fr\/wp-json\/wp\/v2\/product_cat?post=42191"},{"taxonomy":"product_tag","embeddable":true,"href":"https:\/\/shop.szblind.ch\/fr\/wp-json\/wp\/v2\/product_tag?post=42191"}],"curies":[{"name":"wp","href":"https:\/\/api.w.org\/{rel}","templated":true}]}}