{"id":42195,"date":"2026-01-26T11:29:40","date_gmt":"2026-01-26T11:29:40","guid":{"rendered":"https:\/\/shop.szblind.ch\/produkt\/multi-memo\/"},"modified":"2026-04-15T09:13:25","modified_gmt":"2026-04-15T09:13:25","slug":"multi-memo","status":"publish","type":"product","link":"https:\/\/shop.szblind.ch\/fr\/produkt\/multi-memo\/","title":{"rendered":"Multi Memo Voice Recorder"},"content":{"rendered":"<div class='html translation-block'>\n<p class=\"attachment\"><a href='https:\/\/shop.szblind.ch\/wp-content\/uploads\/2025\/12\/1064_0_1_08_814_g.jpg'><img loading=\"lazy\" width=\"300\" height=\"192\" src=\"https:\/\/shop.szblind.ch\/wp-content\/uploads\/2025\/12\/1064_0_1_08_814_g-300x192.jpg\" class=\"attachment-medium size-medium\" alt=\"08_814_g.jpg\" \/><\/a><\/p>\n<p><span style=\"font-family:Verdana;font-size:14px\">Recommand\u00e9 aux personnes atteintes de c\u00e9cit\u00e9, de malvoyance ou de surdic\u00e9cit\u00e9<\/span><\/p>.\n<p><span style=\"font-family:Verdana;font-size:14px\">Petit appareil de prise de notes pratique pour les messages vocaux courts<\/span><\/p>.\n<p><span style=\"font-family:Verdana;font-size:14px\">Maniement : tr\u00e8s simple<\/span><\/p>\n<p><span style=\"font-family:Verdana;font-size:14px\">Sp\u00e9cificit\u00e9s:<\/span><\/p>\n<p><span style=\"font-family:Verdana;font-size:14px\">- Bloc-notes rond et maniable pour des notes vocales courtes<\/span><\/p>.\n<p><span style=\"font-weight:bold;font-family:Verdana;font-size:14px\">Description:<\/span><\/p>\n<p><span style=\"font-family:Verdana;font-size:14px\">Dimensions : 8 cm<\/span><\/p>\n<p><span style=\"font-family:Verdana;font-size:14px\">Autonomie de l'appareil : selon l'utilisation <\/span><\/p>\n<p><span style=\"font-family:Verdana;font-size:14px\">Affichage : non<\/span><\/p>\n<p><span style=\"font-family:Verdana;font-size:14px\">M\u00e9moire externe : non<\/span><\/p>\n<p><span style=\"font-family:Verdana;font-size:14px\">Couleur : bo\u00eetier vert avec touches haptiques rouges, jaunes, bleues et noires<\/span><\/p>\n<p><span style=\"font-family:Verdana;font-size:14px\">Vitesse de la synth\u00e8se vocale : non<\/span><\/p>\n<p><span style=\"font-family:Verdana;font-size:14px\">Poids : 49 grammes<\/span><\/p>\n<p><span style=\"font-family:Verdana;font-size:14px\">M\u00e9moire interne : 6 minutes d'enregistrement<\/span><\/p>\n<p><span style=\"font-family:Verdana;font-size:14px\">Capacit\u00e9 de la carte SD : non<\/span><\/p>\n<p><span style=\"font-family:Verdana;font-size:14px\">Prise casque : non<\/span><\/p>\n<p><span style=\"font-family:Verdana;font-size:14px\">Haut-parleurs : oui<\/span><\/p>\n<p><span style=\"font-family:Verdana;font-size:14px\">Volume : moyen<\/span><\/p>\n<p><span style=\"font-family:Verdana;font-size:14px\">Mat\u00e9riau : plastique<\/span><\/p>\n<p><span style=\"font-family:Verdana;font-size:14px\">Possibilit\u00e9 de location : non<\/span><\/p>\n<p><span style=\"font-family:Verdana;font-size:14px\">Protection contre les chocs : non<\/span><\/p>\n<p><span style=\"font-family:Verdana;font-size:14px\">Alimentation : 3 piles bouton LR44<\/span><\/p>.\n<p><span style=\"font-family:Verdana;font-size:14px\">Boutons tactiles : oui<\/span><\/p>\n<p><span style=\"font-family:Verdana;font-size:14px\">Etanche : non<\/span><\/p>\n<\/p>\n<\/div>","protected":false},"excerpt":{"rendered":"<p>Multi Memo Voice Recorder<\/p>","protected":false},"featured_media":4760,"comment_status":"open","ping_status":"closed","template":"","meta":{"_acf_changed":false},"product_brand":[],"product_cat":[750,771],"product_tag":[],"class_list":{"0":"post-42195","1":"product","2":"type-product","3":"status-publish","4":"has-post-thumbnail","6":"product_cat-0audio","7":"product_cat-750diktiergerte","9":"first","10":"instock","11":"taxable","12":"shipping-taxable","13":"purchasable","14":"product-type-simple"},"acf":[],"_links":{"self":[{"href":"https:\/\/shop.szblind.ch\/fr\/wp-json\/wp\/v2\/product\/42195","targetHints":{"allow":["GET"]}}],"collection":[{"href":"https:\/\/shop.szblind.ch\/fr\/wp-json\/wp\/v2\/product"}],"about":[{"href":"https:\/\/shop.szblind.ch\/fr\/wp-json\/wp\/v2\/types\/product"}],"replies":[{"embeddable":true,"href":"https:\/\/shop.szblind.ch\/fr\/wp-json\/wp\/v2\/comments?post=42195"}],"wp:featuredmedia":[{"embeddable":true,"href":"https:\/\/shop.szblind.ch\/fr\/wp-json\/wp\/v2\/media\/4760"}],"wp:attachment":[{"href":"https:\/\/shop.szblind.ch\/fr\/wp-json\/wp\/v2\/media?parent=42195"}],"wp:term":[{"taxonomy":"product_brand","embeddable":true,"href":"https:\/\/shop.szblind.ch\/fr\/wp-json\/wp\/v2\/product_brand?post=42195"},{"taxonomy":"product_cat","embeddable":true,"href":"https:\/\/shop.szblind.ch\/fr\/wp-json\/wp\/v2\/product_cat?post=42195"},{"taxonomy":"product_tag","embeddable":true,"href":"https:\/\/shop.szblind.ch\/fr\/wp-json\/wp\/v2\/product_tag?post=42195"}],"curies":[{"name":"wp","href":"https:\/\/api.w.org\/{rel}","templated":true}]}}