{"id":42207,"date":"2026-01-26T11:30:06","date_gmt":"2026-01-26T11:30:06","guid":{"rendered":"https:\/\/shop.szblind.ch\/produkt\/sehtests-lh-2535\/"},"modified":"2026-04-15T09:13:49","modified_gmt":"2026-04-15T09:13:49","slug":"tests-de-la-vue-lh-2535","status":"publish","type":"product","link":"https:\/\/shop.szblind.ch\/fr\/produkt\/sehtests-lh-2535\/","title":{"rendered":"LH 2535 Test de vue Cadeau Heidi"},"content":{"rendered":"<div class='html translation-block'>\n<p class=\"attachment\"><a href='https:\/\/shop.szblind.ch\/wp-content\/uploads\/2026\/01\/1086_0_1_51_178_neu.png'><img loading=\"lazy\" width=\"300\" height=\"242\" src=\"https:\/\/shop.szblind.ch\/wp-content\/uploads\/2026\/01\/1086_0_1_51_178_neu-300x242.png\" class=\"attachment-medium size-medium\" alt=\"51_178_neu.png\" \/><\/a><\/p>\n<p><span style=\"font-family:Arial;font-size:14px;color:#000000\">Ce test sert \u00e0 d\u00e9terminer le seuil absolu de perception du contraste chez les jeunes enfants, \u00e9galement appel\u00e9 \u201eHeidi cach\u00e9\u201c.<\/span><\/p>\n<p><span style=\"font-family:Arial;font-size:14px;color:#000000\">Le test est imprim\u00e9 sur 4 cartes en 6 niveaux de contraste diff\u00e9rents, avec un visage d'enfant imprim\u00e9 des deux c\u00f4t\u00e9s, et contient en outre une carte blanche.<\/span><\/p>\n<p><span style=\"font-family:Arial;font-size:14px;color:#000000\">Ce test est id\u00e9al pour les p\u00e9diatres.<\/span><\/p>\n<p><span style=\"font-family:Arial;font-size:14px;color:#000000\">Format des cartes : 23 x 23 cm<\/span><\/p>\n<\/p>\n<\/div>","protected":false},"excerpt":{"rendered":"<p>LH 2535<\/p>","protected":false},"featured_media":4777,"comment_status":"open","ping_status":"closed","template":"","meta":{"_acf_changed":false},"product_brand":[],"product_cat":[756,804],"product_tag":[],"class_list":{"0":"post-42207","1":"product","2":"type-product","3":"status-publish","4":"has-post-thumbnail","6":"product_cat-0low-vision-produkte","7":"product_cat-756sehtests-nhe","9":"first","10":"instock","11":"taxable","12":"shipping-taxable","13":"purchasable","14":"product-type-simple"},"acf":[],"_links":{"self":[{"href":"https:\/\/shop.szblind.ch\/fr\/wp-json\/wp\/v2\/product\/42207","targetHints":{"allow":["GET"]}}],"collection":[{"href":"https:\/\/shop.szblind.ch\/fr\/wp-json\/wp\/v2\/product"}],"about":[{"href":"https:\/\/shop.szblind.ch\/fr\/wp-json\/wp\/v2\/types\/product"}],"replies":[{"embeddable":true,"href":"https:\/\/shop.szblind.ch\/fr\/wp-json\/wp\/v2\/comments?post=42207"}],"wp:featuredmedia":[{"embeddable":true,"href":"https:\/\/shop.szblind.ch\/fr\/wp-json\/wp\/v2\/media\/4777"}],"wp:attachment":[{"href":"https:\/\/shop.szblind.ch\/fr\/wp-json\/wp\/v2\/media?parent=42207"}],"wp:term":[{"taxonomy":"product_brand","embeddable":true,"href":"https:\/\/shop.szblind.ch\/fr\/wp-json\/wp\/v2\/product_brand?post=42207"},{"taxonomy":"product_cat","embeddable":true,"href":"https:\/\/shop.szblind.ch\/fr\/wp-json\/wp\/v2\/product_cat?post=42207"},{"taxonomy":"product_tag","embeddable":true,"href":"https:\/\/shop.szblind.ch\/fr\/wp-json\/wp\/v2\/product_tag?post=42207"}],"curies":[{"name":"wp","href":"https:\/\/api.w.org\/{rel}","templated":true}]}}