{"id":42210,"date":"2026-01-26T11:30:16","date_gmt":"2026-01-26T11:30:16","guid":{"rendered":"https:\/\/shop.szblind.ch\/produkt\/fruehfoerderm-camilla\/"},"modified":"2026-04-15T09:13:54","modified_gmt":"2026-04-15T09:13:54","slug":"fruehfoerderung-camilla","status":"publish","type":"product","link":"https:\/\/shop.szblind.ch\/fr\/produkt\/fruehfoerderm-camilla\/","title":{"rendered":"poup\u00e9e \"Camille\""},"content":{"rendered":"<div class='html translation-block'>\n<p class=\"attachment\"><a href='https:\/\/shop.szblind.ch\/wp-content\/uploads\/2025\/12\/1091_0_1_50_702_g.jpg'><img loading=\"lazy\" width=\"300\" height=\"192\" src=\"https:\/\/shop.szblind.ch\/wp-content\/uploads\/2025\/12\/1091_0_1_50_702_g-300x192.jpg\" class=\"attachment-medium size-medium\" alt=\"50_702_g.jpg\" \/><\/a><\/p>\n<p><span style=\"font-family:Arial;font-size:14px;color:#000000\">La poup\u00e9e en tissu \u201e Camilla \u201c est destin\u00e9e \u00e0 la stimulation visuelle et mesure 40 cm de haut.<\/span><\/p>\n<p><span style=\"font-family:Arial;font-size:14px;color:#000000\">La poup\u00e9e est fabriqu\u00e9e dans un tissu de coton robuste et peut \u00eatre lav\u00e9e \u00e0 la main.<\/span><\/p>\n<p><span style=\"font-family:Arial;font-size:14px;color:#000000\">La largeur du motif \u00e0 carreaux est de 1,0 \u2013 1,5 cm.<\/span><\/p>\n<\/p>\n<\/div>","protected":false},"excerpt":{"rendered":"<p>poup\u00e9e \"Camille\"<\/p>","protected":false},"featured_media":4781,"comment_status":"open","ping_status":"closed","template":"","meta":{"_acf_changed":false},"product_brand":[],"product_cat":[806,756],"product_tag":[],"class_list":{"0":"post-42210","1":"product","2":"type-product","3":"status-publish","4":"has-post-thumbnail","6":"product_cat-756abklrungsmaterial","7":"product_cat-0low-vision-produkte","9":"first","10":"instock","11":"taxable","12":"shipping-taxable","13":"purchasable","14":"product-type-simple"},"acf":[],"_links":{"self":[{"href":"https:\/\/shop.szblind.ch\/fr\/wp-json\/wp\/v2\/product\/42210","targetHints":{"allow":["GET"]}}],"collection":[{"href":"https:\/\/shop.szblind.ch\/fr\/wp-json\/wp\/v2\/product"}],"about":[{"href":"https:\/\/shop.szblind.ch\/fr\/wp-json\/wp\/v2\/types\/product"}],"replies":[{"embeddable":true,"href":"https:\/\/shop.szblind.ch\/fr\/wp-json\/wp\/v2\/comments?post=42210"}],"wp:featuredmedia":[{"embeddable":true,"href":"https:\/\/shop.szblind.ch\/fr\/wp-json\/wp\/v2\/media\/4781"}],"wp:attachment":[{"href":"https:\/\/shop.szblind.ch\/fr\/wp-json\/wp\/v2\/media?parent=42210"}],"wp:term":[{"taxonomy":"product_brand","embeddable":true,"href":"https:\/\/shop.szblind.ch\/fr\/wp-json\/wp\/v2\/product_brand?post=42210"},{"taxonomy":"product_cat","embeddable":true,"href":"https:\/\/shop.szblind.ch\/fr\/wp-json\/wp\/v2\/product_cat?post=42210"},{"taxonomy":"product_tag","embeddable":true,"href":"https:\/\/shop.szblind.ch\/fr\/wp-json\/wp\/v2\/product_tag?post=42210"}],"curies":[{"name":"wp","href":"https:\/\/api.w.org\/{rel}","templated":true}]}}