{"id":42220,"date":"2026-01-26T11:30:30","date_gmt":"2026-01-26T11:30:30","guid":{"rendered":"https:\/\/shop.szblind.ch\/produkt\/ufo-tischwecker-d\/"},"modified":"2026-04-16T14:30:29","modified_gmt":"2026-04-16T14:30:29","slug":"ufo-reveil-de-table-d","status":"publish","type":"product","link":"https:\/\/shop.szblind.ch\/fr\/produkt\/ufo-tischwecker-d\/","title":{"rendered":"R\u00e9veil UFO digital parlant, allemand, bouton unique, alarme"},"content":{"rendered":"<div class='html translation-block'>\n<p class=\"attachment\"><a href='https:\/\/shop.szblind.ch\/wp-content\/uploads\/2025\/12\/1153_0_1_03_065_g.jpg'><img loading=\"lazy\" width=\"300\" height=\"192\" src=\"https:\/\/shop.szblind.ch\/wp-content\/uploads\/2025\/12\/1153_0_1_03_065_g-300x192.jpg\" class=\"attachment-medium size-medium\" alt=\"03_065_g.jpg\" \/><\/a><\/p>\n<p><span style=\"font-family:Frutiger Neue 1450 Pro Regular;font-size:16px;color:#000000\">Recommand\u00e9 pour les personnes atteintes de c\u00e9cit\u00e9 et de d\u00e9ficience visuelle<\/span><\/p>.\n<p><span style=\"font-weight:bold;font-size:19px\">R\u00e9veil parlant rond avec un bouton<\/span><\/p>.\n<p><span>Publicit\u00e9 du produit : best-seller<\/span><\/p>\n<p><span>Maniement : simple <\/span><\/p>\n<p><span style=\"font-weight:bold;font-size:19px\">Sp\u00e9cificit\u00e9s:<\/span><\/p>\n<p><span>- Possibilit\u00e9 d'annonce automatique de l'heure<\/span><\/p>\n<p><span>- R\u00e9ponse vocale claire<\/span><\/p>\n<p><span>- Uniquement en allemand<\/span><\/p>\n<p><span style=\"font-weight:bold;font-size:19px\">Description:<\/span><\/p>\n<p><span style=\"font-weight:bold;font-family:Frutiger Neue 1450 Pro Regular;font-size:16px;color:#000000\">Lecture de l'heure : <\/span><span style=\"font-family:Arial;font-size:16px;color:#000000\">Selon<\/span><\/p>.\n<p><span style=\"font-weight:bold;font-family:Frutiger Neue 1450 Pro Regular;font-size:16px;color:#000000\">Dimensions de l'\u00e9cran:<\/span><span style=\"font-family:Frutiger Neue 1450 Pro Regular;font-size:16px;color:#000000\"> 13 x 2.5 cm<\/span><\/p>\n<p><span style=\"font-weight:bold;font-family:Frutiger Neue 1450 Pro Regular;font-size:16px;color:#000000\">Alarme : <\/span><span style=\"font-family:Frutiger Neue 1450 Pro Regular;font-size:16px;color:#000000\">1<\/span><\/p>\n<p><span style=\"font-weight:bold;font-family:Frutiger Neue 1450 Pro Regular;font-size:16px;color:#000000\">Alarme horaire automatique:<\/span><span style=\"font-family:Frutiger Neue 1450 Pro Regular;font-size:16px;color:#000000\"> oui<\/span><\/p>\n<p><span style=\"font-weight:bold;font-family:Frutiger Neue 1450 Pro Regular;font-size:16px;color:#000000\">Dur\u00e9e d'utilisation:<\/span><span style=\"font-family:Frutiger Neue 1450 Pro Regular;font-size:16px;color:#000000\"> selon l'utilisation<\/span><\/p>.\n<p><span style=\"font-weight:bold;font-family:Frutiger Neue 1450 Pro Regular;font-size:16px;color:#000000\">Display : <\/span><span style=\"font-family:Frutiger Neue 1450 Pro Regular;font-size:16px;color:#000000\">-<\/span><\/p>\n<p><span style=\"font-weight:bold;font-family:Frutiger Neue 1450 Pro Regular;font-size:16px;color:#000000\">R\u00e9glages:<\/span><span style=\"font-family:Frutiger Neue 1450 Pro Regular;font-size:16px;color:#000000\"> Heures, minutes, r\u00e9veil<\/span><\/p>\n<p><span style=\"font-weight:bold;font-family:Frutiger Neue 1450 Pro Regular;font-size:16px;color:#000000\">Couleur : <\/span><span style=\"font-family:Frutiger Neue 1450 Pro Regular;font-size:16px;color:#000000\">cr\u00e8me blanche<\/span><\/p>\n<p><span style=\"font-weight:bold;font-family:Frutiger Neue 1450 Pro Regular;font-size:16px;color:#000000\">Poids:<\/span><span style=\"font-family:Frutiger Neue 1450 Pro Regular;font-size:16px;color:#000000\"> 200 grammes<\/span><\/p>\n<p><span style=\"font-family:Frutiger Neue 1450 Pro Regular;font-size:16px;color:#000000\">Sonnerie : Chant du coq<\/span><\/p>\n<p><span style=\"font-weight:bold;font-family:Frutiger Neue 1450 Pro Regular;font-size:16px;color:#000000\">Sonneries:<\/span><span style=\"font-family:Frutiger Neue 1450 Pro Regular;font-size:16px;color:#000000\"> 1<\/span><\/p>\n<p><span style=\"font-weight:bold;font-family:Frutiger Neue 1450 Pro Regular;font-size:16px;color:#000000\">Volume:<\/span><span style=\"font-family:Frutiger Neue 1450 Pro Regular;font-size:16px;color:#000000\"> fort<\/span><\/p>\n<p><span style=\"font-weight:bold;font-family:Frutiger Neue 1450 Pro Regular;font-size:16px;color:#000000\">Mati\u00e8re:<\/span><span style=\"font-family:Frutiger Neue 1450 Pro Regular;font-size:16px;color:#000000\"> Synth\u00e9tique<\/span><\/p>\n<p><span style=\"font-weight:bold;font-family:Frutiger Neue 1450 Pro Regular;font-size:16px;color:#000000\">Voix:<\/span><span style=\"font-family:Frutiger Neue 1450 Pro Regular;font-size:16px;color:#000000\"> Femme<\/span><\/p>\n<p><span style=\"font-weight:bold;font-family:Frutiger Neue 1450 Pro Regular;font-size:16px;color:#000000\">Protection contre les chocs\/projections:<\/span><span style=\"font-family:Frutiger Neue 1450 Pro Regular;font-size:16px;color:#000000\"> non<\/span><\/p>\n<p><span style=\"font-weight:bold;font-family:Frutiger Neue 1450 Pro Regular;font-size:16px;color:#000000\">Alimentation:<\/span><span style=\"font-family:Frutiger Neue 1450 Pro Regular;font-size:16px;color:#000000\"> 2 piles LR 03 AAA 1.5 V<\/span><\/p>\n<p><span style=\"font-weight:bold;font-family:Frutiger Neue 1450 Pro Regular;font-size:16px;color:#000000\">Touches:<\/span><span style=\"font-family:Frutiger Neue 1450 Pro Regular;font-size:16px;color:#000000\"> 1 grande touche<\/span><\/p>\n<\/p>\n<\/div>","protected":false},"excerpt":{"rendered":"<p>R\u00e9veil UFO MV<\/p>","protected":false},"featured_media":4815,"comment_status":"open","ping_status":"closed","template":"","meta":{"_acf_changed":false},"product_brand":[],"product_cat":[764,748],"product_tag":[],"class_list":{"0":"post-42220","1":"product","2":"type-product","3":"status-publish","4":"has-post-thumbnail","6":"product_cat-748sprachausgabe","7":"product_cat-0uhren","9":"first","10":"instock","11":"taxable","12":"shipping-taxable","13":"purchasable","14":"product-type-simple"},"acf":[],"_links":{"self":[{"href":"https:\/\/shop.szblind.ch\/fr\/wp-json\/wp\/v2\/product\/42220","targetHints":{"allow":["GET"]}}],"collection":[{"href":"https:\/\/shop.szblind.ch\/fr\/wp-json\/wp\/v2\/product"}],"about":[{"href":"https:\/\/shop.szblind.ch\/fr\/wp-json\/wp\/v2\/types\/product"}],"replies":[{"embeddable":true,"href":"https:\/\/shop.szblind.ch\/fr\/wp-json\/wp\/v2\/comments?post=42220"}],"wp:featuredmedia":[{"embeddable":true,"href":"https:\/\/shop.szblind.ch\/fr\/wp-json\/wp\/v2\/media\/4815"}],"wp:attachment":[{"href":"https:\/\/shop.szblind.ch\/fr\/wp-json\/wp\/v2\/media?parent=42220"}],"wp:term":[{"taxonomy":"product_brand","embeddable":true,"href":"https:\/\/shop.szblind.ch\/fr\/wp-json\/wp\/v2\/product_brand?post=42220"},{"taxonomy":"product_cat","embeddable":true,"href":"https:\/\/shop.szblind.ch\/fr\/wp-json\/wp\/v2\/product_cat?post=42220"},{"taxonomy":"product_tag","embeddable":true,"href":"https:\/\/shop.szblind.ch\/fr\/wp-json\/wp\/v2\/product_tag?post=42220"}],"curies":[{"name":"wp","href":"https:\/\/api.w.org\/{rel}","templated":true}]}}