{"id":42222,"date":"2026-01-26T11:30:38","date_gmt":"2026-01-26T11:30:38","guid":{"rendered":"https:\/\/shop.szblind.ch\/produkt\/tami\/"},"modified":"2026-04-15T09:14:24","modified_gmt":"2026-04-15T09:14:24","slug":"tami","status":"publish","type":"product","link":"https:\/\/shop.szblind.ch\/fr\/produkt\/tami\/","title":{"rendered":"Tami de Lighthousetech Lunettes \/ Commander via le lien ci-dessous"},"content":{"rendered":"<div class='html translation-block'>\n<p class=\"attachment\"><a href='https:\/\/shop.szblind.ch\/wp-content\/uploads\/2026\/01\/1175_0_1_01_024.jpg'><img loading=\"lazy\" width=\"300\" height=\"192\" src=\"https:\/\/shop.szblind.ch\/wp-content\/uploads\/2026\/01\/1175_0_1_01_024-300x192.jpg\" class=\"attachment-medium size-medium\" alt=\"01_024.jpg\" \/><\/a><\/p>\n<p><span style=\"font-family:Frutiger Neue 1450 Pro Regular;font-size:15px\">Recommand\u00e9 pour les personnes atteintes de c\u00e9cit\u00e9, de malvoyance et de surdic\u00e9cit\u00e9<\/span><span style=\"font-family:Times New Roman;font-size:15px\">.<br \/><\/span><\/p>\n<p><span style=\"font-family:Frutiger Neue 1450 Pro Regular;font-size:15px\">Manipulation : Veuillez demander \u00e0 un centre de consultation de vous expliquer comment remettre et utiliser ces lunettes. Vous trouverez les adresses des centres de conseil sur notre site web sous : <a target=\"_blank\" href=\"https:\/\/hilfsmittelshop.szblind.ch\/de\/A~01.101\/www.hilfsmittel.szblind.ch\" rel=\"noopener\">www.hilfsmittel.szblind.ch<\/span><span style=\"font-family:Times New Roman;font-size:15px\">.<\/span><\/a><\/p>\n<\/p>\n<p><span style=\"font-family:Frutiger Neue 1450 Pro Regular;font-size:15px\">Les lunettes TAMI int\u00e8grent une puissante technologie de d\u00e9tection d'obstacles dans une monture de lunettes \u00e0 la mode. Elles prot\u00e8gent des blessures dans la partie sup\u00e9rieure du corps, o\u00f9 la canne blanche n'est pas efficace.<\/span><\/p>\n<\/p>\n<p><span style=\"font-family:Frutiger Neue 1450 Pro Regular;font-size:15px\">TAMI est \u00e9tanche<\/span><span style=\"font-family:Times New Roman;font-size:15px\">,<\/span><span style=\"font-family:Frutiger Neue 1450 Pro Regular;font-size:15px\"> durable et disponible dans des designs et des couleurs de premi\u00e8re qualit\u00e9. Les lunettes sont dot\u00e9es de boutons physiques, de commandes gestuelles et de connecteurs de chargement magn\u00e9tiques.<\/span><\/p>\n<\/p>\n<p><span style=\"font-family:Frutiger Neue 1450 Pro Regular;font-size:15px\">Les lunettes TAMI de Lighthouse Tech sont un outil innovant pour les personnes souffrant d'une d\u00e9ficience visuelle. Elles combinent un design \u00e0 la mode et une technologie avanc\u00e9e de d\u00e9tection des obstacles. Les lunettes sont disponibles en trois tailles et styles diff\u00e9rents afin de s'adapter aux diff\u00e9rentes formes de visage. Elles sont dot\u00e9es d'un bo\u00eetier robuste et r\u00e9sistant aux intemp\u00e9ries (IP55) et d'une batterie lithium-ion rechargeable par USB qui permet une utilisation mobile jusqu'\u00e0 6 heures. Les lunettes ne p\u00e8sent que 60 g et sont \u00e9quip\u00e9es de verres de lunettes de soleil standard ; des verres correcteurs peuvent \u00eatre ajout\u00e9s chez un opticien.<\/span><\/p>\n<\/p>\n<\/div>","protected":false},"excerpt":{"rendered":"<p>TAMI de Lighthousetech<\/p>","protected":false},"featured_media":42221,"comment_status":"open","ping_status":"closed","template":"","meta":{"_acf_changed":false},"product_brand":[],"product_cat":[747,762],"product_tag":[],"class_list":{"0":"post-42222","1":"product","2":"type-product","3":"status-publish","4":"has-post-thumbnail","6":"product_cat-0mobilitt","7":"product_cat-747orientierungshilfen","9":"first","10":"instock","11":"taxable","12":"shipping-taxable","13":"purchasable","14":"product-type-simple"},"acf":[],"_links":{"self":[{"href":"https:\/\/shop.szblind.ch\/fr\/wp-json\/wp\/v2\/product\/42222","targetHints":{"allow":["GET"]}}],"collection":[{"href":"https:\/\/shop.szblind.ch\/fr\/wp-json\/wp\/v2\/product"}],"about":[{"href":"https:\/\/shop.szblind.ch\/fr\/wp-json\/wp\/v2\/types\/product"}],"replies":[{"embeddable":true,"href":"https:\/\/shop.szblind.ch\/fr\/wp-json\/wp\/v2\/comments?post=42222"}],"wp:featuredmedia":[{"embeddable":true,"href":"https:\/\/shop.szblind.ch\/fr\/wp-json\/wp\/v2\/media\/42221"}],"wp:attachment":[{"href":"https:\/\/shop.szblind.ch\/fr\/wp-json\/wp\/v2\/media?parent=42222"}],"wp:term":[{"taxonomy":"product_brand","embeddable":true,"href":"https:\/\/shop.szblind.ch\/fr\/wp-json\/wp\/v2\/product_brand?post=42222"},{"taxonomy":"product_cat","embeddable":true,"href":"https:\/\/shop.szblind.ch\/fr\/wp-json\/wp\/v2\/product_cat?post=42222"},{"taxonomy":"product_tag","embeddable":true,"href":"https:\/\/shop.szblind.ch\/fr\/wp-json\/wp\/v2\/product_tag?post=42222"}],"curies":[{"name":"wp","href":"https:\/\/api.w.org\/{rel}","templated":true}]}}