{"id":42223,"date":"2026-01-26T11:30:39","date_gmt":"2026-01-26T11:30:39","guid":{"rendered":"https:\/\/shop.szblind.ch\/produkt\/ersatz-antwortenkarten-lh-2518\/"},"modified":"2026-04-15T09:14:26","modified_gmt":"2026-04-15T09:14:26","slug":"cartes-reponses-de-remplacement-lh-2518","status":"publish","type":"product","link":"https:\/\/shop.szblind.ch\/fr\/produkt\/ersatz-antwortenkarten-lh-2518\/","title":{"rendered":"LH 2506"},"content":{"rendered":"<div class='html translation-block'>\n<p class=\"attachment\"><a href='https:\/\/shop.szblind.ch\/wp-content\/uploads\/2026\/01\/1177_0_1_01_109-scaled.jpg'><img loading=\"lazy\" width=\"300\" height=\"200\" src=\"https:\/\/shop.szblind.ch\/wp-content\/uploads\/2026\/01\/1177_0_1_01_109-300x200.jpg\" class=\"attachment-medium size-medium\" alt=\"01_109.jpg\" \/><\/a><\/p>\n<p><span style=\"font-family:Arial;font-size:14px\">Quatre cartes de r\u00e9ponse de remplacement de format carr\u00e9, chacune imprim\u00e9e avec l'un des quatre symboles de Lea.<\/span><\/p>\n<\/p>\n<\/div>","protected":false},"excerpt":{"rendered":"<p>LH 2506<\/p>","protected":false},"featured_media":41479,"comment_status":"open","ping_status":"closed","template":"","meta":{"_acf_changed":false},"product_brand":[],"product_cat":[756,802],"product_tag":[],"class_list":{"0":"post-42223","1":"product","2":"type-product","3":"status-publish","4":"has-post-thumbnail","6":"product_cat-0low-vision-produkte","7":"product_cat-756sehtests-ferne","9":"first","10":"instock","11":"taxable","12":"shipping-taxable","13":"purchasable","14":"product-type-simple"},"acf":[],"_links":{"self":[{"href":"https:\/\/shop.szblind.ch\/fr\/wp-json\/wp\/v2\/product\/42223","targetHints":{"allow":["GET"]}}],"collection":[{"href":"https:\/\/shop.szblind.ch\/fr\/wp-json\/wp\/v2\/product"}],"about":[{"href":"https:\/\/shop.szblind.ch\/fr\/wp-json\/wp\/v2\/types\/product"}],"replies":[{"embeddable":true,"href":"https:\/\/shop.szblind.ch\/fr\/wp-json\/wp\/v2\/comments?post=42223"}],"wp:featuredmedia":[{"embeddable":true,"href":"https:\/\/shop.szblind.ch\/fr\/wp-json\/wp\/v2\/media\/41479"}],"wp:attachment":[{"href":"https:\/\/shop.szblind.ch\/fr\/wp-json\/wp\/v2\/media?parent=42223"}],"wp:term":[{"taxonomy":"product_brand","embeddable":true,"href":"https:\/\/shop.szblind.ch\/fr\/wp-json\/wp\/v2\/product_brand?post=42223"},{"taxonomy":"product_cat","embeddable":true,"href":"https:\/\/shop.szblind.ch\/fr\/wp-json\/wp\/v2\/product_cat?post=42223"},{"taxonomy":"product_tag","embeddable":true,"href":"https:\/\/shop.szblind.ch\/fr\/wp-json\/wp\/v2\/product_tag?post=42223"}],"curies":[{"name":"wp","href":"https:\/\/api.w.org\/{rel}","templated":true}]}}