{"id":42878,"date":"2026-03-18T08:35:42","date_gmt":"2026-03-18T08:35:42","guid":{"rendered":"https:\/\/shop.szblind.ch\/produkt\/eschenbach-led-leuchte-elumentis-2\/"},"modified":"2026-04-15T09:14:50","modified_gmt":"2026-04-15T09:14:50","slug":"lampe-eschenbach-led-elumentis-2","status":"publish","type":"product","link":"https:\/\/shop.szblind.ch\/fr\/produkt\/eschenbach-led-leuchte-elumentis-2\/","title":{"rendered":"Lampe LED Eschenbach Akku Elumentis avec pied"},"content":{"rendered":"<div class='html translation-block'>\n<p class=\"attachment\"><a href='https:\/\/shop.szblind.ch\/wp-content\/uploads\/2025\/12\/c3da56c2-05da-7067-4d51-aa0f1fceff22_51_217_g.jpg'><img loading=\"lazy\" width=\"300\" height=\"192\" src=\"https:\/\/shop.szblind.ch\/wp-content\/uploads\/2025\/12\/c3da56c2-05da-7067-4d51-aa0f1fceff22_51_217_g-300x192.jpg\" class=\"attachment-medium size-medium\" alt=\"51_217_g.jpg\" \/><\/a><\/p>\n<p><span style=\"font-weight:bold;font-family:Arial;font-size:14px\">Lampe de table LED Eschenbach Elumentis<\/span><\/p>\n<p><span style=\"font-family:Arial;font-size:14px\">Reproduction fid\u00e8le et naturelle des couleurs<\/span><\/p>\n<p><span style=\"font-family:Arial;font-size:14px\">Un \u00e9clairage contrast\u00e9, homog\u00e8ne, non \u00e9blouissant, sans ombres port\u00e9es durement d\u00e9limit\u00e9es<\/span><\/p>\n<p><span style=\"font-family:Arial;font-size:14px\">Un fonctionnement simple et intuitif<\/span><\/p>.\n<p><span style=\"font-family:Arial;font-size:14px\">Grand espace sous le luminaire<\/span><\/p>\n<p><span style=\"font-family:Arial;font-size:14px\">Utilisation mobile m\u00eame dans les endroits o\u00f9 il n'y a pas de raccordement au r\u00e9seau<\/span><\/p>.\n<p><span style=\"font-family:Arial;font-size:14px\">Le c\u00e2ble d'alimentation confortablement long reste solidement install\u00e9 sur le lieu d'utilisation principal<\/span><\/p>.\n<p><span style=\"font-family:Arial;font-size:14px\">Version pour fonctionnement sur secteur et sur batterie<\/span><\/p>\n<p><span style=\"font-family:Arial;font-size:14px\">Accu s\u00e9par\u00e9 fourni, ins\u00e9rable dans le compartiment \u00e0 piles du pied de la lampe<\/span><\/p>\n<p><span style=\"font-family:Arial;font-size:14px\">La dur\u00e9e de vie de la batterie d\u00e9pend du r\u00e9glage d'\u00e9clairage choisi (dur\u00e9e minimale : 4 heures)<\/span><\/p>\n<p><span style=\"font-family:Arial;font-size:14px\">Hauteur de la lampe : max. 54 cm<\/span><\/p>\n<p><span style=\"font-family:Arial;font-size:14px\">Poids : 2,11 kg (batterie incluse)<\/span><\/p>\n<p><span style=\"font-family:Arial;font-size:14px\">Puissance absorb\u00e9e : 10 W (y compris le chargement de la batterie : 24 W)<\/span><\/p>\n<\/p>\n<\/div>","protected":false},"excerpt":{"rendered":"<p>Lampe de bureau LED Eschenbach Elumentis<\/p>","protected":false},"featured_media":4421,"comment_status":"open","ping_status":"closed","template":"","meta":{"_acf_changed":false},"product_brand":[],"product_cat":[807,756],"product_tag":[],"class_list":{"0":"post-42878","1":"product","2":"type-product","3":"status-publish","4":"has-post-thumbnail","6":"product_cat-756leuchten","7":"product_cat-0low-vision-produkte","9":"first","10":"outofstock","11":"taxable","12":"shipping-taxable","13":"purchasable","14":"product-type-simple"},"acf":[],"_links":{"self":[{"href":"https:\/\/shop.szblind.ch\/fr\/wp-json\/wp\/v2\/product\/42878","targetHints":{"allow":["GET"]}}],"collection":[{"href":"https:\/\/shop.szblind.ch\/fr\/wp-json\/wp\/v2\/product"}],"about":[{"href":"https:\/\/shop.szblind.ch\/fr\/wp-json\/wp\/v2\/types\/product"}],"replies":[{"embeddable":true,"href":"https:\/\/shop.szblind.ch\/fr\/wp-json\/wp\/v2\/comments?post=42878"}],"wp:featuredmedia":[{"embeddable":true,"href":"https:\/\/shop.szblind.ch\/fr\/wp-json\/wp\/v2\/media\/4421"}],"wp:attachment":[{"href":"https:\/\/shop.szblind.ch\/fr\/wp-json\/wp\/v2\/media?parent=42878"}],"wp:term":[{"taxonomy":"product_brand","embeddable":true,"href":"https:\/\/shop.szblind.ch\/fr\/wp-json\/wp\/v2\/product_brand?post=42878"},{"taxonomy":"product_cat","embeddable":true,"href":"https:\/\/shop.szblind.ch\/fr\/wp-json\/wp\/v2\/product_cat?post=42878"},{"taxonomy":"product_tag","embeddable":true,"href":"https:\/\/shop.szblind.ch\/fr\/wp-json\/wp\/v2\/product_tag?post=42878"}],"curies":[{"name":"wp","href":"https:\/\/api.w.org\/{rel}","templated":true}]}}