{"id":601,"date":"2025-04-11T07:09:45","date_gmt":"2025-04-11T07:09:45","guid":{"rendered":"https:\/\/pingwoo.szblind.ch\/?product=sehtests-lh-2508"},"modified":"2026-04-15T09:10:04","modified_gmt":"2026-04-15T09:10:04","slug":"tests-de-vision-lh-2508","status":"publish","type":"product","link":"https:\/\/shop.szblind.ch\/fr\/produkt\/sehtests-lh-2508\/","title":{"rendered":"LH 2508"},"content":{"rendered":"<div class='html translation-block'>\n<p class=\"attachment\"><a href='https:\/\/shop.szblind.ch\/wp-content\/uploads\/2025\/12\/881_0_1_01_735.jpg'><img loading=\"lazy\" width=\"300\" height=\"192\" src=\"https:\/\/shop.szblind.ch\/wp-content\/uploads\/2025\/12\/881_0_1_01_735-300x192.jpg\" class=\"attachment-medium size-medium\" alt=\"01_735.JPG\" \/><\/a><\/p>\n<p><span style=\"font-family:Arial;font-size:14px;color:#000000\">Il s'agit d'un test de vision rapproch\u00e9e pour les enfants \u00e0 partir de 36 mois.<\/span><\/p>\n<p><span style=\"font-family:Arial;font-size:14px;color:#000000\">Il comprend des lettres en rang\u00e9es et en groupes sur une carte stable (imprim\u00e9e des deux c\u00f4t\u00e9s).<\/span><\/p>\n<p><span style=\"font-family:Arial;font-size:14px;color:#000000\">Une cordelette de distance aide \u00e0 maintenir les distances de test de 20 cm et 40 cm.<\/span><\/p>\n<p><span style=\"font-family:Arial;font-size:14px;color:#000000\">Format : environ 25 x 20 cm<\/span><\/p>\n<\/p>\n<\/div>","protected":false},"excerpt":{"rendered":"<p>LH 2508<\/p>","protected":false},"featured_media":4593,"comment_status":"open","ping_status":"closed","template":"","meta":{"_acf_changed":false},"product_brand":[],"product_cat":[756,804],"product_tag":[],"class_list":{"0":"post-601","1":"product","2":"type-product","3":"status-publish","4":"has-post-thumbnail","6":"product_cat-0low-vision-produkte","7":"product_cat-756sehtests-nhe","9":"first","10":"instock","11":"taxable","12":"shipping-taxable","13":"purchasable","14":"product-type-simple"},"acf":[],"_links":{"self":[{"href":"https:\/\/shop.szblind.ch\/fr\/wp-json\/wp\/v2\/product\/601","targetHints":{"allow":["GET"]}}],"collection":[{"href":"https:\/\/shop.szblind.ch\/fr\/wp-json\/wp\/v2\/product"}],"about":[{"href":"https:\/\/shop.szblind.ch\/fr\/wp-json\/wp\/v2\/types\/product"}],"replies":[{"embeddable":true,"href":"https:\/\/shop.szblind.ch\/fr\/wp-json\/wp\/v2\/comments?post=601"}],"wp:featuredmedia":[{"embeddable":true,"href":"https:\/\/shop.szblind.ch\/fr\/wp-json\/wp\/v2\/media\/4593"}],"wp:attachment":[{"href":"https:\/\/shop.szblind.ch\/fr\/wp-json\/wp\/v2\/media?parent=601"}],"wp:term":[{"taxonomy":"product_brand","embeddable":true,"href":"https:\/\/shop.szblind.ch\/fr\/wp-json\/wp\/v2\/product_brand?post=601"},{"taxonomy":"product_cat","embeddable":true,"href":"https:\/\/shop.szblind.ch\/fr\/wp-json\/wp\/v2\/product_cat?post=601"},{"taxonomy":"product_tag","embeddable":true,"href":"https:\/\/shop.szblind.ch\/fr\/wp-json\/wp\/v2\/product_tag?post=601"}],"curies":[{"name":"wp","href":"https:\/\/api.w.org\/{rel}","templated":true}]}}