{"id":824,"date":"2025-04-11T07:10:58","date_gmt":"2025-04-11T07:10:58","guid":{"rendered":"https:\/\/pingwoo.szblind.ch\/produkt\/sept-familles-2\/"},"modified":"2026-04-15T09:14:34","modified_gmt":"2026-04-15T09:14:34","slug":"sept-familles-2","status":"publish","type":"product","link":"https:\/\/shop.szblind.ch\/fr\/produkt\/sept-familles-2\/","title":{"rendered":"Sept Familles Braille"},"content":{"rendered":"<div class='html translation-block'>\n<p class=\"attachment\"><a href='https:\/\/shop.szblind.ch\/wp-content\/uploads\/2026\/01\/1225_0_1_12_049.jpg'><img loading=\"lazy\" width=\"300\" height=\"180\" src=\"https:\/\/shop.szblind.ch\/wp-content\/uploads\/2026\/01\/1225_0_1_12_049-300x180.jpg\" class=\"attachment-medium size-medium\" alt=\"12_049.JPG\" \/><\/a><\/p>\n<p><span style=\"font-family:Frutiger Neue 1450 Pro Regular;font-size:16px\">Recommand\u00e9 pour les personnes atteintes de c\u00e9cit\u00e9, de d\u00e9ficience visuelle ou de surdic\u00e9cit\u00e9<\/span><\/p>.\n<p><span style=\"font-weight:bold;font-family:Frutiger Neue 1450 Pro Regular;font-size:19px\">Sp\u00e9cificit\u00e9s:<\/span><\/p>\n<p><span style=\"font-family:Frutiger Neue 1450 Pro Regular;font-size:16px\">- En braille FR<\/span><\/p>\n<p><span style=\"font-weight:bold;font-family:Frutiger Neue 1450 Pro Regular;font-size:19px\">Description:<\/span><\/p>\n<p><span style=\"font-weight:bold;font-family:Frutiger Neue 1450 Pro Regular;font-size:16px\">Dimensions : <\/span><span style=\"font-family:Frutiger Neue 1450 Pro Regular;font-size:16px\">8.5 x 5.5 cm<\/span><\/p>\n<p><span style=\"font-weight:bold;font-family:Frutiger Neue 1450 Pro Regular;font-size:16px\">Couleur : <\/span><span style=\"font-family:Frutiger Neue 1450 Pro Regular;font-size:16px\">vers bleu avec des motifs d'animaux<\/span><\/p>\n<p><span style=\"font-weight:bold;font-family:Frutiger Neue 1450 Pro Regular;font-size:16px\">Mat\u00e9riel : <\/span><span style=\"font-family:Frutiger Neue 1450 Pro Regular;font-size:16px\">plastique, carton<\/span><\/p>\n<p><span style=\"font-weight:bold;font-family:Frutiger Neue 1450 Pro Regular;font-size:16px\">Quantit\u00e9 : <\/span><span style=\"font-family:Frutiger Neue 1450 Pro Regular;font-size:16px\">42 cartes<\/span><\/p>\n<p><span style=\"font-weight:bold;font-family:Frutiger Neue 1450 Pro Regular;font-size:16px\">Langue<\/span><span style=\"font-family:Frutiger Neue 1450 Pro Regular;font-size:16px\"> : Fran\u00e7ais- Braille<\/span><\/p>\n<\/p>\n<\/div>","protected":false},"excerpt":{"rendered":"<p>Jeu des 7 familles<\/p>","protected":false},"featured_media":41771,"comment_status":"open","ping_status":"closed","template":"","meta":{"_acf_changed":false},"product_brand":[],"product_cat":[755,798],"product_tag":[],"class_list":{"0":"post-824","1":"product","2":"type-product","3":"status-publish","4":"has-post-thumbnail","6":"product_cat-0freizeit","7":"product_cat-755spielkarten","9":"first","10":"instock","11":"taxable","12":"shipping-taxable","13":"purchasable","14":"product-type-simple"},"acf":[],"_links":{"self":[{"href":"https:\/\/shop.szblind.ch\/fr\/wp-json\/wp\/v2\/product\/824","targetHints":{"allow":["GET"]}}],"collection":[{"href":"https:\/\/shop.szblind.ch\/fr\/wp-json\/wp\/v2\/product"}],"about":[{"href":"https:\/\/shop.szblind.ch\/fr\/wp-json\/wp\/v2\/types\/product"}],"replies":[{"embeddable":true,"href":"https:\/\/shop.szblind.ch\/fr\/wp-json\/wp\/v2\/comments?post=824"}],"wp:featuredmedia":[{"embeddable":true,"href":"https:\/\/shop.szblind.ch\/fr\/wp-json\/wp\/v2\/media\/41771"}],"wp:attachment":[{"href":"https:\/\/shop.szblind.ch\/fr\/wp-json\/wp\/v2\/media?parent=824"}],"wp:term":[{"taxonomy":"product_brand","embeddable":true,"href":"https:\/\/shop.szblind.ch\/fr\/wp-json\/wp\/v2\/product_brand?post=824"},{"taxonomy":"product_cat","embeddable":true,"href":"https:\/\/shop.szblind.ch\/fr\/wp-json\/wp\/v2\/product_cat?post=824"},{"taxonomy":"product_tag","embeddable":true,"href":"https:\/\/shop.szblind.ch\/fr\/wp-json\/wp\/v2\/product_tag?post=824"}],"curies":[{"name":"wp","href":"https:\/\/api.w.org\/{rel}","templated":true}]}}