{"id":966,"date":"2025-04-11T07:11:49","date_gmt":"2025-04-11T07:11:49","guid":{"rendered":"https:\/\/pingwoo.szblind.ch\/produkt\/sehtest-szb-nahseh-rahmen\/"},"modified":"2026-04-15T09:10:09","modified_gmt":"2026-04-15T09:10:09","slug":"test-de-vision-szb-monture-pour-myope","status":"publish","type":"product","link":"https:\/\/shop.szblind.ch\/fr\/produkt\/sehtest-szb-nahseh-rahmen\/","title":{"rendered":"\u00c9chantillon de lit de lame en plastique"},"content":{"rendered":"<div class='html translation-block'>\n<p class=\"attachment\"><a href='https:\/\/shop.szblind.ch\/wp-content\/uploads\/2025\/12\/886_0_1_51_952_g.jpg'><img loading=\"lazy\" width=\"262\" height=\"300\" src=\"https:\/\/shop.szblind.ch\/wp-content\/uploads\/2025\/12\/886_0_1_51_952_g-262x300.jpg\" class=\"attachment-medium size-medium\" alt=\"51_952_g.jpg\" \/><\/a><\/p>\n<p><span style=\"font-family:Arial;font-size:14px\">Cadre de fixation pour \u00e9preuves de vision de pr\u00e8s 51.952-51.961 en verre acrylique de haute qualit\u00e9, mat, lavable, hygi\u00e9nique<\/span><\/p>\n<p><span style=\"font-weight:bold;font-family:Arial;font-size:14px\">Nettoyage<\/span><span style=\"font-family:Arial;font-size:14px\"> \u00e0 l'eau savonneuse ou avec un d\u00e9sinfectant (pas avec de l'essence)<\/span><\/p>\n<p><span style=\"font-family:Arial;font-size:14px\">env. 22,4 x 21 cm<\/span><\/p>\n<\/p>\n<\/div>","protected":false},"excerpt":{"rendered":"<p>Test de vision de pr\u00e8s cadre<\/p>","protected":false},"featured_media":4596,"comment_status":"open","ping_status":"closed","template":"","meta":{"_acf_changed":false},"product_brand":[],"product_cat":[756,804],"product_tag":[],"class_list":{"0":"post-966","1":"product","2":"type-product","3":"status-publish","4":"has-post-thumbnail","6":"product_cat-0low-vision-produkte","7":"product_cat-756sehtests-nhe","9":"first","10":"instock","11":"taxable","12":"shipping-taxable","13":"purchasable","14":"product-type-simple"},"acf":[],"_links":{"self":[{"href":"https:\/\/shop.szblind.ch\/fr\/wp-json\/wp\/v2\/product\/966","targetHints":{"allow":["GET"]}}],"collection":[{"href":"https:\/\/shop.szblind.ch\/fr\/wp-json\/wp\/v2\/product"}],"about":[{"href":"https:\/\/shop.szblind.ch\/fr\/wp-json\/wp\/v2\/types\/product"}],"replies":[{"embeddable":true,"href":"https:\/\/shop.szblind.ch\/fr\/wp-json\/wp\/v2\/comments?post=966"}],"wp:featuredmedia":[{"embeddable":true,"href":"https:\/\/shop.szblind.ch\/fr\/wp-json\/wp\/v2\/media\/4596"}],"wp:attachment":[{"href":"https:\/\/shop.szblind.ch\/fr\/wp-json\/wp\/v2\/media?parent=966"}],"wp:term":[{"taxonomy":"product_brand","embeddable":true,"href":"https:\/\/shop.szblind.ch\/fr\/wp-json\/wp\/v2\/product_brand?post=966"},{"taxonomy":"product_cat","embeddable":true,"href":"https:\/\/shop.szblind.ch\/fr\/wp-json\/wp\/v2\/product_cat?post=966"},{"taxonomy":"product_tag","embeddable":true,"href":"https:\/\/shop.szblind.ch\/fr\/wp-json\/wp\/v2\/product_tag?post=966"}],"curies":[{"name":"wp","href":"https:\/\/api.w.org\/{rel}","templated":true}]}}