{"id":986,"date":"2025-04-11T07:11:53","date_gmt":"2025-04-11T07:11:53","guid":{"rendered":"https:\/\/pingwoo.szblind.ch\/produkt\/sehtest-szb-nahseh-crowding\/"},"modified":"2026-04-15T09:10:06","modified_gmt":"2026-04-15T09:10:06","slug":"examen-de-la-vue-sb-presbytie-encombrement","status":"publish","type":"product","link":"https:\/\/shop.szblind.ch\/fr\/produkt\/sehtest-szb-nahseh-crowding\/","title":{"rendered":"Test de vision de pr\u00e8s Crowding 17.2 et 2.6 minutes d'arc"},"content":{"rendered":"<div class='html translation-block'>\n<p class=\"attachment\"><a href='https:\/\/shop.szblind.ch\/wp-content\/uploads\/2025\/12\/883_0_1_51_180_g.jpg'><img loading=\"lazy\" width=\"300\" height=\"192\" src=\"https:\/\/shop.szblind.ch\/wp-content\/uploads\/2025\/12\/883_0_1_51_180_g-300x192.jpg\" class=\"attachment-medium size-medium\" alt=\"51_180_g.jpg\" \/><\/a><\/p>\n<p><span style=\"font-weight:bold;font-family:Frutiger LT 55 Roman;font-size:15px;color:#000000\">Cartes de test de vision \u00e0 ins\u00e9rer dans le cadre support 51.951<\/span><\/p>.\n<p><span style=\"font-weight:bold;font-family:Frutiger LT 55 Roman;font-size:15px;color:#000000\">Prix sp\u00e9cial en SET, voir Art. N\u00b0 51.950<\/span><\/p>\n<p><span style=\"font-weight:bold;font-family:Frutiger LT 55 Roman;font-size:15px;color:#000000\">(Le prix du SET sera pris en compte lors de la livraison\/facturation)<\/span><\/p>\n<\/p>\n<p><span>L'\u00e9preuve de vision de pr\u00e8s s'inspire du test de Birkh\u00e4user dans sa conception. La distance de test est de 32 cm.<\/span><\/p>\n<p><span style=\"font-family:Frutiger LT 55 Roman;font-size:15px;color:#000000\">Le test de Crowding sert \u00e0 v\u00e9rifier les difficult\u00e9s de s\u00e9paration visuelle.<\/span><\/p>\n<\/p>\n<\/div>","protected":false},"excerpt":{"rendered":"<p>Test de vision de pr\u00e8s crowding<\/p>","protected":false},"featured_media":4594,"comment_status":"open","ping_status":"closed","template":"","meta":{"_acf_changed":false},"product_brand":[],"product_cat":[756,804],"product_tag":[],"class_list":{"0":"post-986","1":"product","2":"type-product","3":"status-publish","4":"has-post-thumbnail","6":"product_cat-0low-vision-produkte","7":"product_cat-756sehtests-nhe","9":"first","10":"instock","11":"taxable","12":"shipping-taxable","13":"purchasable","14":"product-type-simple"},"acf":[],"_links":{"self":[{"href":"https:\/\/shop.szblind.ch\/fr\/wp-json\/wp\/v2\/product\/986","targetHints":{"allow":["GET"]}}],"collection":[{"href":"https:\/\/shop.szblind.ch\/fr\/wp-json\/wp\/v2\/product"}],"about":[{"href":"https:\/\/shop.szblind.ch\/fr\/wp-json\/wp\/v2\/types\/product"}],"replies":[{"embeddable":true,"href":"https:\/\/shop.szblind.ch\/fr\/wp-json\/wp\/v2\/comments?post=986"}],"wp:featuredmedia":[{"embeddable":true,"href":"https:\/\/shop.szblind.ch\/fr\/wp-json\/wp\/v2\/media\/4594"}],"wp:attachment":[{"href":"https:\/\/shop.szblind.ch\/fr\/wp-json\/wp\/v2\/media?parent=986"}],"wp:term":[{"taxonomy":"product_brand","embeddable":true,"href":"https:\/\/shop.szblind.ch\/fr\/wp-json\/wp\/v2\/product_brand?post=986"},{"taxonomy":"product_cat","embeddable":true,"href":"https:\/\/shop.szblind.ch\/fr\/wp-json\/wp\/v2\/product_cat?post=986"},{"taxonomy":"product_tag","embeddable":true,"href":"https:\/\/shop.szblind.ch\/fr\/wp-json\/wp\/v2\/product_tag?post=986"}],"curies":[{"name":"wp","href":"https:\/\/api.w.org\/{rel}","templated":true}]}}